{"id":117,"date":"2013-02-06T22:37:14","date_gmt":"2013-02-06T21:37:14","guid":{"rendered":"https:\/\/pkfeyerabend.org\/?page_id=117"},"modified":"2026-03-09T20:43:05","modified_gmt":"2026-03-09T19:43:05","slug":"paul-k-feyerabend","status":"publish","type":"page","link":"https:\/\/www.pkfeyerabend.org\/es\/paul-k-feyerabend\/","title":{"rendered":"Paul K. Feyerabend"},"content":{"rendered":"<p><a href=\"https:\/\/pkfeyerabend.org\/wp-content\/uploads\/2013\/02\/Paul-berkeley.jpg\"><img decoding=\"async\" loading=\"lazy\" class=\"alignnone size-full wp-image-409\" src=\"https:\/\/pkfeyerabend.org\/wp-content\/uploads\/2013\/02\/Paul-berkeley.jpg\" alt=\"Paul-berkeley\" width=\"609\" height=\"331\" srcset=\"https:\/\/www.pkfeyerabend.org\/wp-content\/uploads\/2013\/02\/Paul-berkeley.jpg 609w, https:\/\/www.pkfeyerabend.org\/wp-content\/uploads\/2013\/02\/Paul-berkeley-300x163.jpg 300w\" sizes=\"(max-width: 609px) 100vw, 609px\" \/><\/a><\/p>\n<p><strong>Paul Karl Feyerabend<\/strong> (13 de enero de 1924 \u2013 11 de febrero de 1994) ha sido uno de los fil\u00f3sofos de la ciencia m\u00e1s estimulantes del siglo XX. Nacido y criado en Viena, trabaj\u00f3 como profesor de filosof\u00eda. Ocup\u00f3 numerosos puestos, a menudo simult\u00e1neos, en instituciones acad\u00e9micas de tres continentes, como la Universidad de Bristol (1955-58), la Universidad de Stanford (1967), la London School of Economics (1967), la Universidad Libre de Berl\u00edn (1968), la Universidad de Yale (1969), el University College de Londres (1967-1970), la Universidad de Auckland (1972, 1974), la Universidad de Sussex (1974-1975) y la Universidad de Kassel (1977). Sobre todo, ense\u00f1\u00f3 durante m\u00e1s de tres d\u00e9cadas en la Universidad de California en Berkeley (1958-1990) y durante m\u00e1s de una d\u00e9cada en el Instituto Federal Suizo de Tecnolog\u00eda (ETH) de Z\u00farich (1980-1991).<\/p>\n<p>En sus a\u00f1os de formaci\u00f3n, Paul Feyerabend mantuvo contactos personales con los principales representantes de la filosof\u00eda de la ciencia contempor\u00e1nea, como los antiguos miembros del C\u00edrculo de Viena y Karl Popper, pero tambi\u00e9n con destacados cient\u00edficos como Erwin Schr\u00f6dinger y David Bohm. Fue en esto periodo un prol\u00edfico escritor sobre cuestiones te\u00f3ricas y epistemol\u00f3gicas de la f\u00edsica cu\u00e1ntica y las matem\u00e1ticas. Con el paso de los a\u00f1os, se hizo gradualmente cr\u00edtico con la filosof\u00eda de la ciencia, ganando una controvertida fama entre algunos de sus colegas, al tiempo que se hizo muy conocido entre el gran p\u00fablico por su \u00abanarquismo metodol\u00f3gico\u00bb. Bas\u00e1ndose en sus estudios de historia de la ciencia, Feyerabend rechaz\u00f3 todos los intentos racionalistas de identificar y codificar un m\u00e9todo cient\u00edfico \u00fanico. Tambi\u00e9n discuti\u00f3 y cuestion\u00f3 la idea de que la investigaci\u00f3n cient\u00edfica tiene como objetivo un\u00edvoco encontrar la \u00abVerdad\u00bb. Su obra principal \u2013 <em>Contra el m\u00e9todo<\/em> (1975)- y sus colecciones de ensayos, como <em>La ciencia en una sociedad libre<\/em> (1978), <em>Adi\u00f3s a la raz\u00f3n<\/em> (1987), <em>La conquista de la abundancia<\/em> (1999) y <em>Documentos filos\u00f3ficos<\/em> (cuatro vol\u00famenes: 1981, 1999, 2016) han sido ampliamente difundidos y traducidos en decenas de idiomas. Lo convirtieron en una figura influyente tanto en la filosof\u00eda de la ciencia como en la sociolog\u00eda del conocimiento cient\u00edfico.<\/p>\n<p>Paul Feyerabend ofreci\u00f3 una cr\u00edtica hist\u00f3ricamente fundamentada al empirismo ingenuo (por ejemplo, la idea de que las teor\u00edas cient\u00edficas se basan en \u2018hechos independientemente significativos\u2019) y su petrificaci\u00f3n dogm\u00e1tica en las teor\u00edas metodol\u00f3gicas. Introdujo el concepto de teor\u00edas \u00abinconmensurables\u00bb (es decir, teor\u00edas que no se basan en los mismos principios universales) y -con un valor social m\u00e1s directo- derrib\u00f3 el dogma de un sistema de reglas estrictamente vinculantes a toda pr\u00e1ctica cient\u00edfica valiosa.\u00a0 Como ha demostrado la historia, las ciencias prosperan cuando proliferan las teor\u00edas, las hip\u00f3tesis y los enfoques metodol\u00f3gicos, no cuando se las encierra en jaulas te\u00f3ricas. Feyerabend dej\u00f3 claro que todas las metodolog\u00edas tienen sus l\u00edmites, que los cient\u00edficos no son \u2018seguidores de reglas\u2019 sino oportunistas, y que el \u00fanico principio metodol\u00f3gico que no inhibe el progreso es el \u00abtodo vale\u00bb.\u00a0 De ello se deduce que los puntos de vista de las ciencias del momento no deben tiranizar a la gente en nombre de una supuesta \u2018racionalidad superior\u2019, sino ajustarse y responder a los valores e inclinaciones de las tradiciones culturales pertinentes.\u00a0 Si bien el llamamiento de Feyerabend a la democratizaci\u00f3n de las ciencias es claro, tambi\u00e9n lleg\u00f3 a valorar cr\u00edticamente la idea de que las tradiciones culturales pueden identificarse de forma inequ\u00edvoca.\u00a0 As\u00ed, lejos de una posici\u00f3n fuertemente relativista, argument\u00f3 que \u00abpotencialmente cualquier cultura es todas las culturas\u00bb, lo que algunos comentaristas ven como una base s\u00f3lida para su \u2018humanitarismo\u2019. Inseparable de ello, sin embargo, mantuvo a lo largo de su vida una profunda apreciaci\u00f3n por la diversidad epist\u00e9mica y cultural.<\/p>\n<p>La defensa de Feyerabend del car\u00e1cter pluralista de las ciencias, derivado tanto de los diversos valores y preocupaciones de los seres humanos como de la complejidad del mundo natural, se desarrolla en <em>La conquista de la abundancia<\/em>, obra incompleta, publicada p\u00f3stuma en 1999. Los lectores perspicaces encuentran all\u00e1 une defensa del <strong>pluralismo<\/strong> (de teor\u00edas, m\u00e9todos, tradiciones culturales y visiones generales del mundo) que es \u2018liberadora\u2019 frente a cualquier forma de totalitarismo y hegemon\u00eda intelectual o ideol\u00f3gica, y que apoya la variedad de experiencias por las que los seres humanos dan sentido al mundo (\u00ab<strong>lo real es lo que juega un papel importante en el tipo de vida que uno quiere vivir<\/strong>\u00bb).\u00a0 Para Feyerabend, la realidad b\u00e1sica del \u00abSer\u00bb puede bien ser inefable e incognoscible, pero la riqueza, la abundancia y la diversidad de las experiencias, as\u00ed como la tolerancia y la apertura que las hacen posibles, son necesarias para la prosperidad humana.\u00a0 De hecho, las condiciones para la prosperidad humana -no la b\u00fasqueda intelectual- han sido la principal preocupaci\u00f3n de Feyerabend.<\/p>\n<p>Paul Feyerabend fue un lector insaciable y un corresponsal prol\u00edfico: muchas de sus rese\u00f1as e intercambios con personalidades clave del siglo pasado est\u00e1n disponibles en papel y los vol\u00famenes de su correspondencia est\u00e1n en proceso de publicaci\u00f3n. El volumen 1 <em>Feyerabend Formative Years: Feyerabend and Popper<\/em> ha aparecido en 2020. Su obra temprana <em>Filosof\u00eda de la Naturaleza<\/em> ha sido publicada y traducida p\u00f3stumamente (2009, 2014, 2016).\u00a0 Su autobiograf\u00eda <em>Matando el Tiempo<\/em> (1994) ofrece un rico relato de su vida poco convencional y extractos de algunos mensajes grabados a su esposa (<em>Stories from Paolino\u2019s Tapes<\/em>, 2001) a\u00fan transmiten \u00ab\u2026su amor por la \u00f3pera, el teatro, el cine y el respeto, la compasi\u00f3n, la admiraci\u00f3n y la fascinaci\u00f3n que sent\u00eda por muchas personas\u00bb. Su polifac\u00e9tica personalidad se queda bien resumida en la necrol\u00f3gica que le dedic\u00f3 <a href=\"https:\/\/en.wikipedia.org\/wiki\/Ian_Hacking\">Ian Hacking<\/a>: \u00abLos humanistas, en mi sentido convencional, deben formar parte tanto de las artes como de las ciencias. Paul Feyerabend era un humanista. Tambi\u00e9n era muy divertido.\u00bb.\u00a0 En consonancia con esta interpretaci\u00f3n humanista y con las preocupaciones patentes en sus \u00faltimas obras, la <a href=\"https:\/\/www.pkfeyerabend.org\/es\/\">Fundaci\u00f3n Paul K. Feyerabend<\/a> fue creada, en 2006, en su honor.<\/p>\n<p><span lang=\"en-CH\">Aqu\u00ed pueden encontrar una p\u00e1gina web dedicada al centenario del nacimiento de Paul K. Feyerabend, con una lista de eventos conmemorativos, publicaciones, videoconferencias y mucho m\u00e1s: <a href=\"https:\/\/www.pkfcentennial.org\/\" target=\"_blank\" rel=\"noopener\" data-saferedirecturl=\"https:\/\/www.google.com\/url?q=https:\/\/www.pkfcentennial.org\/&amp;source=gmail&amp;ust=1773170599829000&amp;usg=AOvVaw3yGw6FTip4jk8OlbNnU_fV\">https:\/\/www.pkfcentennial.org\/<\/a><\/span><\/p>\n<p><span lang=\"FR\">Algunos enlaces sobre Paul y su obra<\/span> :<\/p>\n<ul>\n<li><a href=\"https:\/\/1drv.ms\/b\/s!Appr1OAHbnZOiNgSPLw_j72alXgtiQ?e=0XGXj1\">Paul Feyerabend, Humanist<\/a><\/li>\n<li><a href=\"http:\/\/www.collodel.org\/feyerabend\/\">The works of Paul Feyerabend<\/a><\/li>\n<li><a href=\"https:\/\/www.pkfeyerabend.org\/wp-content\/uploads\/2020\/05\/Motterlini-M.-Paul-K.-Feyerabend-The-Routledge-Encyclopedia-of-Philosophy.pdf\">Paul K. Feyerabend \u2013 Routledge Encyclopaedia of Philosophy<\/a><\/li>\n<li><a href=\"https:\/\/plato.stanford.edu\/entries\/feyerabend\/\">Paul K. Feyerabend \u2013 Stanford Encyclopaedia of Philosophy<\/a><\/li>\n<li><a href=\"https:\/\/en.wikipedia.org\/wiki\/Paul_Feyerabend\">https:\/\/en.wikipedia.org\/wiki\/Paul_Feyerabend<\/a><\/li>\n<li><a href=\"https:\/\/fr.wikipedia.org\/wiki\/Paul_Feyerabend\">https:\/\/fr.wikipedia.org\/wiki\/Paul_Feyerabend<\/a><\/li>\n<li><a href=\"https:\/\/es.wikipedia.org\/wiki\/Paul_Feyerabend\">https:\/\/es.wikipedia.org\/wiki\/Paul_Feyerabend<\/a><\/li>\n<li><a href=\"https:\/\/it.wikipedia.org\/wiki\/Paul_Feyerabend\">https:\/\/it.wikipedia.org\/wiki\/Paul_Feyerabend<\/a><\/li>\n<li><a href=\"https:\/\/pt.wikipedia.org\/wiki\/Paul_Feyerabend\">https:\/\/pt.wikipedia.org\/wiki\/Paul_Feyerabend<\/a><\/li>\n<li><a href=\"https:\/\/www.pkfeyerabend.org\/wp-content\/uploads\/2020\/08\/PKF-obituary-Paul-Hoyningen-Huene.pdf\">PKF obituary by Paul Hoyningen-Huene<\/a><\/li>\n<\/ul>\n<p>Algunos relatos, rese\u00f1as y an\u00e1lisis:<\/p>\n<ul>\n<li><a href=\"https:\/\/pkfeyerabend.org\/wp-content\/uploads\/2013\/02\/Ian-Hacking-s-review-of-Conquest-of-Abundance.pdf\">Ian Hacking\u2019s review of Conquest of Abundance<\/a><\/li>\n<li><a href=\"https:\/\/blogs.scientificamerican.com\/cross-check\/was-philosopher-paul-feyerabend-really-science-s-worst-enemy\/\">Horgan\u2019s Scientific American&#8211; Really Science&#8217;s \u00abWorst Enemy\u00bb?<\/a><\/li>\n<li><a href=\"https:\/\/1drv.ms\/b\/s!Appr1OAHbnZOiI4M97YT0v2bjWJW6g?e=0Iqaoy\">Hasok Chang \u2013 Feyerabend pluralist realism 2021<\/a><\/li>\n<li><a href=\"https:\/\/1drv.ms\/b\/s!Appr1OAHbnZOiI1_a_2fiVP4haCR1Q?e=Wi8loR\">Interpreting Feyerabend\u2014Critical essays<\/a><\/li>\n<li><a href=\"https:\/\/1drv.ms\/b\/s!Appr1OAHbnZOiI4AgbJftYcF8b3kMw?e=2YzFDC\">The Worst Enemy of Science?\u00a0 Essays in memory of Paul K. Feyerabend<\/a>,<\/li>\n<li><a href=\"https:\/\/medium.com\/@ian.kidd\/following-the-science-some-feyerabendian-reflections-c85a4bab7c98\">Following the science? Some Feyerabendian reflections<\/a><\/li>\n<li><a href=\"https:\/\/1drv.ms\/b\/s!Appr1OAHbnZOh4oALKeVyPDx7huSeQ?e=ccWzhR\">Pluralism and the problems of \u2018reality\u2019 in the late pkf work \u2013 Ian Kidd <\/a><\/li>\n<li><a href=\"https:\/\/1drv.ms\/b\/s!Appr1OAHbnZOh71yyK2fVZ4wtMXfQQ?e=dbz4yD\">Jamie Shaw \u2013 A Pluralism Worth Having- Feyerabend\u2019s Well-Ordered Science<\/a><\/li>\n<li><a href=\"https:\/\/pkfeyerabend.org\/wp-content\/uploads\/2013\/02\/Ian-Hacking-s-review-of-For-Against-Method.pdf\">Ian Hacking\u2019s review of For and Against Method<\/a><\/li>\n<li><a href=\"https:\/\/pkfeyerabend.org\/wp-content\/uploads\/2013\/02\/Terence-Blake-s-review-of-Paolino-s-Tapes.pdf\">Terence Blake\u2019s review of Paolino\u2019s Tapes<\/a><\/li>\n<li><a href=\"https:\/\/1drv.ms\/b\/s!Appr1OAHbnZOh5EzgnNwPzG9VOTvbg?e=OHuzVw\">Pluralismo global de Paul Feyerabend \u2014 Luis E. De Lacerda Abrahao<\/a><\/li>\n<li><a href=\"https:\/\/1drv.ms\/b\/s!Appr1OAHbnZOh78b48TU3PuMIqrfSg?e=HO7kN1\">Bas van Fraassen \u2014 Review of Conquest of Abundance<\/a><\/li>\n<li><a href=\"https:\/\/pkfeyerabend.org\/wp-content\/uploads\/2013\/02\/Baudouin-Jurdant-PKF.pdf\">Baudouin Jurdant sur Paul K. Feyerabend<\/a><\/li>\n<li><a href=\"https:\/\/1drv.ms\/b\/s!Appr1OAHbnZOh9JQCj9pmGxed5TgDA?e=wVswDJ\">Moshen Khademi \u2014 Feyerabend\u2019s Humanitarianism<\/a><\/li>\n<li><a href=\"https:\/\/1drv.ms\/b\/s!Appr1OAHbnZOh71xIa0zyaj3fvTzRQ?e=t87skd\">Kenneth Abudu \u2013Feyerabend\u2019s Epistemological Anarchism and Forms of Knowledge in African Thought<\/a><\/li>\n<li><a href=\"https:\/\/1drv.ms\/b\/s!Appr1OAHbnZOh4d-lPBZsyOUOHqULw?e=dBqWju\">Mansoor Diaz \u2014 Feyerabend\u2019s Epistemological Anarchism<\/a><\/li>\n<\/ul>\n<p>\n\t\t\t<div id='gallery-117-3' class='gallery gallery-117'>\n\t\t\t\t<div class='gallery-row gallery-col-3 gallery-clear'>\n\t\t\t\t\t<figure class='gallery-item col-3'>\n\t\t\t\t\t\t<div class='gallery-icon '><a href='https:\/\/www.pkfeyerabend.org\/wp-content\/uploads\/2013\/02\/Paul-voix.jpg'><img width=\"150\" height=\"150\" src=\"https:\/\/www.pkfeyerabend.org\/wp-content\/uploads\/2013\/02\/Paul-voix-150x150.jpg\" class=\"attachment-thumbnail size-thumbnail\" alt=\"\" decoding=\"async\" loading=\"lazy\" \/><\/a><\/div>\n\t\t\t\t\t<\/figure>\n\t\t\t\t\t<figure class='gallery-item col-3'>\n\t\t\t\t\t\t<div class='gallery-icon '><a href='https:\/\/www.pkfeyerabend.org\/wp-content\/uploads\/2013\/02\/Paul-in-Cinque-Terre.jpg'><img width=\"150\" height=\"150\" src=\"https:\/\/www.pkfeyerabend.org\/wp-content\/uploads\/2013\/02\/Paul-in-Cinque-Terre-150x150.jpg\" class=\"attachment-thumbnail size-thumbnail\" alt=\"\" decoding=\"async\" loading=\"lazy\" \/><\/a><\/div>\n\t\t\t\t\t<\/figure>\n\t\t\t\t\t<figure class='gallery-item col-3'>\n\t\t\t\t\t\t<div class='gallery-icon '><a href='https:\/\/www.pkfeyerabend.org\/wp-content\/uploads\/2013\/02\/PKF-1.jpg'><img width=\"150\" height=\"150\" src=\"https:\/\/www.pkfeyerabend.org\/wp-content\/uploads\/2013\/02\/PKF-1-150x150.jpg\" class=\"attachment-thumbnail size-thumbnail\" alt=\"\" decoding=\"async\" loading=\"lazy\" \/><\/a><\/div>\n\t\t\t\t\t<\/figure>\n\t\t\t\t<\/div>\n\t\t\t\t<div class='gallery-row gallery-col-3 gallery-clear'>\n\t\t\t\t\t<figure class='gallery-item col-3'>\n\t\t\t\t\t\t<div class='gallery-icon '><a href='https:\/\/www.pkfeyerabend.org\/wp-content\/uploads\/2013\/02\/PKF-5.jpg'><img width=\"150\" height=\"150\" src=\"https:\/\/www.pkfeyerabend.org\/wp-content\/uploads\/2013\/02\/PKF-5-150x150.jpg\" class=\"attachment-thumbnail size-thumbnail\" alt=\"\" decoding=\"async\" loading=\"lazy\" \/><\/a><\/div>\n\t\t\t\t\t<\/figure>\n\t\t\t\t\t<figure class='gallery-item col-3'>\n\t\t\t\t\t\t<div class='gallery-icon '><a href='https:\/\/www.pkfeyerabend.org\/wp-content\/uploads\/2013\/02\/pkf-netherlands.jpg'><img width=\"150\" height=\"150\" src=\"https:\/\/www.pkfeyerabend.org\/wp-content\/uploads\/2013\/02\/pkf-netherlands-150x150.jpg\" class=\"attachment-thumbnail size-thumbnail\" alt=\"\" decoding=\"async\" loading=\"lazy\" \/><\/a><\/div>\n\t\t\t\t\t<\/figure>\n\t\t\t\t\t<figure class='gallery-item col-3'>\n\t\t\t\t\t\t<div class='gallery-icon '><a href='https:\/\/www.pkfeyerabend.org\/wp-content\/uploads\/2013\/02\/pkf-spoleto.jpg'><img width=\"150\" height=\"150\" src=\"https:\/\/www.pkfeyerabend.org\/wp-content\/uploads\/2013\/02\/pkf-spoleto-150x150.jpg\" class=\"attachment-thumbnail size-thumbnail\" alt=\"\" decoding=\"async\" loading=\"lazy\" \/><\/a><\/div>\n\t\t\t\t\t<\/figure>\n\t\t\t\t<\/div>\n\t\t\t<\/div><!-- .gallery -->\n<\/p>","protected":false},"excerpt":{"rendered":"<p>Paul Karl Feyerabend (13 de enero de 1924 \u2013 11 de febrero de 1994) ha sido uno de los fil\u00f3sofos de la ciencia m\u00e1s estimulantes del siglo XX. Nacido y criado en Viena, trabaj\u00f3 como profesor de filosof\u00eda. Ocup\u00f3 numerosos&#8230;<\/p>\n","protected":false},"author":1,"featured_media":0,"parent":0,"menu_order":3,"comment_status":"open","ping_status":"open","template":"","meta":[],"_links":{"self":[{"href":"https:\/\/www.pkfeyerabend.org\/es\/wp-json\/wp\/v2\/pages\/117"}],"collection":[{"href":"https:\/\/www.pkfeyerabend.org\/es\/wp-json\/wp\/v2\/pages"}],"about":[{"href":"https:\/\/www.pkfeyerabend.org\/es\/wp-json\/wp\/v2\/types\/page"}],"author":[{"embeddable":true,"href":"https:\/\/www.pkfeyerabend.org\/es\/wp-json\/wp\/v2\/users\/1"}],"replies":[{"embeddable":true,"href":"https:\/\/www.pkfeyerabend.org\/es\/wp-json\/wp\/v2\/comments?post=117"}],"version-history":[{"count":25,"href":"https:\/\/www.pkfeyerabend.org\/es\/wp-json\/wp\/v2\/pages\/117\/revisions"}],"predecessor-version":[{"id":3166,"href":"https:\/\/www.pkfeyerabend.org\/es\/wp-json\/wp\/v2\/pages\/117\/revisions\/3166"}],"wp:attachment":[{"href":"https:\/\/www.pkfeyerabend.org\/es\/wp-json\/wp\/v2\/media?parent=117"}],"curies":[{"name":"wp","href":"https:\/\/api.w.org\/{rel}","templated":true}]}}