{"id":13,"date":"2012-08-09T21:50:52","date_gmt":"2012-08-09T19:50:52","guid":{"rendered":"https:\/\/pkfeyerabend.org\/?page_id=13"},"modified":"2026-02-06T14:34:07","modified_gmt":"2026-02-06T13:34:07","slug":"accueil","status":"publish","type":"page","link":"https:\/\/www.pkfeyerabend.org\/es\/","title":{"rendered":"La Asociaci\u00f3n"},"content":{"rendered":"<p>La Asociaci\u00f3n Paul K. Feyerabend (APKF) promueve el empoderamiento y el bienestar de las comunidades humanas desfavorecidas. Mediante el fortalecimiento de la solidaridad intra e intercomunitaria, la Asociaci\u00f3n se esfuerza por mejorar las capacidades locales, promover el respeto de los derechos humanos y mantener la diversidad cultural y biol\u00f3gica.<\/p>\n<p>La Asociaci\u00f3n, declarada oficialmente de utilidad p\u00fablica en Suiza, se cre\u00f3 en 2025. Se basa en la experiencia de la Fundaci\u00f3n Paul K. Feyerabend que, desde 2006, ha involucrado a nominadores y beneficiarios en m\u00e1s de 70 pa\u00edses, apoyando 80 <a href=\"https:\/\/www.pkfeyerabend.org\/es\/category\/projets-tous\/\">iniciativas<\/a> y honrando a 38 galardonados con el <a href=\"https:\/\/www.pkfeyerabend.org\/es\/prix-paul-k-feyerabend\/\">Premio Paul K. Feyerabend<\/a>. Las razones por las que la Fundaci\u00f3n tuvo que transformarse en una Asociaci\u00f3n se resumen brevemente <a href=\"https:\/\/www.pkfeyerabend.org\/es\/2026\/01\/28\/la-fondation-paul-k-feyerabend-a-ete-contrainte-de-se-transformer-en-association-paul-k-feyerabend-apkf\/\">aqu\u00ed<\/a>.<\/p>\n<hr \/>\n<section class=\"focus-home\">\n<div><a href=\"https:\/\/pkfeyerabend.org\/wp-content\/uploads\/2013\/04\/plaquette_en.pdf\"><img decoding=\"async\" src=\"https:\/\/pkfeyerabend.org\/wp-content\/themes\/pkf\/images\/icons\/telecharger-48.png\" alt=\"Bajar el resumen informativo\" \/>Bajar el resumen informativo<\/a><\/div>\n<div><a title=\"Apoyar a la Fundaci\u00f3n\" href=\"https:\/\/pkfeyerabend.org\/?lang=es&amp;page_id=98\"><img decoding=\"async\" src=\"https:\/\/pkfeyerabend.org\/wp-content\/themes\/pkf\/images\/icons\/soutenir-48.png\" alt=\"Apoyar a la Fundaci\u00f3n\" \/>Apoyar a la Fundaci\u00f3n<\/a><\/div>\n<div><a title=\"Contacto\" href=\"https:\/\/pkfeyerabend.org\/?lang=es&amp;page_id=9\"><img decoding=\"async\" src=\"https:\/\/pkfeyerabend.org\/wp-content\/themes\/pkf\/images\/icons\/contacter-48.png\" alt=\"Contacto\" \/>Contacto<\/a><\/div>\n<\/section>\n<p><\/p>","protected":false},"excerpt":{"rendered":"<p>La Asociaci\u00f3n Paul K. Feyerabend (APKF) promueve el empoderamiento y el bienestar de las comunidades humanas desfavorecidas. Mediante el fortalecimiento de la solidaridad intra e intercomunitaria, la Asociaci\u00f3n se esfuerza por mejorar las capacidades locales, promover el respeto de los&#8230;<\/p>\n","protected":false},"author":1,"featured_media":0,"parent":0,"menu_order":0,"comment_status":"open","ping_status":"open","template":"page-template-home.php","meta":[],"_links":{"self":[{"href":"https:\/\/www.pkfeyerabend.org\/es\/wp-json\/wp\/v2\/pages\/13"}],"collection":[{"href":"https:\/\/www.pkfeyerabend.org\/es\/wp-json\/wp\/v2\/pages"}],"about":[{"href":"https:\/\/www.pkfeyerabend.org\/es\/wp-json\/wp\/v2\/types\/page"}],"author":[{"embeddable":true,"href":"https:\/\/www.pkfeyerabend.org\/es\/wp-json\/wp\/v2\/users\/1"}],"replies":[{"embeddable":true,"href":"https:\/\/www.pkfeyerabend.org\/es\/wp-json\/wp\/v2\/comments?post=13"}],"version-history":[{"count":62,"href":"https:\/\/www.pkfeyerabend.org\/es\/wp-json\/wp\/v2\/pages\/13\/revisions"}],"predecessor-version":[{"id":3147,"href":"https:\/\/www.pkfeyerabend.org\/es\/wp-json\/wp\/v2\/pages\/13\/revisions\/3147"}],"wp:attachment":[{"href":"https:\/\/www.pkfeyerabend.org\/es\/wp-json\/wp\/v2\/media?parent=13"}],"curies":[{"name":"wp","href":"https:\/\/api.w.org\/{rel}","templated":true}]}}