{"id":150,"date":"2013-02-06T22:51:14","date_gmt":"2013-02-06T21:51:14","guid":{"rendered":"https:\/\/pkfeyerabend.org\/?page_id=150"},"modified":"2026-01-27T21:08:13","modified_gmt":"2026-01-27T20:08:13","slug":"mentions-legales","status":"publish","type":"page","link":"https:\/\/www.pkfeyerabend.org\/es\/mentions-legales\/","title":{"rendered":"Legal"},"content":{"rendered":"<p class=\"qtranxs-available-languages-message qtranxs-available-languages-message-es\">Disculpa, pero esta entrada est\u00e1 disponible s\u00f3lo en <a href=\"https:\/\/www.pkfeyerabend.org\/fr\/wp-json\/wp\/v2\/pages\/150\" class=\"qtranxs-available-language-link qtranxs-available-language-link-fr\" title=\"Fran\u00e7ais\">Franc\u00e9s<\/a>.<\/p>","protected":false},"excerpt":{"rendered":"<p>Disculpa, pero esta entrada est\u00e1 disponible s\u00f3lo en Franc\u00e9s.<\/p>\n","protected":false},"author":1,"featured_media":0,"parent":0,"menu_order":8,"comment_status":"closed","ping_status":"closed","template":"","meta":[],"_links":{"self":[{"href":"https:\/\/www.pkfeyerabend.org\/es\/wp-json\/wp\/v2\/pages\/150"}],"collection":[{"href":"https:\/\/www.pkfeyerabend.org\/es\/wp-json\/wp\/v2\/pages"}],"about":[{"href":"https:\/\/www.pkfeyerabend.org\/es\/wp-json\/wp\/v2\/types\/page"}],"author":[{"embeddable":true,"href":"https:\/\/www.pkfeyerabend.org\/es\/wp-json\/wp\/v2\/users\/1"}],"replies":[{"embeddable":true,"href":"https:\/\/www.pkfeyerabend.org\/es\/wp-json\/wp\/v2\/comments?post=150"}],"version-history":[{"count":9,"href":"https:\/\/www.pkfeyerabend.org\/es\/wp-json\/wp\/v2\/pages\/150\/revisions"}],"predecessor-version":[{"id":3135,"href":"https:\/\/www.pkfeyerabend.org\/es\/wp-json\/wp\/v2\/pages\/150\/revisions\/3135"}],"wp:attachment":[{"href":"https:\/\/www.pkfeyerabend.org\/es\/wp-json\/wp\/v2\/media?parent=150"}],"curies":[{"name":"wp","href":"https:\/\/api.w.org\/{rel}","templated":true}]}}