{"id":2011,"date":"2020-12-16T22:59:56","date_gmt":"2020-12-16T21:59:56","guid":{"rendered":"https:\/\/www.pkfeyerabend.org\/?page_id=2011"},"modified":"2026-02-06T14:49:31","modified_gmt":"2026-02-06T13:49:31","slug":"pour-les-nominateurs","status":"publish","type":"page","link":"https:\/\/www.pkfeyerabend.org\/es\/accueil\/pour-les-nominateurs\/","title":{"rendered":"Para los Nominadores"},"content":{"rendered":"<p><a href=\"https:\/\/www.pkfeyerabend.org\/wp-content\/uploads\/2020\/12\/DSCN1600-scaled.jpg\"><img decoding=\"async\" loading=\"lazy\" class=\"aligncenter wp-image-2012 size-single-thumbnail\" src=\"https:\/\/www.pkfeyerabend.org\/wp-content\/uploads\/2020\/12\/DSCN1600-636x310.jpg\" alt=\"\" width=\"636\" height=\"310\" \/><\/a><\/p>\n<p>La APKF ofrece <strong><em>subvenciones <\/em><\/strong>a organizaciones, comunidades o personas que propongan <strong><em>iniciativas convincentes que fomenten la solidaridad dentro y entre las comunidades de manera ejemplar, innovadora y sostenible<\/em><\/strong>. Las subvenciones son de un m\u00e1ximo de 10 000 francos suizos para iniciativas de una duraci\u00f3n de entre uno y dos a\u00f1os. Las iniciativas que soliciten cantidades inferiores recibir\u00e1n una atenci\u00f3n especial.<\/p>\n<p>La asociaci\u00f3n tambi\u00e9n puede ofrecer el <strong><em>Premio Paul K. Feyerabend <\/em><\/strong>(subtitulado <strong>\u00ab<em>un mundo solidario es posible<\/em>\u00bb<\/strong>). El premio reconoce a <strong><em>las organizaciones, comunidades o personas que han logrado resultados excepcionalmente inspiradores a trav\u00e9s de y para la solidaridad comunitaria<\/em><\/strong>. El premio consiste en una combinaci\u00f3n de reconocimiento econ\u00f3mico, un recuerdo f\u00edsico y, en ocasiones, una invitaci\u00f3n para viajar y compartir con otros la experiencia que ha dado lugar al premio y las lecciones aprendidas. La cantidad econ\u00f3mica que se entrega como parte del premio es variable.<\/p>\n<p>La asociaci\u00f3n identifica los proyectos mediante un enfoque de dos niveles, para lo cual se ruega a los nominadores que utilicen los formularios de subvenci\u00f3n de la A<em>PKF y <\/em>los formularios de premio de la A<em>PKF que pueden descargar a continuaci\u00f3n.<\/em><\/p>\n<p>Se ruega a todos los nominadores que <strong><em>difundan la informaci\u00f3n dentro de sus redes <\/em><\/strong>sobre las subvenciones que ofrece la asociaci\u00f3n y que <strong><em>faciliten el formulario de subvenci\u00f3n solo a las organizaciones en las que conf\u00edan.<\/em><\/strong><\/p>\n<p>Las organizaciones, comunidades y personas interesadas en solicitarla deber\u00e1n rellenar el formulario de subvenci\u00f3n de la PKF y enviarlo a sus nominadores. Al final del formulario de subvenci\u00f3n, hay un espacio reservado para que los nominadores <strong><em>expresen sus opiniones y consideraciones<\/em><\/strong> sobre los criterios que utilizar\u00e1 la asociaci\u00f3n para evaluar la iniciativa. Solo si los <em>nominadores<\/em> reciben propuestas que consideran dignas de atenci\u00f3n y apoyo, se les ruega que <strong><em>las remitan <\/em><\/strong>a la Asociaci\u00f3n. Por favor, h\u00e1ganlo lo antes posible en un a\u00f1o natural <strong><em>antes de la fecha l\u00edmite anual.<\/em><\/strong><\/p>\n<p>La asociaci\u00f3n solo tendr\u00e1 en cuenta <em>las <\/em>propuestas presentadas por uno o varios nominadores y que incluyan sus evaluaciones. Se examinar\u00e1n <em>todas las <\/em>propuestas presentadas por los nominadores.<\/p>\n<p>A diferencia de los formularios de subvenci\u00f3n de la APKF, <strong><em>los formularios del Premio PKF deben ser rellenados \u00edntegramente por uno o varios nominadores<\/em><\/strong>. Los nominadores deben mantener la <strong><em>confidencialidad<\/em><\/strong> de sus nominaciones.<\/p>\n<p>La fecha l\u00edmite para presentar las nominaciones para las subvenciones de la APKF y\/o el Premio PKF <em>2026<\/em> es el<strong><em> 31 de mayo de 2026.<\/em><\/strong><\/p>\n<p>Los formularios para presentar una solicitud de subvenci\u00f3n o una nominaci\u00f3n para el Premio APKF en 2026 se pueden descargar a continuaci\u00f3n. Si tiene alg\u00fan problema, <a href=\"https:\/\/www.pkfeyerabend.org\/es\/contactez-nous\/\">p\u00f3ngase en contacto<\/a> con nosotros y solicite expl\u00edcitamente el idioma que necesita.<\/p>\n<ul>\n<li><a href=\"https:\/\/1drv.ms\/w\/c\/4e766e07e0d46b9a\/IQCFHdvTsGUoSYY7_t2ZLJ9cAema1lwvR_E-2r-NepjE8qA?e=dH3w56\">Formulario para solicitar una subvenci\u00f3n APKF 2026<\/a><\/li>\n<\/ul>\n<ul>\n<li><a href=\"https:\/\/1drv.ms\/w\/c\/4e766e07e0d46b9a\/IQDBtqkTSBdSQ7OBc5q5_bFIAdX5YKmYoAuAD_1mdk7tZXs?e=d37gbt\">Formulario para proponer un candidato para el Premio PKF 2026<\/a><\/li>\n<\/ul>\n<p><\/p>","protected":false},"excerpt":{"rendered":"<p>La APKF ofrece subvenciones a organizaciones, comunidades o personas que propongan iniciativas convincentes que fomenten la solidaridad dentro y entre las comunidades de manera ejemplar, innovadora y sostenible. Las subvenciones son de un m\u00e1ximo de 10 000 francos suizos para&#8230;<\/p>\n","protected":false},"author":1,"featured_media":0,"parent":13,"menu_order":4,"comment_status":"closed","ping_status":"closed","template":"","meta":[],"_links":{"self":[{"href":"https:\/\/www.pkfeyerabend.org\/es\/wp-json\/wp\/v2\/pages\/2011"}],"collection":[{"href":"https:\/\/www.pkfeyerabend.org\/es\/wp-json\/wp\/v2\/pages"}],"about":[{"href":"https:\/\/www.pkfeyerabend.org\/es\/wp-json\/wp\/v2\/types\/page"}],"author":[{"embeddable":true,"href":"https:\/\/www.pkfeyerabend.org\/es\/wp-json\/wp\/v2\/users\/1"}],"replies":[{"embeddable":true,"href":"https:\/\/www.pkfeyerabend.org\/es\/wp-json\/wp\/v2\/comments?post=2011"}],"version-history":[{"count":9,"href":"https:\/\/www.pkfeyerabend.org\/es\/wp-json\/wp\/v2\/pages\/2011\/revisions"}],"predecessor-version":[{"id":3153,"href":"https:\/\/www.pkfeyerabend.org\/es\/wp-json\/wp\/v2\/pages\/2011\/revisions\/3153"}],"up":[{"embeddable":true,"href":"https:\/\/www.pkfeyerabend.org\/es\/wp-json\/wp\/v2\/pages\/13"}],"wp:attachment":[{"href":"https:\/\/www.pkfeyerabend.org\/es\/wp-json\/wp\/v2\/media?parent=2011"}],"curies":[{"name":"wp","href":"https:\/\/api.w.org\/{rel}","templated":true}]}}