{"id":2017,"date":"2020-12-27T12:06:01","date_gmt":"2020-12-27T11:06:01","guid":{"rendered":"https:\/\/www.pkfeyerabend.org\/?page_id=2017"},"modified":"2026-02-06T14:51:40","modified_gmt":"2026-02-06T13:51:40","slug":"le-conseil-de-la-fondation","status":"publish","type":"page","link":"https:\/\/www.pkfeyerabend.org\/es\/accueil\/le-conseil-de-la-fondation\/","title":{"rendered":"Miembros fundadores de la asociaci\u00f3n"},"content":{"rendered":"<p><a href=\"https:\/\/www.pkfeyerabend.org\/wp-content\/uploads\/2013\/06\/two-people-talking.jpg\"><img decoding=\"async\" loading=\"lazy\" class=\"size-full wp-image-382 alignnone\" src=\"https:\/\/www.pkfeyerabend.org\/wp-content\/uploads\/2013\/06\/two-people-talking.jpg\" alt=\"\" width=\"636\" height=\"300\" srcset=\"https:\/\/www.pkfeyerabend.org\/wp-content\/uploads\/2013\/06\/two-people-talking.jpg 636w, https:\/\/www.pkfeyerabend.org\/wp-content\/uploads\/2013\/06\/two-people-talking-300x141.jpg 300w\" sizes=\"(max-width: 636px) 100vw, 636px\" \/><\/a><\/p>\n<p>Los miembros fundadores de la Asociaci\u00f3n Paul K. Feyerabend son siete personas con experiencia profesional y compromiso con los temas que preocupan a la asociaci\u00f3n. Les une la amistad, una larga colaboraci\u00f3n y un sentido compartido de lo que la asociaci\u00f3n debe lograr. Cuentan con el apoyo de un gestor inform\u00e1tico voluntario de gran competencia y generosidad. Aqu\u00ed est\u00e1n sus fotos durante una reuni\u00f3n online celebrada en 2020.<\/p>\n<p><a href=\"https:\/\/www.pkfeyerabend.org\/wp-content\/uploads\/2020\/12\/board.png\"><img decoding=\"async\" loading=\"lazy\" class=\"alignleft size-medium_large wp-image-2018\" src=\"https:\/\/www.pkfeyerabend.org\/wp-content\/uploads\/2020\/12\/board-768x454.png\" alt=\"\" width=\"768\" height=\"454\" \/><\/a><\/p>","protected":false},"excerpt":{"rendered":"<p>Los miembros fundadores de la Asociaci\u00f3n Paul K. Feyerabend son siete personas con experiencia profesional y compromiso con los temas que preocupan a la asociaci\u00f3n. Les une la amistad, una larga colaboraci\u00f3n y un sentido compartido de lo que la&#8230;<\/p>\n","protected":false},"author":1,"featured_media":0,"parent":13,"menu_order":5,"comment_status":"closed","ping_status":"closed","template":"","meta":[],"_links":{"self":[{"href":"https:\/\/www.pkfeyerabend.org\/es\/wp-json\/wp\/v2\/pages\/2017"}],"collection":[{"href":"https:\/\/www.pkfeyerabend.org\/es\/wp-json\/wp\/v2\/pages"}],"about":[{"href":"https:\/\/www.pkfeyerabend.org\/es\/wp-json\/wp\/v2\/types\/page"}],"author":[{"embeddable":true,"href":"https:\/\/www.pkfeyerabend.org\/es\/wp-json\/wp\/v2\/users\/1"}],"replies":[{"embeddable":true,"href":"https:\/\/www.pkfeyerabend.org\/es\/wp-json\/wp\/v2\/comments?post=2017"}],"version-history":[{"count":5,"href":"https:\/\/www.pkfeyerabend.org\/es\/wp-json\/wp\/v2\/pages\/2017\/revisions"}],"predecessor-version":[{"id":3154,"href":"https:\/\/www.pkfeyerabend.org\/es\/wp-json\/wp\/v2\/pages\/2017\/revisions\/3154"}],"up":[{"embeddable":true,"href":"https:\/\/www.pkfeyerabend.org\/es\/wp-json\/wp\/v2\/pages\/13"}],"wp:attachment":[{"href":"https:\/\/www.pkfeyerabend.org\/es\/wp-json\/wp\/v2\/media?parent=2017"}],"curies":[{"name":"wp","href":"https:\/\/api.w.org\/{rel}","templated":true}]}}