{"id":2271,"date":"2021-08-02T22:01:16","date_gmt":"2021-08-02T20:01:16","guid":{"rendered":"https:\/\/www.pkfeyerabend.org\/?page_id=2271"},"modified":"2022-11-03T10:29:54","modified_gmt":"2022-11-03T09:29:54","slug":"a-site-with-a-view-a-foundation-with-vision","status":"publish","type":"page","link":"https:\/\/www.pkfeyerabend.org\/es\/a-site-with-a-view-a-foundation-with-vision\/","title":{"rendered":"Un sitio con vista"},"content":{"rendered":"<p><a href=\"https:\/\/www.pkfeyerabend.org\/wp-content\/uploads\/2021\/08\/IMG_7384-Copy-scaled.jpg\"><img decoding=\"async\" loading=\"lazy\" class=\"size-medium_large wp-image-2272 alignnone\" src=\"https:\/\/www.pkfeyerabend.org\/wp-content\/uploads\/2021\/08\/IMG_7384-Copy-768x420.jpg\" alt=\"\" width=\"768\" height=\"420\" srcset=\"https:\/\/www.pkfeyerabend.org\/wp-content\/uploads\/2021\/08\/IMG_7384-Copy-768x420.jpg 768w, https:\/\/www.pkfeyerabend.org\/wp-content\/uploads\/2021\/08\/IMG_7384-Copy-300x164.jpg 300w, https:\/\/www.pkfeyerabend.org\/wp-content\/uploads\/2021\/08\/IMG_7384-Copy-1024x560.jpg 1024w, https:\/\/www.pkfeyerabend.org\/wp-content\/uploads\/2021\/08\/IMG_7384-Copy-1536x841.jpg 1536w, https:\/\/www.pkfeyerabend.org\/wp-content\/uploads\/2021\/08\/IMG_7384-Copy-2048x1121.jpg 2048w\" sizes=\"(max-width: 768px) 100vw, 768px\" \/><\/a><\/p>\n<table>\n<tbody>\n<tr>\n<td><strong>Elige tu idioma :<\/strong><\/td>\n<td><a href=\"https:\/\/www.pkfeyerabend.org\/fr\/a-site-with-a-view-a-foundation-with-vision\/\"><img decoding=\"async\" loading=\"lazy\" class=\"size-full wp-image-2302 alignnone\" src=\"https:\/\/www.pkfeyerabend.org\/wp-content\/uploads\/2021\/08\/fr.png\" alt=\"\" width=\"25\" height=\"15\" \/><\/a><\/td>\n<td><a href=\"https:\/\/www.pkfeyerabend.org\/en\/a-site-with-a-view-a-foundation-with-vision\/\"><img decoding=\"async\" loading=\"lazy\" class=\"alignnone size-full wp-image-2303\" src=\"https:\/\/www.pkfeyerabend.org\/wp-content\/uploads\/2021\/08\/gb.png\" alt=\"\" width=\"25\" height=\"15\" \/><\/a><\/td>\n<td><a href=\"https:\/\/www.pkfeyerabend.org\/es\/a-site-with-a-view-a-foundation-with-vision\/\"><img decoding=\"async\" loading=\"lazy\" class=\"alignnone size-full wp-image-2301\" src=\"https:\/\/www.pkfeyerabend.org\/wp-content\/uploads\/2021\/08\/es.png\" alt=\"\" width=\"25\" height=\"15\" \/><\/a><\/td>\n<\/tr>\n<\/tbody>\n<\/table>\n<p>Es posible que Usted haya llegado a esta p\u00e1gina tras escanear un c\u00f3digo QR en el sitio ilustrado aqu\u00ed, que ha sido donado para uso p\u00fablico en memoria de Paul K. Feyerabend. \u00a1Esperamos que disfrute de la vista! Si se pregunta qui\u00e9n fue Paul K. Feyerabend, qu\u00e9 hace la Fundaci\u00f3n Paul K. Feyerabend o por qu\u00e9 se ha elegido el rinoceronte de Durero como s\u00edmbolo del centenario, por favor hagan clic en los siguientes enlaces :<\/p>\n<ul>\n<li style=\"list-style-type: none;\">\n<ul>\n<li><a href=\"https:\/\/www.pkfeyerabend.org\/es\/\">Un sitio con vista&#8230; \u00a1una Fundaci\u00f3n con visi\u00f3n !<\/a><\/li>\n<li><a href=\"https:\/\/www.pkfeyerabend.org\/es\/paul-k-feyerabend\/\">\u00bf Qui\u00e9n estuve Paul K. Feyerabend ?<\/a><\/li>\n<li><a href=\"https:\/\/www.pkfeyerabend.org\/es\/a-site-with-a-view-a-foundation-with-vision\/pourquoi-le-rhinoceros-de-durer\/\">\u00bfPor qu\u00e9 el rinoceronte de Durero?<\/a><\/li>\n<\/ul>\n<\/li>\n<\/ul>\n<p>&nbsp;<\/p>","protected":false},"excerpt":{"rendered":"<p>Elige tu idioma : Es posible que Usted haya llegado a esta p\u00e1gina tras escanear un c\u00f3digo QR en el sitio ilustrado aqu\u00ed, que ha sido donado para uso p\u00fablico en memoria de Paul K. Feyerabend. \u00a1Esperamos que disfrute de&#8230;<\/p>\n","protected":false},"author":1,"featured_media":0,"parent":0,"menu_order":5,"comment_status":"closed","ping_status":"closed","template":"","meta":[],"_links":{"self":[{"href":"https:\/\/www.pkfeyerabend.org\/es\/wp-json\/wp\/v2\/pages\/2271"}],"collection":[{"href":"https:\/\/www.pkfeyerabend.org\/es\/wp-json\/wp\/v2\/pages"}],"about":[{"href":"https:\/\/www.pkfeyerabend.org\/es\/wp-json\/wp\/v2\/types\/page"}],"author":[{"embeddable":true,"href":"https:\/\/www.pkfeyerabend.org\/es\/wp-json\/wp\/v2\/users\/1"}],"replies":[{"embeddable":true,"href":"https:\/\/www.pkfeyerabend.org\/es\/wp-json\/wp\/v2\/comments?post=2271"}],"version-history":[{"count":35,"href":"https:\/\/www.pkfeyerabend.org\/es\/wp-json\/wp\/v2\/pages\/2271\/revisions"}],"predecessor-version":[{"id":2669,"href":"https:\/\/www.pkfeyerabend.org\/es\/wp-json\/wp\/v2\/pages\/2271\/revisions\/2669"}],"wp:attachment":[{"href":"https:\/\/www.pkfeyerabend.org\/es\/wp-json\/wp\/v2\/media?parent=2271"}],"curies":[{"name":"wp","href":"https:\/\/api.w.org\/{rel}","templated":true}]}}