{"id":2428,"date":"2021-11-20T20:40:56","date_gmt":"2021-11-20T19:40:56","guid":{"rendered":"https:\/\/www.pkfeyerabend.org\/?page_id=2428"},"modified":"2026-02-06T15:04:42","modified_gmt":"2026-02-06T14:04:42","slug":"tableau-dhonneur-des-soutiens-de-la-solidarite-communautaire","status":"publish","type":"page","link":"https:\/\/www.pkfeyerabend.org\/es\/soutenir-la-fondation\/tableau-dhonneur-des-soutiens-de-la-solidarite-communautaire\/","title":{"rendered":"Cuadro de honor de los partidarios de la solidaridad comunitaria"},"content":{"rendered":"<p><div id=\"attachment_2438\" style=\"width: 360px\" class=\"wp-caption alignright\"><a href=\"https:\/\/www.pkfeyerabend.org\/wp-content\/uploads\/2021\/11\/certificate-scaled.jpg\"><img aria-describedby=\"caption-attachment-2438\" decoding=\"async\" loading=\"lazy\" class=\" wp-image-2438\" src=\"https:\/\/www.pkfeyerabend.org\/wp-content\/uploads\/2021\/11\/certificate-224x300.jpg\" alt=\"Gift certificate\" width=\"350\" height=\"468\" srcset=\"https:\/\/www.pkfeyerabend.org\/wp-content\/uploads\/2021\/11\/certificate-224x300.jpg 224w, https:\/\/www.pkfeyerabend.org\/wp-content\/uploads\/2021\/11\/certificate-765x1024.jpg 765w, https:\/\/www.pkfeyerabend.org\/wp-content\/uploads\/2021\/11\/certificate-768x1027.jpg 768w, https:\/\/www.pkfeyerabend.org\/wp-content\/uploads\/2021\/11\/certificate-1148x1536.jpg 1148w, https:\/\/www.pkfeyerabend.org\/wp-content\/uploads\/2021\/11\/certificate-1531x2048.jpg 1531w, https:\/\/www.pkfeyerabend.org\/wp-content\/uploads\/2021\/11\/certificate-scaled.jpg 1913w\" sizes=\"(max-width: 350px) 100vw, 350px\" \/><\/a><p id=\"caption-attachment-2438\" class=\"wp-caption-text\">Obra de arte donada por Hernan Rodas Martinez, laureado con el premio Paul K Feyerabend 2007<\/p><\/div><\/p>\n<h3>La Asociaci\u00f3n Paul K. Feyerabend agradece a los siguientes partidarios de la diversidad biol\u00f3gica y cultural y la solidaridad comunitaria (ellos hicieron una donaci\u00f3n o una donaci\u00f3n fue hecha en su nombre):<\/h3>\n<table width=\"100%\">\n<tbody>\n<tr>\n<td width=\"16%\"><\/td>\n<td width=\"73%\"><\/td>\n<td width=\"10%\"><\/td>\n<\/tr>\n<tr>\n<td width=\"16%\"><strong>Apellido<\/strong><\/td>\n<td width=\"73%\"><strong>Para el proyecto<\/strong><\/td>\n<td width=\"10%\"><strong>Fecha de donaci\u00f3n<\/strong><\/td>\n<\/tr>\n<tr>\n<td width=\"16%\">Don Gianluca Galantini<\/td>\n<td width=\"73%\"><a href=\"https:\/\/www.pkfeyerabend.org\/es\/2025\/11\/27\/les-enfants-travailleurs-de-paute-maintiennent-leur-association-de-solidarite-ils-apprennent-ils-trouvent-des-occasions-de-detente-et-ils-aident-les-personnes-agees-defavorisees-de-leur-communaute\/\">Los ni\u00f1os trabajadores de Paute mantienen su asociaci\u00f3n solidaria: aprenden, disfrutan de actividades recreativas y ayudan a las personas mayores desfavorecidas de su comunidad<\/a><\/td>\n<td width=\"10%\">Dec 2025<\/td>\n<\/tr>\n<tr>\n<td width=\"16%\"><\/td>\n<td width=\"73%\"><\/td>\n<td width=\"10%\"><\/td>\n<\/tr>\n<tr>\n<td width=\"16%\">Jacopo Lerici<\/td>\n<td width=\"73%\"><a href=\"https:\/\/www.pkfeyerabend.org\/fr\/2024\/09\/16\/le-prix-paul-k-feyerabend-2024-a-la-solidarite-a-gaza-cinq-exemples-de-solidarite-humaine-a-gaza-qui-devraient-inspirer-le-monde-entier\/\">Cinq exemples de solidarit\u00e9 humaine \u00e0 Gaza qui devraient inspirer le monde entier<\/a><\/td>\n<td width=\"10%\">Dec 2024<\/td>\n<\/tr>\n<tr>\n<td width=\"16%\"><\/td>\n<td width=\"73%\"><\/td>\n<td width=\"10%\"><\/td>\n<\/tr>\n<tr>\n<td width=\"16%\">Aurora Borrini<\/td>\n<td width=\"73%\"><a href=\"https:\/\/www.pkfeyerabend.org\/es\/2024\/10\/08\/petit-soutien-pour-poursuivre-les-echanges-intercommunautaires-avec-le-territoire-de-vie-emblematique-de-kawawana-casamance-senegal\/\">Los intercambios intercomunitarios con el emblem\u00e1tico territorio de vida de Kawawana (Casamance, Senegal)<\/a><\/td>\n<td width=\"10%\">Dec 2024<\/td>\n<\/tr>\n<tr>\n<td width=\"16%\"><\/td>\n<td width=\"73%\"><\/td>\n<td width=\"10%\"><\/td>\n<\/tr>\n<tr>\n<td width=\"16%\">Giorgio &amp; Alice<\/td>\n<td width=\"73%\"><a href=\"https:\/\/www.pkfeyerabend.org\/es\/2024\/09\/16\/renforcer-la-communication-et-la-solidarite-entre-les-communautes-matsigenka-afin-quelles-puissent-orienter-les-politiques-et-les-pratiques-de-conservation-et-de-developpement-dans-le-parc-national\/\">Fortalecer la comunicaci\u00f3n y la solidaridad entre las comunidades Matsigenka para que puedan orientar seg\u00fan valores culturales propios las pol\u00edticas y las pr\u00e1cticas de conservaci\u00f3n y desarrollo en el Parque Nacional del Manu (Per\u00fa)<\/a><\/td>\n<td width=\"10%\">Dec 2024<\/td>\n<\/tr>\n<tr>\n<td width=\"16%\"><\/td>\n<td width=\"73%\"><\/td>\n<td width=\"10%\"><\/td>\n<\/tr>\n<tr>\n<td width=\"16%\">Giada &amp; Giorgio Romano<\/td>\n<td width=\"73%\"><a href=\"https:\/\/www.pkfeyerabend.org\/es\/2024\/09\/16\/quatre-communautes-de-la-republique-centra-africaine-renforcent-leur-solidarite-et-cohesion-sociale-en-consolidant-les-liens-avec-le-territoire-de-vie-quelles-partagent-et-en-cherchant-a-mie\/\">Cuatro comunidades de la Rep\u00fablica Centroafricana refuerzan su solidaridad y cohesi\u00f3n social consolidando sus v\u00ednculos con el territorio de vida que comparten y tratan de defenderse m\u00e1s eficazmente de las amenazas externas<\/a><\/td>\n<td width=\"10%\">Dec 2024<\/td>\n<\/tr>\n<tr>\n<td width=\"16%\"><\/td>\n<td width=\"73%\"><\/td>\n<td width=\"10%\"><\/td>\n<\/tr>\n<tr>\n<td width=\"16%\">Daria &amp; Ettore<\/td>\n<td width=\"73%\"><a href=\"https:\/\/www.pkfeyerabend.org\/es\/2024\/09\/16\/english-advancing-the-advocacy-agency-and-wellbeing-of-ethnic-and-linguistic-minorities-in-zimbabwe\/\">Las minor\u00edas \u00e9tnicas de Zimbabue aplican t\u00e9cnicas no violentas para reclamar sus derechos, empezando con un poco de \u00abaceite de confianza\u00bb para lubricar sus luchas<\/a><\/td>\n<td width=\"10%\">Dec 2024<\/td>\n<\/tr>\n<tr>\n<td width=\"16%\"><\/td>\n<td width=\"73%\"><\/td>\n<td width=\"10%\"><\/td>\n<\/tr>\n<tr>\n<td width=\"16%\">Janine y Raymond Olff<\/td>\n<td width=\"73%\"><a href=\"https:\/\/www.pkfeyerabend.org\/es\/2024\/09\/16\/le-prix-paul-k-feyerabend-2024-a-la-solidarite-a-gaza-cinq-exemples-de-solidarite-humaine-a-gaza-qui-devraient-inspirer-le-monde-entier\/\">Cinco ejemplos de solidaridad humana en Gaza que deber\u00edan inspirar al mundo entero<\/a><\/td>\n<td width=\"10%\">Oct 2024<\/td>\n<\/tr>\n<tr>\n<td width=\"16%\"><\/td>\n<td width=\"73%\"><\/td>\n<td width=\"10%\"><\/td>\n<\/tr>\n<tr>\n<td width=\"16%\">Matteo Collodel<\/td>\n<td width=\"73%\"><a href=\"https:\/\/www.pkfeyerabend.org\/es\/2024\/10\/06\/trois-communautes-du-haut-atlas-marocain-sont-aidees-a-sengager-dans-la-recherche-action-et-a-agir-pour-lavenir-quelles-souhaitent-notamment-par-le-plaidoyer-politique-de-leurs-propres-priorite\/\">Tres comunidades del Alto Atlas marroqu\u00ed reciben ayuda para participar en la investigaci\u00f3n-acci\u00f3n y actuar en pro del futuro que desean, entre otras cosas abogando por sus propias prioridades politicas<\/a><\/td>\n<td width=\"10%\">Oct 2024<\/td>\n<\/tr>\n<tr>\n<td width=\"16%\"><\/td>\n<td width=\"73%\"><\/td>\n<td width=\"10%\"><\/td>\n<\/tr>\n<tr>\n<td width=\"16%\">Mike Stuart<\/td>\n<td width=\"73%\"><a href=\"https:\/\/www.pkfeyerabend.org\/es\/2024\/09\/22\/luniversite-ya-misak-a-guambia-colombie-tisser-les-liens-entre-cosmovision-et-economie-autonomie-et-spiritualite-savoirs-locaux-et-renforcement-organisationnel\/\">La Ya-Misak Universidad en Guamb\u00eda (Colombia)\u2014 tejiendo cosmovisi\u00f3n y econom\u00eda, autonom\u00eda y espiritualidad, conocimientos propios y fortalecimiento organizativo<\/a><\/td>\n<td width=\"10%\">Oct 2024<\/td>\n<\/tr>\n<tr>\n<td width=\"16%\"><\/td>\n<td width=\"73%\"><\/td>\n<td width=\"10%\"><\/td>\n<\/tr>\n<tr>\n<td width=\"16%\">Jean Marie Hermant<\/td>\n<td width=\"73%\"><a href=\"https:\/\/www.pkfeyerabend.org\/es\/2023\/10\/03\/engager-la-recherche-action-participative-pour-renforcer-un-reseau-de-solidarite-mutuelle-vers-la-mediation-et-la-paix-a-gulu-ouganda\/\">Investigaci\u00f3n-acci\u00f3n participativa para reforzar una red de solidaridad mutua hacia la mediaci\u00f3n y la paz en Gulu (Uganda)<\/a><\/td>\n<td width=\"10%\">Mai 2023<\/td>\n<\/tr>\n<tr>\n<td width=\"16%\"><\/td>\n<td width=\"73%\"><\/td>\n<td width=\"10%\"><\/td>\n<\/tr>\n<tr>\n<td width=\"16%\">Maude von Roten Mueller<\/td>\n<td width=\"73%\"><a href=\"https:\/\/www.pkfeyerabend.org\/es\/2023\/10\/03\/construire-un-plan-de-vie-pour-renforcer-la-gouvernance-environnementale-communautaire-marine-cotiere-de-la-commune-ancestrale-de-puerto-cabuyal-equateur\/\">Construyendo un Plan de Vida para fortalecer la gobernanza ambiental comunitaria de la Comuna Ancestral Marino Costera de Puerto Cabuyal (Ecuador)<\/a><\/td>\n<td width=\"10%\">Jan 2023<\/td>\n<\/tr>\n<tr>\n<td width=\"16%\"><\/td>\n<td width=\"73%\"><\/td>\n<td width=\"10%\"><\/td>\n<\/tr>\n<tr>\n<td width=\"16%\">Prof. Michael Mueller<\/td>\n<td width=\"73%\"><a href=\"https:\/\/www.pkfeyerabend.org\/es\/2022\/08\/17\/anuradha-mittal-soutenir-les-opprimes-et-denoncer-laccaparement-des-terres-par-des-recherches-meticuleuses-un-plaidoyer-tenace-et-un-activisme-sans-faille\/\">Anuradha Mittal: apoyar a los oprimidos y denunciar el acaparamiento de tierras con una investigaci\u00f3n meticulosa, una defensa tenaz y un activismo inquebrantable.<\/a><\/td>\n<td width=\"10%\">Oct 2022<\/td>\n<\/tr>\n<tr>\n<td width=\"16%\"><\/td>\n<td width=\"73%\"><\/td>\n<td width=\"10%\"><\/td>\n<\/tr>\n<tr>\n<td width=\"16%\">Dr. Chinh Linh Quang<\/td>\n<td width=\"73%\"><a href=\"https:\/\/www.pkfeyerabend.org\/es\/2022\/08\/17\/josefina-antonieta-tunki-tiris-premiere-femme-presidente-du-peuple-shuar-arutam-dequateur-courageuse-defenseuse-de-son-territoire-de-vie-face-a-lindustrie-miniere-polluante\/\">Josefina Antonieta Tunki Tiris\u2014 primera mujer Presidenta del pueblo Shuar Arutam de Ecuador, valiente defensora de su territorio de vida frente a la miner\u00eda contaminante.<\/a><\/td>\n<td width=\"10%\">Oct 2022<\/td>\n<\/tr>\n<tr>\n<td width=\"16%\"><\/td>\n<td width=\"73%\"><\/td>\n<td width=\"10%\"><\/td>\n<\/tr>\n<tr>\n<td width=\"16%\">Tilman Jaeger<\/td>\n<td width=\"73%\"><a href=\"https:\/\/www.pkfeyerabend.org\/es\/2022\/08\/17\/un-processus-de-solidarite-permanente-protege-les-connaissances-ancestrales-et-les-semences-autochtones-a-ajuluco-de-tenancingo-buena-vista-et-animas-de-santa-cruz-michapa-el-salvador\/\">Un proceso de \u2018solidaridad permanente\u2019 protege el conocimiento ancestral ind\u00edgena y las semillas nativas en Ajuluco de Tenancingo, Buena Vista y Animas de Santa Cruz Michapa (El Salvador)<\/a><\/td>\n<td width=\"10%\">Oct 2022<\/td>\n<\/tr>\n<tr>\n<td width=\"16%\"><\/td>\n<td width=\"73%\"><\/td>\n<td width=\"10%\"><\/td>\n<\/tr>\n<tr>\n<td width=\"16%\">Lisa et Jean-Fred M.<\/td>\n<td width=\"73%\"><a href=\"https:\/\/www.pkfeyerabend.org\/es\/2021\/09\/03\/soutenir-de-maniere-pratique-la-force-spirituelle-des-femmes-zomo-newen-pour-proteger-notre-territoire-mapuche-dans-le-sud-du-chili\/\">Sostener de manera practica la fuerza espiritual de las mujeres (zomo newen) para proteger nuestro territorio mapuche en el sur del Chile.<\/a><\/td>\n<td width=\"10%\">Dec 2021<\/td>\n<\/tr>\n<tr>\n<td width=\"16%\"><\/td>\n<td width=\"73%\"><\/td>\n<td width=\"10%\"><\/td>\n<\/tr>\n<tr>\n<td width=\"16%\">Maria &amp; Mark H.<\/td>\n<td width=\"73%\"><a href=\"https:\/\/www.pkfeyerabend.org\/es\/2019\/10\/06\/securite-et-solidarite-vont-de-pair-pour-la-communaute-adiwasi-baiga-de-linde-centrale\/\">Seguridad y solidaridad van juntas para la comunidad Adivasi de Baiga (India central)<\/a><\/td>\n<td width=\"10%\">Dec 2021<\/td>\n<\/tr>\n<tr>\n<td width=\"16%\"><\/td>\n<td width=\"73%\"><\/td>\n<td width=\"10%\"><\/td>\n<\/tr>\n<tr>\n<td width=\"16%\">Daria &amp; Ettore<\/td>\n<td width=\"73%\"><a href=\"https:\/\/www.pkfeyerabend.org\/es\/2020\/08\/29\/solidarite-entre-villages-et-securite-economique-grace-a-lapiculture-et-au-controle-de-qualite-participatif-a-xiengkuang-rdp-lao\/\">Solidaridad entre pueblos y seguridad econ\u00f3mica a trav\u00e9s de la apicultura y del control de calidad participativo en Xiengkuang (Rep\u00fablica Democr\u00e1tica Popular Lao)<\/a><\/td>\n<td width=\"10%\">Dec 2021<\/td>\n<\/tr>\n<tr>\n<td width=\"16%\"><\/td>\n<td width=\"73%\"><\/td>\n<td width=\"10%\"><\/td>\n<\/tr>\n<tr>\n<td width=\"16%\">Benjamin R.<\/td>\n<td width=\"73%\"><a href=\"https:\/\/www.pkfeyerabend.org\/2021\/12\/01\/des-guardias-indigenas-auto-organisees-protegeront-le-territoire-de-vie-du-peuple-shipibo-konibo-xetebo-en-amazonie-peruvienne\/\">Un grupo autoorganizado de Guardias ind\u00edgenas protege el territorio de vida del pueblo Shipibo-Konibo-Xetebo en la Amazonia peruana<\/a><\/td>\n<td width=\"10%\">Dec 2021<\/td>\n<\/tr>\n<tr>\n<td width=\"16%\"><\/td>\n<td width=\"73%\"><\/td>\n<td width=\"10%\"><\/td>\n<\/tr>\n<tr>\n<td width=\"16%\">Aurora B.<\/td>\n<td width=\"73%\"><a href=\"https:\/\/www.pkfeyerabend.org\/2021\/09\/21\/les-enfants-et-les-jeunes-des-peuples-pastoraux-du-comte-disiolo-kenya-apprennent-de-leurs-aines-a-devenir-les-gardiens-du-patrimoine-culturel-et-naturel\/\">Los ni\u00f1os y j\u00f3venes de los pueblos pastores del condado de Isiolo (Kenia) aprenden de sus mayores a ser custodios del patrimonio cultural y natural<\/a><\/td>\n<td width=\"10%\">Nov 2021<\/td>\n<\/tr>\n<tr>\n<td width=\"16%\"><\/td>\n<td width=\"73%\"><\/td>\n<td width=\"10%\"><\/td>\n<\/tr>\n<tr>\n<td width=\"16%\">Gianfranco &amp; Alina<\/td>\n<td width=\"73%\"><a href=\"https:\/\/www.pkfeyerabend.org\/2019\/10\/06\/securiser-les-territoires-de-vie-pour-soutenir-les-peuples-autochtones-mobiles-et-conserver-la-nature-en-iran-une-initiative-en-memoire-et-a-lhonneur-du-dr-m-taghi-farvar\/\">Asegurar los territorios de vida para sostener los pueblos ind\u00edgenas m\u00f3viles y conservar la naturaleza en Ir\u00e1n: una iniciativa en memoria y honor del Dr. M. Taghi Farvar<\/a><\/td>\n<td width=\"10%\">Nov 2021<\/td>\n<\/tr>\n<tr>\n<td width=\"16%\"><\/td>\n<td width=\"73%\"><\/td>\n<td width=\"10%\"><\/td>\n<\/tr>\n<tr>\n<td width=\"16%\">Giorgio B.<\/td>\n<td width=\"73%\"><a href=\"https:\/\/www.pkfeyerabend.org\/es\/2019\/10\/01\/english-lottie-cunningham-2019-paul-k-feyerabend-award\/\">Lottie Cunningham Wren: promoviendo la solidaridad mutua y los derechos humanos para defender la vida, la cultura y la naturaleza del pueblo Miskito de Nicaragua.<\/a><\/td>\n<td width=\"10%\">Nov 2021<\/td>\n<\/tr>\n<tr>\n<td width=\"16%\"><\/td>\n<td width=\"73%\"><\/td>\n<td width=\"10%\"><\/td>\n<\/tr>\n<tr>\n<td width=\"16%\">Giada B.<\/td>\n<td width=\"73%\"><a href=\"https:\/\/www.pkfeyerabend.org\/2021\/09\/03\/banque-demplois-autogeree-par-des-femmes-et-les-jeunes-autochtones-et-metisses-dans-une-peripherie-urbaine-du-chiapas-mexique\/\">Bolsa de trabajo autogestionada por mujeres y j\u00f3venes ind\u00edgenas y mestiza en una periferia urbana en Chiapas (M\u00e9xico)<\/a><\/td>\n<td width=\"10%\">Nov 2021<\/td>\n<\/tr>\n<tr>\n<td width=\"16%\"><\/td>\n<td width=\"73%\"><\/td>\n<td width=\"10%\"><\/td>\n<\/tr>\n<tr>\n<td width=\"16%\">Mauro, Patrizia &amp; Jacopo<\/td>\n<td width=\"73%\"><a href=\"https:\/\/www.pkfeyerabend.org\/2021\/09\/03\/les-communautes-de-minorites-ethniques-et-linguistiques-renforcent-leur-solidarite-pour-se-defendre-et-defendre-leurs-territoires-contre-lexpansion-des-industries-extractives-au-zimbabwe\/\">Las comunidades de minor\u00edas \u00e9tnicas y ling\u00fc\u00edsticas refuerzan su solidaridad para defenderse a s\u00ed mismas y a sus territorios de la expansi\u00f3n de las industrias extractivas en Zimbabue<\/a><\/td>\n<td width=\"10%\">Nov 2021<\/td>\n<\/tr>\n<tr>\n<td width=\"16%\"><\/td>\n<td width=\"73%\"><\/td>\n<td width=\"10%\"><\/td>\n<\/tr>\n<tr>\n<td width=\"16%\">Sandro &amp; Sara<\/td>\n<td width=\"73%\"><a href=\"https:\/\/www.pkfeyerabend.org\/en\/2020\/08\/29\/radio-communautaire-de-brisas-del-sur-renforcer-la-gouvernance-locale-et-autochtone-dans-la-communaute-mapuche-chono-antunen-rain-sur-la-cote-daysen-au-chili\/\">Radio Comunitaria Brisas del Sur: fortaleciendo la gobernanza local e ind\u00edgena de la comunidad mapuche-chono Antunen Rain en el Litoral de Ays\u00e9n, Chile<\/a><\/td>\n<td width=\"10%\">Nov 2021<\/td>\n<\/tr>\n<tr>\n<td width=\"16%\"><\/td>\n<td width=\"73%\"><\/td>\n<td width=\"10%\"><\/td>\n<\/tr>\n<tr>\n<td width=\"16%\">Christian &amp; Sylvie<\/td>\n<td width=\"73%\"><a href=\"https:\/\/www.pkfeyerabend.org\/2019\/10\/06\/valoriser-les-savoirs-et-les-pratiques-traditionnelles-alimentaires-des-peuples-autochtones-pygmees-de-la-region-des-grands-lacs-rdc\/\">Mejorando el conocimiento y las pr\u00e1cticas alimentarias tradicionales de los ind\u00edgenas Bambuti en la Regi\u00f3n de los Grandes Lagos, RDC<\/a><\/td>\n<td width=\"10%\">Sept 2021<\/td>\n<\/tr>\n<tr>\n<td width=\"16%\"><\/td>\n<td width=\"73%\"><\/td>\n<td width=\"10%\"><\/td>\n<\/tr>\n<tr>\n<td width=\"16%\">Ghanimat A.<\/td>\n<td width=\"73%\"><a href=\"https:\/\/www.pkfeyerabend.org\/2019\/10\/06\/securiser-les-territoires-de-vie-pour-soutenir-les-peuples-autochtones-mobiles-et-conserver-la-nature-en-iran-une-initiative-en-memoire-et-a-lhonneur-du-dr-m-taghi-farvar\/\">Asegurar los territorios de vida para sostener los pueblos ind\u00edgenas m\u00f3viles y conservar la naturaleza en Ir\u00e1n: una iniciativa en memoria y honor del Dr. M. Taghi Farvar<\/a><\/td>\n<td width=\"10%\">2020<\/td>\n<\/tr>\n<\/tbody>\n<\/table>\n<p><\/p>","protected":false},"excerpt":{"rendered":"<p>La Asociaci\u00f3n Paul K. Feyerabend agradece a los siguientes partidarios de la diversidad biol\u00f3gica y cultural y la solidaridad comunitaria (ellos hicieron una donaci\u00f3n o una donaci\u00f3n fue hecha en su nombre): Apellido Para el proyecto Fecha de donaci\u00f3n Don&#8230;<\/p>\n","protected":false},"author":1,"featured_media":0,"parent":98,"menu_order":1,"comment_status":"closed","ping_status":"closed","template":"","meta":[],"_links":{"self":[{"href":"https:\/\/www.pkfeyerabend.org\/es\/wp-json\/wp\/v2\/pages\/2428"}],"collection":[{"href":"https:\/\/www.pkfeyerabend.org\/es\/wp-json\/wp\/v2\/pages"}],"about":[{"href":"https:\/\/www.pkfeyerabend.org\/es\/wp-json\/wp\/v2\/types\/page"}],"author":[{"embeddable":true,"href":"https:\/\/www.pkfeyerabend.org\/es\/wp-json\/wp\/v2\/users\/1"}],"replies":[{"embeddable":true,"href":"https:\/\/www.pkfeyerabend.org\/es\/wp-json\/wp\/v2\/comments?post=2428"}],"version-history":[{"count":35,"href":"https:\/\/www.pkfeyerabend.org\/es\/wp-json\/wp\/v2\/pages\/2428\/revisions"}],"predecessor-version":[{"id":3156,"href":"https:\/\/www.pkfeyerabend.org\/es\/wp-json\/wp\/v2\/pages\/2428\/revisions\/3156"}],"up":[{"embeddable":true,"href":"https:\/\/www.pkfeyerabend.org\/es\/wp-json\/wp\/v2\/pages\/98"}],"wp:attachment":[{"href":"https:\/\/www.pkfeyerabend.org\/es\/wp-json\/wp\/v2\/media?parent=2428"}],"curies":[{"name":"wp","href":"https:\/\/api.w.org\/{rel}","templated":true}]}}