{"id":2650,"date":"2022-10-28T15:21:00","date_gmt":"2022-10-28T13:21:00","guid":{"rendered":"https:\/\/www.pkfeyerabend.org\/?page_id=2650"},"modified":"2022-11-22T20:13:37","modified_gmt":"2022-11-22T19:13:37","slug":"pourquoi-le-rhinoceros-de-durer","status":"publish","type":"page","link":"https:\/\/www.pkfeyerabend.org\/es\/a-site-with-a-view-a-foundation-with-vision\/pourquoi-le-rhinoceros-de-durer\/","title":{"rendered":"\u00bfPor qu\u00e9 el rinoceronte de Durero?"},"content":{"rendered":"<p><a href=\"https:\/\/www.pkfeyerabend.org\/wp-content\/uploads\/2021\/06\/PKF2024_logo_BT.png\"><img decoding=\"async\" loading=\"lazy\" class=\"size-medium_large wp-image-2218 alignnone\" src=\"https:\/\/www.pkfeyerabend.org\/wp-content\/uploads\/2021\/06\/PKF2024_logo_BT-768x772.png\" alt=\"Logo PKF Centennial\" width=\"768\" height=\"772\" srcset=\"https:\/\/www.pkfeyerabend.org\/wp-content\/uploads\/2021\/06\/PKF2024_logo_BT-768x772.png 768w, https:\/\/www.pkfeyerabend.org\/wp-content\/uploads\/2021\/06\/PKF2024_logo_BT-298x300.png 298w, https:\/\/www.pkfeyerabend.org\/wp-content\/uploads\/2021\/06\/PKF2024_logo_BT-150x150.png 150w, https:\/\/www.pkfeyerabend.org\/wp-content\/uploads\/2021\/06\/PKF2024_logo_BT.png 892w\" sizes=\"(max-width: 768px) 100vw, 768px\" \/><\/a><\/p>\n<p>El rinoceronte que aparece en el logotipo del centenario de Feyerabend est\u00e1 inspirado en una famosa xilograf\u00eda realizada en 1515 por el artista alem\u00e1n Alberto Durero. La obra de Durero no se bas\u00f3 en un animal vivo, sino en descripciones y bocetos de segunda mano del primer rinoceronte transportado vivo a Europa. La imagen es, pues, una creaci\u00f3n entre lo \u00abreal\u00bb y lo \u00abimaginario\u00bb, que sigue siendo para muchos m\u00e1s impresionante que lo \u00abreal\u00bb.\u00a0 La historia se cuenta en estos fascinantes documentales: <a href=\"https:\/\/www.youtube.com\/watch?v=IPthhO4YU28\">parte 1<\/a>, <a href=\"https:\/\/www.youtube.com\/watch?v=WsQCo04O97w\">parte 2<\/a><\/p>\n<p>El logotipo ha sido preparado por Matteo Collodel a partir de estas dos citas (in\u00e9ditas) de la correspondencia Feyerabend-Lakatos:<\/p>\n<ol>\n<li>\u00abPD: Descubrimiento m\u00e1s reciente: despu\u00e9s de un cuidadoso estudio de unos 10 libros sobre Rinocerontes he llegado a la conclusi\u00f3n de que la imagen de Duerer sigue siendo la mejor, y mejor que las fotograf\u00edas\u00bb. (Feyerabend a Lakatos, primavera de 1969).<\/li>\n<li>\u00abTu postal de poliedros me ha dado una idea: mandar\u00e9 hacer una postal con Rinocerontes, mi s\u00edmbolo\u00bb. (Feyerabend a Lakatos, primavera de 1970).<\/li>\n<\/ol>\n<p>&nbsp;<\/p>","protected":false},"excerpt":{"rendered":"<p>El rinoceronte que aparece en el logotipo del centenario de Feyerabend est\u00e1 inspirado en una famosa xilograf\u00eda realizada en 1515 por el artista alem\u00e1n Alberto Durero. La obra de Durero no se bas\u00f3 en un animal vivo, sino en descripciones&#8230;<\/p>\n","protected":false},"author":1,"featured_media":0,"parent":2271,"menu_order":0,"comment_status":"closed","ping_status":"closed","template":"","meta":[],"_links":{"self":[{"href":"https:\/\/www.pkfeyerabend.org\/es\/wp-json\/wp\/v2\/pages\/2650"}],"collection":[{"href":"https:\/\/www.pkfeyerabend.org\/es\/wp-json\/wp\/v2\/pages"}],"about":[{"href":"https:\/\/www.pkfeyerabend.org\/es\/wp-json\/wp\/v2\/types\/page"}],"author":[{"embeddable":true,"href":"https:\/\/www.pkfeyerabend.org\/es\/wp-json\/wp\/v2\/users\/1"}],"replies":[{"embeddable":true,"href":"https:\/\/www.pkfeyerabend.org\/es\/wp-json\/wp\/v2\/comments?post=2650"}],"version-history":[{"count":3,"href":"https:\/\/www.pkfeyerabend.org\/es\/wp-json\/wp\/v2\/pages\/2650\/revisions"}],"predecessor-version":[{"id":2674,"href":"https:\/\/www.pkfeyerabend.org\/es\/wp-json\/wp\/v2\/pages\/2650\/revisions\/2674"}],"up":[{"embeddable":true,"href":"https:\/\/www.pkfeyerabend.org\/es\/wp-json\/wp\/v2\/pages\/2271"}],"wp:attachment":[{"href":"https:\/\/www.pkfeyerabend.org\/es\/wp-json\/wp\/v2\/media?parent=2650"}],"curies":[{"name":"wp","href":"https:\/\/api.w.org\/{rel}","templated":true}]}}