{"id":57,"date":"2012-11-29T00:02:43","date_gmt":"2012-11-28T22:02:43","guid":{"rendered":"https:\/\/pkfeyerabend.org\/?page_id=57"},"modified":"2020-07-06T09:45:43","modified_gmt":"2020-07-06T07:45:43","slug":"prix-paul-k-feyerabend","status":"publish","type":"page","link":"https:\/\/www.pkfeyerabend.org\/es\/prix-paul-k-feyerabend\/","title":{"rendered":"El Premio"},"content":{"rendered":"<p>La Fundaci\u00f3n destaca y honra la labor excepcionalmente exitosa para la solidaridad dentro de las comunidades o entre ellas, otorgando una vez al a\u00f1o el \u00abPremio Paul K. Feyerabend &#8211; <em>Un mundo solidario es posible.<\/em>\u00bb El premio reconoce y alienta los logros notables que representan una verdadera fuente de inspiraci\u00f3n.<\/p>\n<p>El premio se ofrece a personas, comunidades u organizaciones ejemplares que hayan logrado un cambio crucial y duradero para la solidaridad comunitaria en circunstancias dif\u00edciles. Cada premio consta de una placa\/certificado y un peque\u00f1o sobre financiero.<\/p>\n<p>M\u00e1s all\u00e1 del reconocimiento concreto de la labor realizada, el objetivo del Premio Paul K. Feyerabend es difundir informaci\u00f3n sobre la viabilidad y los resultados positivos de la labor centrada en la solidaridad. Por ello, el premio suele ser entregado por el Nominador o Nominadores pertinentes durante una ceremonia p\u00fablica.<\/p>\n<p><a href=\"https:\/\/pkfeyerabend.org\/wp-content\/uploads\/2012\/11\/Sculpture-de-E.-Krahenbul.jpg\"><img decoding=\"async\" loading=\"lazy\" class=\"aligncenter size-medium wp-image-27\" alt=\"Sculpture de E. Krahenbul\" src=\"https:\/\/pkfeyerabend.org\/wp-content\/uploads\/2012\/11\/Sculpture-de-E.-Krahenbul-300x270.jpg\" width=\"300\" height=\"270\" srcset=\"https:\/\/www.pkfeyerabend.org\/wp-content\/uploads\/2012\/11\/Sculpture-de-E.-Krahenbul-300x270.jpg 300w, https:\/\/www.pkfeyerabend.org\/wp-content\/uploads\/2012\/11\/Sculpture-de-E.-Krahenbul.jpg 531w\" sizes=\"(max-width: 300px) 100vw, 300px\" \/><\/a><\/p>\n<p><a href=\"https:\/\/pkfeyerabend.org\/wp-content\/uploads\/2013\/06\/DSC00189.jpg\"><img decoding=\"async\" loading=\"lazy\" src=\"https:\/\/pkfeyerabend.org\/wp-content\/uploads\/2013\/06\/DSC00189-300x225.jpg\" alt=\"Sculpture de Etienne Kr\u00e4henb\u00fchl\" width=\"300\" height=\"225\" class=\"aligncenter size-medium wp-image-414\" srcset=\"https:\/\/www.pkfeyerabend.org\/wp-content\/uploads\/2013\/06\/DSC00189-300x225.jpg 300w, https:\/\/www.pkfeyerabend.org\/wp-content\/uploads\/2013\/06\/DSC00189-1024x768.jpg 1024w, https:\/\/www.pkfeyerabend.org\/wp-content\/uploads\/2013\/06\/DSC00189.jpg 1632w\" sizes=\"(max-width: 300px) 100vw, 300px\" \/><\/a><\/p>\n<p>Obra realizada especialmente para el premio Paul K. Feyerabend <a title=\"Etienne Kr\u00e4henb\u00fchl\" href=\"https:\/\/www.ekl.ch\" target=\"_blank\" rel=\"noopener noreferrer\">por el artista Suizo Etienne Kr\u00e4henb\u00fchl.<\/a><\/p>","protected":false},"excerpt":{"rendered":"<p>La Fundaci\u00f3n destaca y honra la labor excepcionalmente exitosa para la solidaridad dentro de las comunidades o entre ellas, otorgando una vez al a\u00f1o el \u00abPremio Paul K. Feyerabend &#8211; Un mundo solidario es posible.\u00bb El premio reconoce y alienta&#8230;<\/p>\n","protected":false},"author":1,"featured_media":0,"parent":0,"menu_order":2,"comment_status":"open","ping_status":"open","template":"page-template-laureats.php","meta":[],"_links":{"self":[{"href":"https:\/\/www.pkfeyerabend.org\/es\/wp-json\/wp\/v2\/pages\/57"}],"collection":[{"href":"https:\/\/www.pkfeyerabend.org\/es\/wp-json\/wp\/v2\/pages"}],"about":[{"href":"https:\/\/www.pkfeyerabend.org\/es\/wp-json\/wp\/v2\/types\/page"}],"author":[{"embeddable":true,"href":"https:\/\/www.pkfeyerabend.org\/es\/wp-json\/wp\/v2\/users\/1"}],"replies":[{"embeddable":true,"href":"https:\/\/www.pkfeyerabend.org\/es\/wp-json\/wp\/v2\/comments?post=57"}],"version-history":[{"count":20,"href":"https:\/\/www.pkfeyerabend.org\/es\/wp-json\/wp\/v2\/pages\/57\/revisions"}],"predecessor-version":[{"id":1770,"href":"https:\/\/www.pkfeyerabend.org\/es\/wp-json\/wp\/v2\/pages\/57\/revisions\/1770"}],"wp:attachment":[{"href":"https:\/\/www.pkfeyerabend.org\/es\/wp-json\/wp\/v2\/media?parent=57"}],"curies":[{"name":"wp","href":"https:\/\/api.w.org\/{rel}","templated":true}]}}