{"id":93,"date":"2013-02-06T22:17:43","date_gmt":"2013-02-06T21:17:43","guid":{"rendered":"https:\/\/pkfeyerabend.org\/?page_id=93"},"modified":"2026-02-06T14:38:32","modified_gmt":"2026-02-06T13:38:32","slug":"objectifs","status":"publish","type":"page","link":"https:\/\/www.pkfeyerabend.org\/es\/accueil\/objectifs\/","title":{"rendered":"Nuestros objetivos"},"content":{"rendered":"<p><a href=\"https:\/\/pkfeyerabend.org\/wp-content\/uploads\/2013\/06\/two-people-talking.jpg\"><img decoding=\"async\" loading=\"lazy\" class=\"alignnone size-full wp-image-382\" src=\"https:\/\/pkfeyerabend.org\/wp-content\/uploads\/2013\/06\/two-people-talking.jpg\" alt=\"two-people-talking\" width=\"636\" height=\"300\" srcset=\"https:\/\/www.pkfeyerabend.org\/wp-content\/uploads\/2013\/06\/two-people-talking.jpg 636w, https:\/\/www.pkfeyerabend.org\/wp-content\/uploads\/2013\/06\/two-people-talking-300x141.jpg 300w\" sizes=\"(max-width: 636px) 100vw, 636px\" \/><\/a><\/p>\n<p><strong>Nuestros objetivos<\/strong><\/p>\n<p>La Asociaci\u00f3n lleva el nombre de <a href=\"https:\/\/www.pkfeyerabend.org\/es\/paul-k-feyerabend\/\">Paul K. Feyerabend<\/a>, un fil\u00f3sofo cr\u00edtico e historiador de la ciencia que vivi\u00f3 y trabaj\u00f3 en el siglo XX. Paul Feyerabend fue un firme defensor de la tolerancia, la empat\u00eda y la solidaridad humana, valores m\u00e1s importantes que las \u00abverdades\u00bb que a menudo imponen individuos y grupos incapaces de ver sus propios prejuicios y limitaciones. Inspirada por sus ideas, la Asociaci\u00f3n intenta seguir tambi\u00e9n su estilo de trabajo, apreciando sinceramente la complejidad de la experiencia humana y rechazando tanto la tiran\u00eda de la \u00abRaz\u00f3n\u00bb como la imposici\u00f3n de m\u00e9todos.<\/p>\n<p>La Asociaci\u00f3n Paul K. Feyerabend <strong>promueve la justicia social, los derechos humanos, la diversidad biocultural y el empoderamiento y el bienestar de las comunidades humanas a trav\u00e9s de la solidaridad comunitaria y la ayuda mutua, as\u00ed como a trav\u00e9s de la reflexi\u00f3n, la organizaci\u00f3n y la acci\u00f3n colectivas.<\/strong><\/p>\n<p>Siguiendo un objetivo de inter\u00e9s p\u00fablico y excluyendo cualquier fin lucrativo o comercial, la Asociaci\u00f3n trabaja en apoyo de la solidaridad humana en comunidades desfavorecidas, centr\u00e1ndose en el fortalecimiento de sus capacidades para analizar sus situaciones y actuar con autodeterminaci\u00f3n. Dichas capacidades pueden desarrollarse, fortalecerse y valorarse para mejorar la vida de las personas y conservar su entorno natural. La interacci\u00f3n entre la APKF y las comunidades las involucra en la solidaridad como responsables conjuntos de la toma de decisiones y actores, nunca como destinatarios de iniciativas concebidas en otros lugares, respetando las identidades culturales locales y facilitando al mismo tiempo el an\u00e1lisis cr\u00edtico de los principios de todas las culturas.<\/p>\n<p>Aunque la APKF trabaja principalmente, aunque no de forma exclusiva, en el Sur Global, es muy consciente de las dificultades a las que se enfrentan actualmente las peque\u00f1as organizaciones de la sociedad civil que trabajan en solidaridad con el Sur Global. Debido a estas dificultades, los estatutos de la Asociaci\u00f3n aclaran que cualquier desembolso a pa\u00edses del Sur se realizar\u00e1 <em>en colaboraci\u00f3n <\/em>con otras fundaciones y asociaciones suizas y europeas que compartan los objetivos de la asociaci\u00f3n, pero que tengan capacidades complementarias (por ejemplo, facilidad para establecer relaciones financieras en el \u00e1mbito internacional).<\/p>\n<p>La asociaci\u00f3n \u00absucede\u00bb a la Fundaci\u00f3n Paul K. Feyerabend, benefici\u00e1ndose de su experiencia (80 iniciativas y 38 premios en 20 a\u00f1os de actividad) y de su red de nominadores (m\u00e1s de 200 personas en 70 pa\u00edses). La Fundaci\u00f3n Paul K. Feyerabend se vio obligada a disolverse en 2025, despu\u00e9s de que su banco de larga duraci\u00f3n decidiera unilateralmente cerrar sus cuentas con muy poca antelaci\u00f3n y sin dar ninguna justificaci\u00f3n. Para m\u00e1s informaci\u00f3n al respecto, consulte <a href=\"https:\/\/www.pkfeyerabend.org\/es\/2026\/01\/28\/la-fondation-paul-k-feyerabend-a-ete-contrainte-de-se-transformer-en-association-paul-k-feyerabend-apkf\/\">esta p\u00e1gina<\/a>.<\/p>","protected":false},"excerpt":{"rendered":"<p>Nuestros objetivos La Asociaci\u00f3n lleva el nombre de Paul K. Feyerabend, un fil\u00f3sofo cr\u00edtico e historiador de la ciencia que vivi\u00f3 y trabaj\u00f3 en el siglo XX. Paul Feyerabend fue un firme defensor de la tolerancia, la empat\u00eda y la&#8230;<\/p>\n","protected":false},"author":1,"featured_media":0,"parent":13,"menu_order":0,"comment_status":"open","ping_status":"open","template":"","meta":[],"_links":{"self":[{"href":"https:\/\/www.pkfeyerabend.org\/es\/wp-json\/wp\/v2\/pages\/93"}],"collection":[{"href":"https:\/\/www.pkfeyerabend.org\/es\/wp-json\/wp\/v2\/pages"}],"about":[{"href":"https:\/\/www.pkfeyerabend.org\/es\/wp-json\/wp\/v2\/types\/page"}],"author":[{"embeddable":true,"href":"https:\/\/www.pkfeyerabend.org\/es\/wp-json\/wp\/v2\/users\/1"}],"replies":[{"embeddable":true,"href":"https:\/\/www.pkfeyerabend.org\/es\/wp-json\/wp\/v2\/comments?post=93"}],"version-history":[{"count":21,"href":"https:\/\/www.pkfeyerabend.org\/es\/wp-json\/wp\/v2\/pages\/93\/revisions"}],"predecessor-version":[{"id":3148,"href":"https:\/\/www.pkfeyerabend.org\/es\/wp-json\/wp\/v2\/pages\/93\/revisions\/3148"}],"up":[{"embeddable":true,"href":"https:\/\/www.pkfeyerabend.org\/es\/wp-json\/wp\/v2\/pages\/13"}],"wp:attachment":[{"href":"https:\/\/www.pkfeyerabend.org\/es\/wp-json\/wp\/v2\/media?parent=93"}],"curies":[{"name":"wp","href":"https:\/\/api.w.org\/{rel}","templated":true}]}}