{"id":94,"date":"2013-02-06T22:19:40","date_gmt":"2013-02-06T21:19:40","guid":{"rendered":"https:\/\/pkfeyerabend.org\/?page_id=94"},"modified":"2026-02-06T14:41:25","modified_gmt":"2026-02-06T13:41:25","slug":"quelques-reflexions","status":"publish","type":"page","link":"https:\/\/www.pkfeyerabend.org\/es\/accueil\/quelques-reflexions\/","title":{"rendered":"Algunas reflexiones"},"content":{"rendered":"<p><a href=\"https:\/\/pkfeyerabend.org\/wp-content\/uploads\/2013\/06\/comite-biamo.jpg\"><img decoding=\"async\" loading=\"lazy\" class=\"alignnone size-full wp-image-385\" src=\"https:\/\/pkfeyerabend.org\/wp-content\/uploads\/2013\/06\/comite-biamo.jpg\" alt=\"comite-biamo\" width=\"636\" height=\"349\" srcset=\"https:\/\/www.pkfeyerabend.org\/wp-content\/uploads\/2013\/06\/comite-biamo.jpg 636w, https:\/\/www.pkfeyerabend.org\/wp-content\/uploads\/2013\/06\/comite-biamo-300x164.jpg 300w\" sizes=\"(max-width: 636px) 100vw, 636px\" \/><\/a><\/p>\n<p>Las dos nociones centrales de la Asociaci\u00f3n Paul K. Feyerabend (al igual que su fundaci\u00f3n predecesora) est\u00e1n sujetas a diversas interpretaciones. Hemos recopilado aqu\u00ed algunos documentos que nos han resultado \u00fatiles para reflexionar sobre ellas. Invitamos tambi\u00e9n a enviar comentarios y contribuciones.<\/p>","protected":false},"excerpt":{"rendered":"<p>Las dos nociones centrales de la Asociaci\u00f3n Paul K. Feyerabend (al igual que su fundaci\u00f3n predecesora) est\u00e1n sujetas a diversas interpretaciones. Hemos recopilado aqu\u00ed algunos documentos que nos han resultado \u00fatiles para reflexionar sobre ellas. Invitamos tambi\u00e9n a enviar comentarios&#8230;<\/p>\n","protected":false},"author":1,"featured_media":0,"parent":13,"menu_order":1,"comment_status":"closed","ping_status":"open","template":"page-template-reflexions.php","meta":[],"_links":{"self":[{"href":"https:\/\/www.pkfeyerabend.org\/es\/wp-json\/wp\/v2\/pages\/94"}],"collection":[{"href":"https:\/\/www.pkfeyerabend.org\/es\/wp-json\/wp\/v2\/pages"}],"about":[{"href":"https:\/\/www.pkfeyerabend.org\/es\/wp-json\/wp\/v2\/types\/page"}],"author":[{"embeddable":true,"href":"https:\/\/www.pkfeyerabend.org\/es\/wp-json\/wp\/v2\/users\/1"}],"replies":[{"embeddable":true,"href":"https:\/\/www.pkfeyerabend.org\/es\/wp-json\/wp\/v2\/comments?post=94"}],"version-history":[{"count":13,"href":"https:\/\/www.pkfeyerabend.org\/es\/wp-json\/wp\/v2\/pages\/94\/revisions"}],"predecessor-version":[{"id":3150,"href":"https:\/\/www.pkfeyerabend.org\/es\/wp-json\/wp\/v2\/pages\/94\/revisions\/3150"}],"up":[{"embeddable":true,"href":"https:\/\/www.pkfeyerabend.org\/es\/wp-json\/wp\/v2\/pages\/13"}],"wp:attachment":[{"href":"https:\/\/www.pkfeyerabend.org\/es\/wp-json\/wp\/v2\/media?parent=94"}],"curies":[{"name":"wp","href":"https:\/\/api.w.org\/{rel}","templated":true}]}}