{"id":98,"date":"2013-02-06T22:23:07","date_gmt":"2013-02-06T21:23:07","guid":{"rendered":"https:\/\/pkfeyerabend.org\/?page_id=98"},"modified":"2026-02-06T15:02:32","modified_gmt":"2026-02-06T14:02:32","slug":"soutenir-la-fondation","status":"publish","type":"page","link":"https:\/\/www.pkfeyerabend.org\/es\/soutenir-la-fondation\/","title":{"rendered":"\u00a1Una donaci\u00f3n de solidaridad!"},"content":{"rendered":"<p><a href=\"https:\/\/pkfeyerabend.org\/wp-content\/uploads\/2013\/02\/Chilika-lake-Ajit-Patnaik.jpg\"><img decoding=\"async\" loading=\"lazy\" class=\"alignnone size-full wp-image-389\" src=\"https:\/\/pkfeyerabend.org\/wp-content\/uploads\/2013\/02\/Chilika-lake-Ajit-Patnaik.jpg\" alt=\"Chilika-lake-Ajit-Patnaik\" width=\"636\" height=\"269\" srcset=\"https:\/\/www.pkfeyerabend.org\/wp-content\/uploads\/2013\/02\/Chilika-lake-Ajit-Patnaik.jpg 636w, https:\/\/www.pkfeyerabend.org\/wp-content\/uploads\/2013\/02\/Chilika-lake-Ajit-Patnaik-300x126.jpg 300w\" sizes=\"(max-width: 636px) 100vw, 636px\" \/><\/a><\/p>\n<h2><strong>\u00a1Fortalezcamos la <em>diversidad biol\u00f3gica y cultural<\/em> y la <em>solidaridad comunitaria<\/em> en condiciones dif\u00edciles en todo el mundo!<\/strong><\/h2>\n<p><em>La Asociaci\u00f3n Paul K. Feyerabend (APKF) ocupa un nicho \u00fanico en el apoyo a iniciativas peque\u00f1as pero de gran valor. Sucede a la Fundaci\u00f3n Paul K. Feyerabend, que permaneci\u00f3 en funcionamiento durante veinte a\u00f1os y se vio obligada a donar todos sus activos en 2025 (<\/em><a href=\"https:\/\/www.pkfeyerabend.org\/es\/2026\/01\/28\/la-fondation-paul-k-feyerabend-a-ete-contrainte-de-se-transformer-en-association-paul-k-feyerabend-apkf\/\"><em>lea m\u00e1s al respecto aqu\u00ed<\/em><\/a><em>). La APKF est\u00e1 haciendo todo lo posible por reponer sus activos. Animamos a los nominadores y amigos de la fundaci\u00f3n a que la ayuden a recaudar fondos de la forma que consideren m\u00e1s adecuada. Las peque\u00f1as donaciones ser\u00e1n muy bienvenidas, al igual que las donaciones m\u00e1s cuantiosas <strong>(todas deducibles de los ingresos en Suiza)<\/strong>, los legados dedicados y las ocasiones de financiaci\u00f3n conjunta con organizaciones afines y otros donantes. \u00a1Muchas gracias de antemano!<\/em><\/p>\n<p>Tenga en cuenta que la APKF cuenta con el apoyo de <strong>m\u00e1s de 200 voluntarios,<\/strong> entre funcionarios, secretarios y nominadores de 70 pa\u00edses, y que no tiene <strong>ning\u00fan gasto administrativo<\/strong>. Todos sus activos se destinan a financiar iniciativas y premiados que defienden la diversidad biol\u00f3gica y cultural y refuerzan el bienestar, el entendimiento mutuo y la colaboraci\u00f3n en comunidades desfavorecidas.<\/p>\n<h2>\u00a1Haz un regalo de solidaridad comunitaria!<\/h2>\n<p><strong>Puede hacer un dep\u00f3sito en euros o francos suizos en una cuenta bancaria en Suiza. Por favor<\/strong>, <a href=\"https:\/\/www.pkfeyerabend.org\/en\/contactez-nous\/\"><strong>p\u00f3ngase en contacto con nosotros aqu\u00ed<\/strong><\/a><strong> y le enviaremos los datos de la cuenta. O puede hacer un dep\u00f3sito con su tarjeta de cr\u00e9dito haciendo clic a continuaci\u00f3n:<\/strong><\/p>\n<div class=\"stripeb\"><div class=\"asp_product_buy_button\"><div class=\"asp-processing-cont\" style=\"display:none;\"><span class=\"asp-processing\">Processing <i>.<\/i><i>.<\/i><i>.<\/i><\/span><\/div><form id=\"asp_ng_form_869d8e8f83235f\" class=\"asp-stripe-form\" action=\"\"  method=\"POST\"> <input type=\"hidden\" name=\"asp_product_id\" value=\"1754\" \/><div class=\"asp-child-hidden-fields\" style=\"display: none !important;\"><\/div><\/form><div id=\"asp-all-buttons-container-869d8e8f83235f\" class=\"asp_all_buttons_container\"><div class=\"asp_product_buy_btn_container\"><button id=\"asp_ng_button_869d8e8f83235f\" type=\"submit\" class=\"wpcf7-submit pkf-stripe-button\" ><span>30CHF<\/span><\/button><\/div><noscript>Para poder operar, Stripe Payments necesita que el navegador sea compatible con JavaScript.<\/noscript><\/div><div id=\"asp-btn-spinner-container-869d8e8f83235f\" class=\"asp-btn-spinner-container\" style=\"display: none !important\"><div class=\"asp-btn-spinner\"><div><\/div><div><\/div><div><\/div><div><\/div><\/div><\/div><script>var asp_data_869d8e8f83235f = {\"is_live\":true,\"product_id\":1754,\"iframe_url\":\"https:\\\/\\\/www.pkfeyerabend.org\\\/es\\\/asp-payment-box\\\/?product_id=1754\",\"button_key\":\"c9f7be43aa070c828c3d0713bc70508d\",\"item_price\":3000,\"quantity\":1,\"custom_quantity\":\"\",\"description\":\"1 X CHF30.00\",\"descrGenerated\":true,\"shipping\":0,\"tax\":0,\"image\":\"\",\"currency\":\"CHF\",\"currency_variable\":\"\",\"locale\":\"auto\",\"name\":\"30CHF donaci\\u00f3n\",\"url\":\"\",\"amount\":3000,\"billingAddress\":false,\"shippingAddress\":false,\"customer_email\":\"\",\"uniq_id\":\"869d8e8f83235f\",\"variable\":false,\"zeroCents\":[\"JPY\",\"MGA\",\"VND\",\"KRW\"],\"addonHooks\":[\"recaptcha\"],\"button_text\":\"30CHF\",\"out_of_stock\":false,\"stock_control_enabled\":false,\"stock_items\":0,\"currencyFormat\":{\"c\":2,\"d\":\".\",\"t\":\",\",\"s\":\"CHF\",\"pos\":\"left\"},\"displayStr\":{\"tax\":\"%s (impuesto)\",\"ship\":\"%s (env\\u00edo)\"},\"thankyou_page_url\":\"\",\"show_custom_amount_input\":false,\"recaptchaSiteKey\":\"6LelFJ0aAAAAAC9zKfNnSIxawD1ujqfZ66q9BByx\"};if(typeof jQuery!==\"undefined\") {jQuery(document).ready(function() {new stripeHandlerNG(asp_data_869d8e8f83235f);});} else { if (typeof wpaspInitOnDocReady===\"undefined\") {var wpaspInitOnDocReady=[];} wpaspInitOnDocReady.push(asp_data_869d8e8f83235f);}<\/script><\/div><\/div>\n<div class=\"stripeb\"><div class=\"asp_product_buy_button\"><div class=\"asp-processing-cont\" style=\"display:none;\"><span class=\"asp-processing\">Processing <i>.<\/i><i>.<\/i><i>.<\/i><\/span><\/div><form id=\"asp_ng_form_969d8e8f832805\" class=\"asp-stripe-form\" action=\"\"  method=\"POST\"> <input type=\"hidden\" name=\"asp_product_id\" value=\"1756\" \/><div class=\"asp-child-hidden-fields\" style=\"display: none !important;\"><\/div><\/form><div id=\"asp-all-buttons-container-969d8e8f832805\" class=\"asp_all_buttons_container\"><div class=\"asp_product_buy_btn_container\"><button id=\"asp_ng_button_969d8e8f832805\" type=\"submit\" class=\"wpcf7-submit pkf-stripe-button\" ><span>50CHF<\/span><\/button><\/div><noscript>Para poder operar, Stripe Payments necesita que el navegador sea compatible con JavaScript.<\/noscript><\/div><div id=\"asp-btn-spinner-container-969d8e8f832805\" class=\"asp-btn-spinner-container\" style=\"display: none !important\"><div class=\"asp-btn-spinner\"><div><\/div><div><\/div><div><\/div><div><\/div><\/div><\/div><script>var asp_data_969d8e8f832805 = {\"is_live\":true,\"product_id\":1756,\"iframe_url\":\"https:\\\/\\\/www.pkfeyerabend.org\\\/es\\\/asp-payment-box\\\/?product_id=1756\",\"button_key\":\"df6181eff8198d724be94f2e4c5cd473\",\"item_price\":5000,\"quantity\":1,\"custom_quantity\":\"\",\"description\":\"1 X CHF50.00\",\"descrGenerated\":true,\"shipping\":0,\"tax\":0,\"image\":\"\",\"currency\":\"CHF\",\"currency_variable\":\"\",\"locale\":\"auto\",\"name\":\"50CHF donaci\\u00f3n\",\"url\":\"\",\"amount\":5000,\"billingAddress\":false,\"shippingAddress\":false,\"customer_email\":\"\",\"uniq_id\":\"969d8e8f832805\",\"variable\":false,\"zeroCents\":[\"JPY\",\"MGA\",\"VND\",\"KRW\"],\"addonHooks\":[\"recaptcha\"],\"button_text\":\"50CHF\",\"out_of_stock\":false,\"stock_control_enabled\":false,\"stock_items\":0,\"currencyFormat\":{\"c\":2,\"d\":\".\",\"t\":\",\",\"s\":\"CHF\",\"pos\":\"left\"},\"displayStr\":{\"tax\":\"%s (impuesto)\",\"ship\":\"%s (env\\u00edo)\"},\"thankyou_page_url\":\"\",\"show_custom_amount_input\":false,\"recaptchaSiteKey\":\"6LelFJ0aAAAAAC9zKfNnSIxawD1ujqfZ66q9BByx\"};if(typeof jQuery!==\"undefined\") {jQuery(document).ready(function() {new stripeHandlerNG(asp_data_969d8e8f832805);});} else { if (typeof wpaspInitOnDocReady===\"undefined\") {var wpaspInitOnDocReady=[];} wpaspInitOnDocReady.push(asp_data_969d8e8f832805);}<\/script><\/div><\/div>\n<div class=\"stripeb\"><div class=\"asp_product_buy_button\"><div class=\"asp-processing-cont\" style=\"display:none;\"><span class=\"asp-processing\">Processing <i>.<\/i><i>.<\/i><i>.<\/i><\/span><\/div><form id=\"asp_ng_form_1069d8e8f832c3f\" class=\"asp-stripe-form\" action=\"\"  method=\"POST\"> <input type=\"hidden\" name=\"asp_product_id\" value=\"1760\" \/><div class=\"asp-child-hidden-fields\" style=\"display: none !important;\"><\/div><\/form><div id=\"asp-all-buttons-container-1069d8e8f832c3f\" class=\"asp_all_buttons_container\"><div class=\"asp_product_buy_btn_container\"><button id=\"asp_ng_button_1069d8e8f832c3f\" type=\"submit\" class=\"wpcf7-submit pkf-stripe-button\" ><span>100CHF<\/span><\/button><\/div><noscript>Para poder operar, Stripe Payments necesita que el navegador sea compatible con JavaScript.<\/noscript><\/div><div id=\"asp-btn-spinner-container-1069d8e8f832c3f\" class=\"asp-btn-spinner-container\" style=\"display: none !important\"><div class=\"asp-btn-spinner\"><div><\/div><div><\/div><div><\/div><div><\/div><\/div><\/div><script>var asp_data_1069d8e8f832c3f = {\"is_live\":true,\"product_id\":1760,\"iframe_url\":\"https:\\\/\\\/www.pkfeyerabend.org\\\/es\\\/asp-payment-box\\\/?product_id=1760\",\"button_key\":\"08af02f6700d9622cb2fd8f3f9c33959\",\"item_price\":10000,\"quantity\":1,\"custom_quantity\":\"\",\"description\":\"1 X CHF100.00\",\"descrGenerated\":true,\"shipping\":0,\"tax\":0,\"image\":\"\",\"currency\":\"CHF\",\"currency_variable\":\"\",\"locale\":\"auto\",\"name\":\"100CHF donaci\\u00f3n\",\"url\":\"\",\"amount\":10000,\"billingAddress\":false,\"shippingAddress\":false,\"customer_email\":\"\",\"uniq_id\":\"1069d8e8f832c3f\",\"variable\":false,\"zeroCents\":[\"JPY\",\"MGA\",\"VND\",\"KRW\"],\"addonHooks\":[\"recaptcha\"],\"button_text\":\"100CHF\",\"out_of_stock\":false,\"stock_control_enabled\":false,\"stock_items\":0,\"currencyFormat\":{\"c\":2,\"d\":\".\",\"t\":\",\",\"s\":\"CHF\",\"pos\":\"left\"},\"displayStr\":{\"tax\":\"%s (impuesto)\",\"ship\":\"%s (env\\u00edo)\"},\"thankyou_page_url\":\"\",\"show_custom_amount_input\":false,\"recaptchaSiteKey\":\"6LelFJ0aAAAAAC9zKfNnSIxawD1ujqfZ66q9BByx\"};if(typeof jQuery!==\"undefined\") {jQuery(document).ready(function() {new stripeHandlerNG(asp_data_1069d8e8f832c3f);});} else { if (typeof wpaspInitOnDocReady===\"undefined\") {var wpaspInitOnDocReady=[];} wpaspInitOnDocReady.push(asp_data_1069d8e8f832c3f);}<\/script><\/div><\/div>\n<div class=\"stripeb\"><div class=\"asp_product_buy_button\"><div class=\"asp-processing-cont\" style=\"display:none;\"><span class=\"asp-processing\">Processing <i>.<\/i><i>.<\/i><i>.<\/i><\/span><\/div><form id=\"asp_ng_form_1169d8e8f832f86\" class=\"asp-stripe-form\" action=\"\"  method=\"POST\"> <input type=\"hidden\" name=\"asp_product_id\" value=\"1777\" \/><div class=\"asp-child-hidden-fields\" style=\"display: none !important;\"><\/div><\/form><div id=\"asp-all-buttons-container-1169d8e8f832f86\" class=\"asp_all_buttons_container\"><div class=\"asp_product_buy_btn_container\"><button id=\"asp_ng_button_1169d8e8f832f86\" type=\"submit\" class=\"wpcf7-submit pkf-stripe-button\" ><span>Elije su cantidad<\/span><\/button><\/div><noscript>Para poder operar, Stripe Payments necesita que el navegador sea compatible con JavaScript.<\/noscript><\/div><div id=\"asp-btn-spinner-container-1169d8e8f832f86\" class=\"asp-btn-spinner-container\" style=\"display: none !important\"><div class=\"asp-btn-spinner\"><div><\/div><div><\/div><div><\/div><div><\/div><\/div><\/div><script>var asp_data_1169d8e8f832f86 = {\"is_live\":true,\"product_id\":1777,\"iframe_url\":\"https:\\\/\\\/www.pkfeyerabend.org\\\/es\\\/asp-payment-box\\\/?product_id=1777\",\"button_key\":\"615a71251d1a6caeb6820038743bbd66\",\"item_price\":0,\"quantity\":1,\"custom_quantity\":\"\",\"description\":\"\",\"descrGenerated\":false,\"shipping\":0,\"tax\":0,\"image\":\"\",\"currency\":\"CHF\",\"currency_variable\":\"\",\"locale\":\"auto\",\"name\":\"Elije su cantidad\",\"url\":\"\",\"amount\":0,\"billingAddress\":false,\"shippingAddress\":false,\"customer_email\":\"\",\"uniq_id\":\"1169d8e8f832f86\",\"variable\":true,\"zeroCents\":[\"JPY\",\"MGA\",\"VND\",\"KRW\"],\"addonHooks\":[\"recaptcha\"],\"button_text\":\"Elije su cantidad\",\"out_of_stock\":false,\"stock_control_enabled\":false,\"stock_items\":0,\"currencyFormat\":{\"c\":2,\"d\":\".\",\"t\":\",\",\"s\":\"CHF\",\"pos\":\"left\"},\"displayStr\":{\"tax\":\"%s (impuesto)\",\"ship\":\"%s (env\\u00edo)\"},\"thankyou_page_url\":\"\",\"show_custom_amount_input\":false,\"recaptchaSiteKey\":\"6LelFJ0aAAAAAC9zKfNnSIxawD1ujqfZ66q9BByx\"};if(typeof jQuery!==\"undefined\") {jQuery(document).ready(function() {new stripeHandlerNG(asp_data_1169d8e8f832f86);});} else { if (typeof wpaspInitOnDocReady===\"undefined\") {var wpaspInitOnDocReady=[];} wpaspInitOnDocReady.push(asp_data_1169d8e8f832f86);}<\/script><\/div><\/div>\n<p>\u00bfDesea recibir <strong>un certificado de regalo<\/strong> que pueda entregar a los destinatarios de su donaci\u00f3n? Si es as\u00ed, <a href=\"https:\/\/www.pkfeyerabend.org\/es\/contactez-nous\/\">p\u00f3ngase en contacto con nosotros<\/a> e ind\u00edquenos el <strong>nombre de los destinatarios del donaci\u00f3n <\/strong>que a\u00f1adiremos a <a href=\"https:\/\/www.pkfeyerabend.org\/es\/soutenir-la-fondation\/tableau-dhonneur-des-soutiens-de-la-solidarite-communautaire\/\"><strong>la lista de honor<\/strong><\/a> y a qu\u00e9 <strong>iniciativa espec\u00edfica<\/strong>, si la hay, debemos vincular el nombre. Puede elegir cualquiera de las iniciativas y premios descritos en nuestro sitio web o elegir \u00abtodas las iniciativas y premios\u00bb. Adem\u00e1s de incluir los nombres en el cuadro de honor, puede optar por recibir por correo electr\u00f3nico una o varias tarjetas de donaci\u00f3n personalizadas con los nombres de los destinatarios.<\/p>","protected":false},"excerpt":{"rendered":"<p>\u00a1Fortalezcamos la diversidad biol\u00f3gica y cultural y la solidaridad comunitaria en condiciones dif\u00edciles en todo el mundo! La Asociaci\u00f3n Paul K. Feyerabend (APKF) ocupa un nicho \u00fanico en el apoyo a iniciativas peque\u00f1as pero de gran valor. Sucede a la&#8230;<\/p>\n","protected":false},"author":1,"featured_media":0,"parent":0,"menu_order":6,"comment_status":"open","ping_status":"open","template":"","meta":[],"_links":{"self":[{"href":"https:\/\/www.pkfeyerabend.org\/es\/wp-json\/wp\/v2\/pages\/98"}],"collection":[{"href":"https:\/\/www.pkfeyerabend.org\/es\/wp-json\/wp\/v2\/pages"}],"about":[{"href":"https:\/\/www.pkfeyerabend.org\/es\/wp-json\/wp\/v2\/types\/page"}],"author":[{"embeddable":true,"href":"https:\/\/www.pkfeyerabend.org\/es\/wp-json\/wp\/v2\/users\/1"}],"replies":[{"embeddable":true,"href":"https:\/\/www.pkfeyerabend.org\/es\/wp-json\/wp\/v2\/comments?post=98"}],"version-history":[{"count":39,"href":"https:\/\/www.pkfeyerabend.org\/es\/wp-json\/wp\/v2\/pages\/98\/revisions"}],"predecessor-version":[{"id":3155,"href":"https:\/\/www.pkfeyerabend.org\/es\/wp-json\/wp\/v2\/pages\/98\/revisions\/3155"}],"wp:attachment":[{"href":"https:\/\/www.pkfeyerabend.org\/es\/wp-json\/wp\/v2\/media?parent=98"}],"curies":[{"name":"wp","href":"https:\/\/api.w.org\/{rel}","templated":true}]}}