{"id":117,"date":"2013-02-06T22:37:14","date_gmt":"2013-02-06T21:37:14","guid":{"rendered":"https:\/\/pkfeyerabend.org\/?page_id=117"},"modified":"2026-03-09T20:43:05","modified_gmt":"2026-03-09T19:43:05","slug":"paul-k-feyerabend","status":"publish","type":"page","link":"https:\/\/www.pkfeyerabend.org\/fr\/paul-k-feyerabend\/","title":{"rendered":"Paul K. Feyerabend"},"content":{"rendered":"<p><a href=\"https:\/\/pkfeyerabend.org\/wp-content\/uploads\/2013\/02\/Paul-berkeley.jpg\"><img decoding=\"async\" loading=\"lazy\" class=\"alignnone size-full wp-image-409\" src=\"https:\/\/pkfeyerabend.org\/wp-content\/uploads\/2013\/02\/Paul-berkeley.jpg\" alt=\"Paul-berkeley\" width=\"609\" height=\"331\" srcset=\"https:\/\/www.pkfeyerabend.org\/wp-content\/uploads\/2013\/02\/Paul-berkeley.jpg 609w, https:\/\/www.pkfeyerabend.org\/wp-content\/uploads\/2013\/02\/Paul-berkeley-300x163.jpg 300w\" sizes=\"(max-width: 609px) 100vw, 609px\" \/><\/a><\/p>\n<p><strong>Paul Karl Feyerabend<\/strong> (13 janvier 1924 \u2013 11 f\u00e9vrier 1994) a \u00e9t\u00e9 l\u2019un des philosophes des sciences les plus stimulants du 20e si\u00e8cle. N\u00e9 et \u00e9lev\u00e9 \u00e0 Vienne, il a travaill\u00e9 comme professeur de philosophie. Il a occup\u00e9 de nombreux postes, souvent simultan\u00e9s, dans des \u00e9tablissements universitaires sur trois continents, notamment \u00e0 l\u2019universit\u00e9 de Bristol (1955-58), \u00e0 l\u2019universit\u00e9 de Stanford (1967), \u00e0 la London School of Economics (1967), \u00e0 l\u2019universit\u00e9 libre de Berlin (1968), \u00e0 l\u2019universit\u00e9 de Yale (1969), \u00e0 l\u2019University College of London (1967-1970), \u00e0 l\u2019universit\u00e9 d\u2019Auckland (1972, 1974), \u00e0 l\u2019universit\u00e9 de Sussex (1974-1975) et \u00e0 l\u2019universit\u00e9 de Kassel (1977). Pendant plus de trois d\u00e9cennies, il a enseign\u00e9 \u00e0 l\u2019universit\u00e9 de Californie \u00e0 Berkeley (1958-1990) et pendant plus d\u2019une d\u00e9cennie \u00e0 l\u2019\u00c9cole polytechnique f\u00e9d\u00e9rale (ETH) de Zurich (1980-1991).<\/p>\n<p>Au cours de ses ann\u00e9es de formation, Paul Feyerabend a entretenu des contacts personnels avec les principaux repr\u00e9sentants de la philosophie des sciences contemporaine, tels que les anciens membres du Cercle de Vienne et Karl Popper, mais aussi des scientifiques \u00e9minents comme Erwin Schr\u00f6dinger et David Bohm. Il a \u00e9t\u00e9, le long de cette p\u00e9riode, un auteur prolifique sur les questions th\u00e9oriques et \u00e9pist\u00e9mologiques de la physique quantique et des math\u00e9matiques. Au fil des ans, il s\u2019est montr\u00e9 de plus en plus critique \u00e0 l\u2019\u00e9gard de la philosophie des sciences, acqu\u00e9rant une notori\u00e9t\u00e9 controvers\u00e9e aupr\u00e8s de certains de ses coll\u00e8gues, tout en devenant \u00e9galement connu du grand public pour son \u00ab\u00a0anarchisme m\u00e9thodologique\u00a0\u00bb. Sur la base de ses \u00e9tudes de l\u2019histoire des sciences, Feyerabend a rejet\u00e9 toutes les tentatives rationalistes visant \u00e0 identifier et \u00e0 codifier une m\u00e9thode scientifique unique. Il a \u00e9galement discut\u00e9 et remis en question l\u2019id\u00e9e que la recherche scientifique vise de mani\u00e8re univoque \u00e0 trouver la \u00ab\u00a0v\u00e9rit\u00e9\u00a0\u00bb. Son \u0153uvre majeure \u2013 <em>Against Method<\/em> (1975) \u2013 et ses recueils d\u2019essais, dont <em>Science in a Free Society<\/em> (1978), <em>Farewell to Reason<\/em> (1987), <em>Conquest of Abundance<\/em> (1999) et <em>Philosophical Papers<\/em> (quatre volumes : 1981, 1999, 2016) ont \u00e9t\u00e9 largement diffus\u00e9s et traduits dans des dizaines de langues. Ils ont fait de lui une figure influente tant en philosophie des sciences qu\u2019en sociologie de la connaissance scientifique.<\/p>\n<p>Paul Feyerabend a offert une critique historiquement fond\u00e9e de l\u2019empirisme na\u00eff (par exemple, l\u2019id\u00e9e que les th\u00e9ories scientifiques sont bas\u00e9es sur des \u2018faits ind\u00e9pendamment significatifs\u2019) et de sa p\u00e9trification dogmatique dans les th\u00e9ories m\u00e9thodologiques. Il a introduit le concept de th\u00e9ories \u00ab\u00a0incommensurables\u00a0\u00bb (c\u2019est-\u00e0-dire des th\u00e9ories qui ne reposent pas sur les m\u00eames principes universels) et, ce qui a une valeur sociale plus directe, il a d\u00e9moli le dogme d\u2019un syst\u00e8me de r\u00e8gles n\u00e9cessaire \u00e0 toute pratique scientifique valable.\u00a0 Comme le d\u00e9montre l\u2019histoire, les sciences prosp\u00e8rent lorsque les th\u00e9ories, les hypoth\u00e8ses et les approches m\u00e9thodologiques prolif\u00e8rent, et non lorsqu\u2019elles sont confin\u00e9es dans des cages th\u00e9oriques. Feyerabend a clairement indiqu\u00e9 que toutes les m\u00e9thodologies ont leurs limites, que les scientifiques ne sont pas des \u00ab\u00a0suiveurs de r\u00e8gles\u00a0\u00bb mais des opportunistes, et que le seul principe m\u00e9thodologique qui n\u2019entrave pas le progr\u00e8s est le \u00ab\u00a0tout est permis\u00a0\u00bb.\u00a0 Il s\u2019ensuit que les points de vue des sciences de l\u2019\u00e9poque ne doivent pas tyranniser les gens au nom d\u2019une suppos\u00e9e \u2018rationalit\u00e9 sup\u00e9rieure\u2019, mais s\u2019adapter et r\u00e9pondre aux valeurs et aux inclinations des traditions culturelles pertinentes.\u00a0 Si l\u2019appel de Feyerabend \u00e0 d\u00e9mocratiser les sciences est clair, il en est \u00e9galement venu \u00e0 \u00e9valuer de mani\u00e8re critique l\u2019id\u00e9e que les traditions culturelles puissent \u00eatre identifi\u00e9es sans ambigu\u00eft\u00e9.\u00a0 Ainsi, loin d\u2019une position relativiste forte, il a soutenu que \u00ab\u00a0potentiellement, chaque culture est toutes les cultures\u00a0\u00bb, ce que certains commentateurs consid\u00e8rent comme une base solide pour son \u2018humanitarisme\u2019. Indissociable de cela, cependant, il a conserv\u00e9 tout au long de sa vie une profonde appr\u00e9ciation de la diversit\u00e9 \u00e9pist\u00e9mique et culturelle.<\/p>\n<p>La d\u00e9fense par Feyerabend du caract\u00e8re pluraliste des sciences, qui d\u00e9coule \u00e0 la fois des diverses valeurs et pr\u00e9occupations des \u00eatres humains et de la complexit\u00e9 du monde naturel, est d\u00e9velopp\u00e9e dans <em>Conqu\u00eate de l\u2019abondance<\/em>, \u0153uvre incompl\u00e8te, publi\u00e9e posthume en 1999. \u00a0Les lecteurs perspicaces y trouvent une d\u00e9fense du <strong>pluralisme<\/strong> (des th\u00e9ories, des m\u00e9thodes, des traditions culturelles et des visions globales du monde) qui est \u2018lib\u00e9ratrice\u2019 contre toute forme de totalitarisme et d\u2019h\u00e9g\u00e9monie intellectuelle ou id\u00e9ologique et en appui \u00e0 la vari\u00e9t\u00e9 des exp\u00e9riences par lesquelles les \u00eatres humains donnent du sens au monde (\u00ab\u00a0<strong>le r\u00e9el est ce qui joue un r\u00f4le important dans le genre de vie que l\u2019on veut mener<\/strong>\u00a0\u00bb).\u00a0 Pour Feyerabend, la r\u00e9alit\u00e9 fondamentale de l&rsquo;\u00ab\u00a0\u00catre\u00a0\u00bb peut bien \u00eatre ineffable et inconnaissable, mais la richesse, l\u2019abondance et la diversit\u00e9 des exp\u00e9riences, ainsi que la tol\u00e9rance et l\u2019ouverture qui les rendent possibles, sont n\u00e9cessaires \u00e0 l\u2019\u00e9panouissement humain.\u00a0 En fait, les conditions de l\u2019\u00e9panouissement humain \u2013 et non la recherche intellectuelle \u2013 ont \u00e9t\u00e9 la principale pr\u00e9occupation de Feyerabend.<\/p>\n<p>Paul Feyerabend \u00e9tait un lecteur insatiable et un correspondant prolifique \u2013 nombre de ses critiques et \u00e9changes avec des personnalit\u00e9s cl\u00e9s du si\u00e8cle dernier sont disponibles en version imprim\u00e9e et plusieurs volumes de sa correspondance sont en cours de publication. Volume 1 <em>Feyerabend Formative Years : Feyerabend and Popper <\/em>est paru en 2020. Son \u0153uvre <em>Philosophie de la nature<\/em> a \u00e9t\u00e9 publi\u00e9e et traduite \u00e0 titre posthume (2009, 2014, 2016).\u00a0 Un r\u00e9cit riche de la vie non conventionnelle de Paul Feyerabend est offert par son autobiographie <em>Tuer le Temps<\/em> (1994) et des extraits de ses messages enregistr\u00e9s adress\u00e9s \u00e0 sa femme (<em>Stories from Paolino\u2019s Tapes<\/em>, 2001) transmettent encore \u00ab\u00a0\u2026son amour de l\u2019op\u00e9ra, du th\u00e9\u00e2tre, du cin\u00e9ma et le respect, la compassion, l\u2019admiration et la fascination qu\u2019il ressentait pour de nombreuses personnes\u00a0\u00bb. Sa personnalit\u00e9 aux multiples facettes a \u00e9t\u00e9 bien r\u00e9sum\u00e9e dans la notice n\u00e9crologique r\u00e9dig\u00e9e \u00e0 son intention par <a href=\"https:\/\/en.wikipedia.org\/wiki\/Ian_Hacking\">Ian Hacking<\/a> : \u00ab\u00a0Les humanistes, dans mon sens traditionnel, doivent faire partie \u00e0 la fois des arts et des sciences. Paul Feyerabend \u00e9tait un humaniste. Il \u00e9tait aussi tr\u00e8s amusant\u00a0\u00bb.\u00a0 Conform\u00e9ment \u00e0 cette interpr\u00e9tation humaniste et aux pr\u00e9occupations qui transparaissent de ses derni\u00e8res \u0153uvres, la <a href=\"https:\/\/www.pkfeyerabend.org\/fr\/\">Fondation Paul K. Feyerabend<\/a> a \u00e9t\u00e9 cr\u00e9\u00e9e &#8211; en 2006 &#8211; en son honneur.<\/p>\n<p><span lang=\"en-CH\">Un site web d\u00e9di\u00e9 au centenaire de la naissance de Paul K. Feyerabend, r\u00e9pertoriant les \u00e9v\u00e9nements comm\u00e9moratifs, des nouvelles publications, des vid\u00e9oconf\u00e9rences et bien plus encore, est disponible ici : <a href=\"https:\/\/www.pkfcentennial.org\/\" target=\"_blank\" rel=\"noopener\" data-saferedirecturl=\"https:\/\/www.google.com\/url?q=https:\/\/www.pkfcentennial.org\/&amp;source=gmail&amp;ust=1773170599829000&amp;usg=AOvVaw3yGw6FTip4jk8OlbNnU_fV\">https:\/\/www.pkfcentennial.org\/<\/a><\/span><\/p>\n<p><span lang=\"FR\">Quelques liens sur Paul et son travail<\/span> :<\/p>\n<ul>\n<li><a href=\"https:\/\/1drv.ms\/b\/s!Appr1OAHbnZOiNgSPLw_j72alXgtiQ?e=0XGXj1\">Paul Feyerabend, Humanist<\/a><\/li>\n<li><a href=\"http:\/\/www.collodel.org\/feyerabend\/\">The works of Paul Feyerabend<\/a><\/li>\n<li><a href=\"https:\/\/www.pkfeyerabend.org\/wp-content\/uploads\/2020\/05\/Motterlini-M.-Paul-K.-Feyerabend-The-Routledge-Encyclopedia-of-Philosophy.pdf\">Paul K. Feyerabend \u2013 Routledge Encyclopaedia of Philosophy<\/a><\/li>\n<li><a href=\"https:\/\/plato.stanford.edu\/entries\/feyerabend\/\">Paul K. Feyerabend \u2013 Stanford Encyclopaedia of Philosophy<\/a><\/li>\n<li><a href=\"https:\/\/en.wikipedia.org\/wiki\/Paul_Feyerabend\">https:\/\/en.wikipedia.org\/wiki\/Paul_Feyerabend<\/a><\/li>\n<li><a href=\"https:\/\/fr.wikipedia.org\/wiki\/Paul_Feyerabend\">https:\/\/fr.wikipedia.org\/wiki\/Paul_Feyerabend<\/a><\/li>\n<li><a href=\"https:\/\/es.wikipedia.org\/wiki\/Paul_Feyerabend\">https:\/\/es.wikipedia.org\/wiki\/Paul_Feyerabend<\/a><\/li>\n<li><a href=\"https:\/\/it.wikipedia.org\/wiki\/Paul_Feyerabend\">https:\/\/it.wikipedia.org\/wiki\/Paul_Feyerabend<\/a><\/li>\n<li><a href=\"https:\/\/pt.wikipedia.org\/wiki\/Paul_Feyerabend\">https:\/\/pt.wikipedia.org\/wiki\/Paul_Feyerabend<\/a><\/li>\n<li><a href=\"https:\/\/www.pkfeyerabend.org\/wp-content\/uploads\/2020\/08\/PKF-obituary-Paul-Hoyningen-Huene.pdf\">PKF obituary by Paul Hoyningen-Huene<\/a><\/li>\n<\/ul>\n<p>Quelques comptes rendus, critiques et analyses:<\/p>\n<ul>\n<li><a href=\"https:\/\/pkfeyerabend.org\/wp-content\/uploads\/2013\/02\/Ian-Hacking-s-review-of-Conquest-of-Abundance.pdf\">Ian Hacking\u2019s review of Conquest of Abundance<\/a><\/li>\n<li><a href=\"https:\/\/blogs.scientificamerican.com\/cross-check\/was-philosopher-paul-feyerabend-really-science-s-worst-enemy\/\">Horgan\u2019s Scientific American&#8211; Really Science&rsquo;s \u00ab\u00a0Worst Enemy\u00a0\u00bb?<\/a><\/li>\n<li><a href=\"https:\/\/1drv.ms\/b\/s!Appr1OAHbnZOiI4M97YT0v2bjWJW6g?e=0Iqaoy\">Hasok Chang \u2013 Feyerabend pluralist realism 2021<\/a><\/li>\n<li><a href=\"https:\/\/1drv.ms\/b\/s!Appr1OAHbnZOiI1_a_2fiVP4haCR1Q?e=Wi8loR\">Interpreting Feyerabend\u2014Critical essays<\/a><\/li>\n<li><a href=\"https:\/\/1drv.ms\/b\/s!Appr1OAHbnZOiI4AgbJftYcF8b3kMw?e=2YzFDC\">The Worst Enemy of Science?\u00a0 Essays in memory of Paul K. Feyerabend<\/a>,<\/li>\n<li><a href=\"https:\/\/medium.com\/@ian.kidd\/following-the-science-some-feyerabendian-reflections-c85a4bab7c98\">Following the science? Some Feyerabendian reflections<\/a><\/li>\n<li><a href=\"https:\/\/1drv.ms\/b\/s!Appr1OAHbnZOh4oALKeVyPDx7huSeQ?e=ccWzhR\">Pluralism and the problems of \u2018reality\u2019 in the late pkf work \u2013 Ian Kidd <\/a><\/li>\n<li><a href=\"https:\/\/1drv.ms\/b\/s!Appr1OAHbnZOh71yyK2fVZ4wtMXfQQ?e=dbz4yD\">Jamie Shaw \u2013 A Pluralism Worth Having- Feyerabend\u2019s Well-Ordered Science<\/a><\/li>\n<li><a href=\"https:\/\/pkfeyerabend.org\/wp-content\/uploads\/2013\/02\/Ian-Hacking-s-review-of-For-Against-Method.pdf\">Ian Hacking\u2019s review of For and Against Method<\/a><\/li>\n<li><a href=\"https:\/\/pkfeyerabend.org\/wp-content\/uploads\/2013\/02\/Terence-Blake-s-review-of-Paolino-s-Tapes.pdf\">Terence Blake\u2019s review of Paolino\u2019s Tapes<\/a><\/li>\n<li><a href=\"https:\/\/1drv.ms\/b\/s!Appr1OAHbnZOh5EzgnNwPzG9VOTvbg?e=OHuzVw\">Pluralismo global de Paul Feyerabend \u2014 Luis E. De Lacerda Abrahao<\/a><\/li>\n<li><a href=\"https:\/\/1drv.ms\/b\/s!Appr1OAHbnZOh78b48TU3PuMIqrfSg?e=HO7kN1\">Bas van Fraassen \u2014 Review of Conquest of Abundance<\/a><\/li>\n<li><a href=\"https:\/\/pkfeyerabend.org\/wp-content\/uploads\/2013\/02\/Baudouin-Jurdant-PKF.pdf\">Baudouin Jurdant sur Paul K. Feyerabend<\/a><\/li>\n<li><a href=\"https:\/\/1drv.ms\/b\/s!Appr1OAHbnZOh9JQCj9pmGxed5TgDA?e=wVswDJ\">Moshen Khademi \u2014 Feyerabend\u2019s Humanitarianism<\/a><\/li>\n<li><a href=\"https:\/\/1drv.ms\/b\/s!Appr1OAHbnZOh71xIa0zyaj3fvTzRQ?e=t87skd\">Kenneth Abudu \u2013Feyerabend\u2019s Epistemological Anarchism and Forms of Knowledge in African Thought<\/a><\/li>\n<li><a href=\"https:\/\/1drv.ms\/b\/s!Appr1OAHbnZOh4d-lPBZsyOUOHqULw?e=dBqWju\">Mansoor Diaz \u2014 Feyerabend\u2019s Epistemological Anarchism<\/a><\/li>\n<\/ul>\n<p>&nbsp;<\/p>\n<p>\n\t\t\t<div id='gallery-117-1' class='gallery gallery-117'>\n\t\t\t\t<div class='gallery-row gallery-col-3 gallery-clear'>\n\t\t\t\t\t<figure class='gallery-item col-3'>\n\t\t\t\t\t\t<div class='gallery-icon '><a href='https:\/\/www.pkfeyerabend.org\/wp-content\/uploads\/2013\/02\/Paul-voix.jpg'><img width=\"150\" height=\"150\" src=\"https:\/\/www.pkfeyerabend.org\/wp-content\/uploads\/2013\/02\/Paul-voix-150x150.jpg\" class=\"attachment-thumbnail size-thumbnail\" alt=\"\" decoding=\"async\" loading=\"lazy\" \/><\/a><\/div>\n\t\t\t\t\t<\/figure>\n\t\t\t\t\t<figure class='gallery-item col-3'>\n\t\t\t\t\t\t<div class='gallery-icon '><a href='https:\/\/www.pkfeyerabend.org\/wp-content\/uploads\/2013\/02\/Paul-in-Cinque-Terre.jpg'><img width=\"150\" height=\"150\" src=\"https:\/\/www.pkfeyerabend.org\/wp-content\/uploads\/2013\/02\/Paul-in-Cinque-Terre-150x150.jpg\" class=\"attachment-thumbnail size-thumbnail\" alt=\"\" decoding=\"async\" loading=\"lazy\" \/><\/a><\/div>\n\t\t\t\t\t<\/figure>\n\t\t\t\t\t<figure class='gallery-item col-3'>\n\t\t\t\t\t\t<div class='gallery-icon '><a href='https:\/\/www.pkfeyerabend.org\/wp-content\/uploads\/2013\/02\/PKF-1.jpg'><img width=\"150\" height=\"150\" src=\"https:\/\/www.pkfeyerabend.org\/wp-content\/uploads\/2013\/02\/PKF-1-150x150.jpg\" class=\"attachment-thumbnail size-thumbnail\" alt=\"\" decoding=\"async\" loading=\"lazy\" \/><\/a><\/div>\n\t\t\t\t\t<\/figure>\n\t\t\t\t<\/div>\n\t\t\t\t<div class='gallery-row gallery-col-3 gallery-clear'>\n\t\t\t\t\t<figure class='gallery-item col-3'>\n\t\t\t\t\t\t<div class='gallery-icon '><a href='https:\/\/www.pkfeyerabend.org\/wp-content\/uploads\/2013\/02\/PKF-5.jpg'><img width=\"150\" height=\"150\" src=\"https:\/\/www.pkfeyerabend.org\/wp-content\/uploads\/2013\/02\/PKF-5-150x150.jpg\" class=\"attachment-thumbnail size-thumbnail\" alt=\"\" decoding=\"async\" loading=\"lazy\" \/><\/a><\/div>\n\t\t\t\t\t<\/figure>\n\t\t\t\t\t<figure class='gallery-item col-3'>\n\t\t\t\t\t\t<div class='gallery-icon '><a href='https:\/\/www.pkfeyerabend.org\/wp-content\/uploads\/2013\/02\/pkf-netherlands.jpg'><img width=\"150\" height=\"150\" src=\"https:\/\/www.pkfeyerabend.org\/wp-content\/uploads\/2013\/02\/pkf-netherlands-150x150.jpg\" class=\"attachment-thumbnail size-thumbnail\" alt=\"\" decoding=\"async\" loading=\"lazy\" \/><\/a><\/div>\n\t\t\t\t\t<\/figure>\n\t\t\t\t\t<figure class='gallery-item col-3'>\n\t\t\t\t\t\t<div class='gallery-icon '><a href='https:\/\/www.pkfeyerabend.org\/wp-content\/uploads\/2013\/02\/pkf-spoleto.jpg'><img width=\"150\" height=\"150\" src=\"https:\/\/www.pkfeyerabend.org\/wp-content\/uploads\/2013\/02\/pkf-spoleto-150x150.jpg\" class=\"attachment-thumbnail size-thumbnail\" alt=\"\" decoding=\"async\" loading=\"lazy\" \/><\/a><\/div>\n\t\t\t\t\t<\/figure>\n\t\t\t\t<\/div>\n\t\t\t<\/div><!-- .gallery -->\n<\/p>","protected":false},"excerpt":{"rendered":"<p>Paul Karl Feyerabend (13 janvier 1924 \u2013 11 f\u00e9vrier 1994) a \u00e9t\u00e9 l\u2019un des philosophes des sciences les plus stimulants du 20e si\u00e8cle. N\u00e9 et \u00e9lev\u00e9 \u00e0 Vienne, il a travaill\u00e9 comme professeur de philosophie. Il a occup\u00e9 de nombreux&#8230;<\/p>\n","protected":false},"author":1,"featured_media":0,"parent":0,"menu_order":3,"comment_status":"open","ping_status":"open","template":"","meta":[],"_links":{"self":[{"href":"https:\/\/www.pkfeyerabend.org\/fr\/wp-json\/wp\/v2\/pages\/117"}],"collection":[{"href":"https:\/\/www.pkfeyerabend.org\/fr\/wp-json\/wp\/v2\/pages"}],"about":[{"href":"https:\/\/www.pkfeyerabend.org\/fr\/wp-json\/wp\/v2\/types\/page"}],"author":[{"embeddable":true,"href":"https:\/\/www.pkfeyerabend.org\/fr\/wp-json\/wp\/v2\/users\/1"}],"replies":[{"embeddable":true,"href":"https:\/\/www.pkfeyerabend.org\/fr\/wp-json\/wp\/v2\/comments?post=117"}],"version-history":[{"count":25,"href":"https:\/\/www.pkfeyerabend.org\/fr\/wp-json\/wp\/v2\/pages\/117\/revisions"}],"predecessor-version":[{"id":3166,"href":"https:\/\/www.pkfeyerabend.org\/fr\/wp-json\/wp\/v2\/pages\/117\/revisions\/3166"}],"wp:attachment":[{"href":"https:\/\/www.pkfeyerabend.org\/fr\/wp-json\/wp\/v2\/media?parent=117"}],"curies":[{"name":"wp","href":"https:\/\/api.w.org\/{rel}","templated":true}]}}