{"id":13,"date":"2012-08-09T21:50:52","date_gmt":"2012-08-09T19:50:52","guid":{"rendered":"https:\/\/pkfeyerabend.org\/?page_id=13"},"modified":"2026-02-06T14:34:07","modified_gmt":"2026-02-06T13:34:07","slug":"accueil","status":"publish","type":"page","link":"https:\/\/www.pkfeyerabend.org\/fr\/","title":{"rendered":"L&rsquo;Association"},"content":{"rendered":"<p>L&rsquo;Association Paul K. Feyerabend (APKF) promeut l&rsquo;autonomisation et le bien-\u00eatre des communaut\u00e9s humaines d\u00e9favoris\u00e9es. En renfor\u00e7ant la solidarit\u00e9 intra et intercommunautaire, l&rsquo;Association s&rsquo;efforce d&rsquo;am\u00e9liorer les capacit\u00e9s locales, de promouvoir le respect des droits humains et de pr\u00e9server la diversit\u00e9 culturelle et biologique.<\/p>\n<p>L&rsquo;Association, officiellement d\u00e9clar\u00e9e d&rsquo;utilit\u00e9 publique en Suisse, a \u00e9t\u00e9 cr\u00e9\u00e9e en 2025. Elle s&rsquo;appuie sur l&rsquo;exp\u00e9rience de la Fondation Paul K. Feyerabend qui, depuis 2006, a mobilis\u00e9 des nominateurs et des b\u00e9n\u00e9ficiaires dans plus de 70 pays, soutenu 80 <a href=\"https:\/\/www.pkfeyerabend.org\/fr\/category\/projets-tous\/\">initiatives<\/a> et r\u00e9compens\u00e9 38 laur\u00e9ats avec le <a href=\"https:\/\/www.pkfeyerabend.org\/fr\/prix-paul-k-feyerabend\/\">Prix Paul K. Feyerabend<\/a>. Les raisons pour lesquelles la Fondation a d\u00fb se transformer en association sont bri\u00e8vement expos\u00e9es <a href=\"https:\/\/www.pkfeyerabend.org\/fr\/2026\/01\/28\/la-fondation-paul-k-feyerabend-a-ete-contrainte-de-se-transformer-en-association-paul-k-feyerabend-apkf\/\">ici<\/a>.<\/p>\n<hr \/>\n<section class=\"focus-home\">\n<div><a href=\"https:\/\/pkfeyerabend.org\/wp-content\/uploads\/2013\/04\/plaquette_fr.pdf\"><img decoding=\"async\" src=\"https:\/\/pkfeyerabend.org\/wp-content\/themes\/pkf\/images\/icons\/telecharger-48.png\" alt=\"T\u00e9l\u00e9charger la plaquette\" \/>T\u00e9l\u00e9charger la plaquette<\/a><\/div>\n<div><a title=\"Soutenir la Fondation\" href=\"https:\/\/pkfeyerabend.org\/?page_id=98\"><img decoding=\"async\" src=\"https:\/\/pkfeyerabend.org\/wp-content\/themes\/pkf\/images\/icons\/soutenir-48.png\" alt=\"Nous soutenir\" \/>Nous soutenir<\/a><\/div>\n<div><a title=\"Contact\" href=\"https:\/\/pkfeyerabend.org\/?page_id=9\"><img decoding=\"async\" src=\"https:\/\/pkfeyerabend.org\/wp-content\/themes\/pkf\/images\/icons\/contacter-48.png\" alt=\"Contact\" \/>Nous contacter<\/a><\/div>\n<\/section>\n<p><\/p>","protected":false},"excerpt":{"rendered":"<p>L&rsquo;Association Paul K. Feyerabend (APKF) promeut l&rsquo;autonomisation et le bien-\u00eatre des communaut\u00e9s humaines d\u00e9favoris\u00e9es. En renfor\u00e7ant la solidarit\u00e9 intra et intercommunautaire, l&rsquo;Association s&rsquo;efforce d&rsquo;am\u00e9liorer les capacit\u00e9s locales, de promouvoir le respect des droits humains et de pr\u00e9server la diversit\u00e9 culturelle&#8230;<\/p>\n","protected":false},"author":1,"featured_media":0,"parent":0,"menu_order":0,"comment_status":"open","ping_status":"open","template":"page-template-home.php","meta":[],"_links":{"self":[{"href":"https:\/\/www.pkfeyerabend.org\/fr\/wp-json\/wp\/v2\/pages\/13"}],"collection":[{"href":"https:\/\/www.pkfeyerabend.org\/fr\/wp-json\/wp\/v2\/pages"}],"about":[{"href":"https:\/\/www.pkfeyerabend.org\/fr\/wp-json\/wp\/v2\/types\/page"}],"author":[{"embeddable":true,"href":"https:\/\/www.pkfeyerabend.org\/fr\/wp-json\/wp\/v2\/users\/1"}],"replies":[{"embeddable":true,"href":"https:\/\/www.pkfeyerabend.org\/fr\/wp-json\/wp\/v2\/comments?post=13"}],"version-history":[{"count":62,"href":"https:\/\/www.pkfeyerabend.org\/fr\/wp-json\/wp\/v2\/pages\/13\/revisions"}],"predecessor-version":[{"id":3147,"href":"https:\/\/www.pkfeyerabend.org\/fr\/wp-json\/wp\/v2\/pages\/13\/revisions\/3147"}],"wp:attachment":[{"href":"https:\/\/www.pkfeyerabend.org\/fr\/wp-json\/wp\/v2\/media?parent=13"}],"curies":[{"name":"wp","href":"https:\/\/api.w.org\/{rel}","templated":true}]}}