{"id":1703,"date":"2020-03-01T09:01:14","date_gmt":"2020-03-01T08:01:14","guid":{"rendered":"https:\/\/www.pkfeyerabend.org\/?page_id=1703"},"modified":"2024-10-06T11:27:15","modified_gmt":"2024-10-06T09:27:15","slug":"pkf-centennial","status":"publish","type":"page","link":"https:\/\/www.pkfeyerabend.org\/fr\/pkf-centennial\/","title":{"rendered":"C\u00e9l\u00e9bration du centenaire de la naissance de Paul K. Feyerabend"},"content":{"rendered":"<p><a href=\"https:\/\/www.pkfeyerabend.org\/wp-content\/uploads\/2024\/10\/centennial.png\"><img decoding=\"async\" loading=\"lazy\" src=\"https:\/\/www.pkfeyerabend.org\/wp-content\/uploads\/2024\/10\/centennial.png\" alt=\"\" width=\"499\" height=\"376\" class=\"alignnone size-full wp-image-2989\" srcset=\"https:\/\/www.pkfeyerabend.org\/wp-content\/uploads\/2024\/10\/centennial.png 499w, https:\/\/www.pkfeyerabend.org\/wp-content\/uploads\/2024\/10\/centennial-300x226.png 300w\" sizes=\"(max-width: 499px) 100vw, 499px\" \/><\/a><\/p>\n<p>Mis \u00e0 jour en octobre 2024<\/p>\n<p>Le mois de <strong>janvier 2024<\/strong> a marqu\u00e9 les 100 ans de la naissance de Paul K. Feyerabend. Tout au long de l&rsquo;ann\u00e9e, des \u00e9v\u00e9nements ont eu lieu sur diff\u00e9rents continents pour se souvenir de Paul et le c\u00e9l\u00e9brer, \u00e0 la fois comme une personne aim\u00e9e et comme l&rsquo;un des penseurs uniques du vingti\u00e8me si\u00e8cle. Le <strong>calendrier des \u00e9v\u00e9nements<\/strong> et leur description sont disponibles sur le <a href=\"https:\/\/www.pkfcentennial.org\/\"><u><strong>site web du centenaire de <\/strong><\/u><u><strong>pkf<\/strong><\/u><\/a>, qui comprend \u00e9galement des <strong>enregistrements audiovisuels originaux<\/strong> qui n&rsquo;existent nulle part ailleurs, des <strong>informations biographiques et bibliographiques<\/strong> sur pkf, des m\u00e9moires et des t\u00e9moignages, des informations sur les <strong>nouveaux volumes et les traductions<\/strong> de l&rsquo;\u0153uvre de pkf, des publications sur pkf produites en 2024 <strong>dans de nombreuses langues<\/strong> et une s\u00e9lection de citations, publi\u00e9es chaque semaine tout au long de l&rsquo;ann\u00e9e.\u00a0 Le site web comprend \u00e9galement des liens en continu et des <strong>vid\u00e9os<\/strong> enregistr\u00e9es d&rsquo;\u00e9v\u00e9nements, <strong>d&rsquo;\u00e9missions de radio<\/strong>, de <strong>num\u00e9ros sp\u00e9ciaux de revues<\/strong>, et m\u00eame des <strong>extraits de <\/strong><strong>What<\/strong><strong> Reality ? &#8212; un cycle de sept chansons pour voix de soprano et piano compos\u00e9es \u00e0 la m\u00e9moire de Paul<\/strong>. Le titre du cycle est emprunt\u00e9 \u00e0 un article de <em>Conqu\u00eate de l\u2019Abondance<\/em>, le dernier ouvrage posthume de pkf, qui a \u00e9galement servi d&rsquo;inspiration pour les paroles.<\/p>\n<p>L&rsquo;image repr\u00e9sente l&rsquo;invitation distribu\u00e9e avant la d\u00e9dicace officielle \u00e0 Paul d&rsquo;un espace \u00e0 usage commun et d&rsquo;un banc de repos avec vue au Mont P\u00e8lerin (Suisse).<\/p>\n<p>Les \u00e9v\u00e9nements se poursuivront jusqu&rsquo;au <strong>13 janvier 2025<\/strong>, date \u00e0 laquelle un rendez-vous de cl\u00f4ture sera organis\u00e9 en ligne.<\/p>","protected":false},"excerpt":{"rendered":"<p>Mis \u00e0 jour en octobre 2024 Le mois de janvier 2024 a marqu\u00e9 les 100 ans de la naissance de Paul K. Feyerabend. Tout au long de l&rsquo;ann\u00e9e, des \u00e9v\u00e9nements ont eu lieu sur diff\u00e9rents continents pour se souvenir de&#8230;<\/p>\n","protected":false},"author":1,"featured_media":0,"parent":0,"menu_order":4,"comment_status":"closed","ping_status":"closed","template":"","meta":[],"_links":{"self":[{"href":"https:\/\/www.pkfeyerabend.org\/fr\/wp-json\/wp\/v2\/pages\/1703"}],"collection":[{"href":"https:\/\/www.pkfeyerabend.org\/fr\/wp-json\/wp\/v2\/pages"}],"about":[{"href":"https:\/\/www.pkfeyerabend.org\/fr\/wp-json\/wp\/v2\/types\/page"}],"author":[{"embeddable":true,"href":"https:\/\/www.pkfeyerabend.org\/fr\/wp-json\/wp\/v2\/users\/1"}],"replies":[{"embeddable":true,"href":"https:\/\/www.pkfeyerabend.org\/fr\/wp-json\/wp\/v2\/comments?post=1703"}],"version-history":[{"count":28,"href":"https:\/\/www.pkfeyerabend.org\/fr\/wp-json\/wp\/v2\/pages\/1703\/revisions"}],"predecessor-version":[{"id":3018,"href":"https:\/\/www.pkfeyerabend.org\/fr\/wp-json\/wp\/v2\/pages\/1703\/revisions\/3018"}],"wp:attachment":[{"href":"https:\/\/www.pkfeyerabend.org\/fr\/wp-json\/wp\/v2\/media?parent=1703"}],"curies":[{"name":"wp","href":"https:\/\/api.w.org\/{rel}","templated":true}]}}