{"id":2011,"date":"2020-12-16T22:59:56","date_gmt":"2020-12-16T21:59:56","guid":{"rendered":"https:\/\/www.pkfeyerabend.org\/?page_id=2011"},"modified":"2026-02-06T14:49:31","modified_gmt":"2026-02-06T13:49:31","slug":"pour-les-nominateurs","status":"publish","type":"page","link":"https:\/\/www.pkfeyerabend.org\/fr\/accueil\/pour-les-nominateurs\/","title":{"rendered":"Pour les Nominateurs"},"content":{"rendered":"<p><a href=\"https:\/\/www.pkfeyerabend.org\/wp-content\/uploads\/2020\/12\/DSCN1600-scaled.jpg\"><img decoding=\"async\" loading=\"lazy\" class=\"aligncenter wp-image-2012 size-single-thumbnail\" src=\"https:\/\/www.pkfeyerabend.org\/wp-content\/uploads\/2020\/12\/DSCN1600-636x310.jpg\" alt=\"\" width=\"636\" height=\"310\" \/><\/a><\/p>\n<p>L&rsquo;APKF offre des <strong><em>subventions <\/em><\/strong>aux organisations, communaut\u00e9s ou individus qui proposent des <strong><em>initiatives convaincantes favorisant la solidarit\u00e9 au sein des communaut\u00e9s et entre elles de mani\u00e8re exemplaire, innovante et durable<\/em><\/strong>. Les subventions s&rsquo;\u00e9l\u00e8vent \u00e0 un maximum de 10 000 francs suisses pour des initiatives d&rsquo;une dur\u00e9e de 1 \u00e0 2 ans. Les initiatives qui demandent des montants inf\u00e9rieurs b\u00e9n\u00e9ficieront d&rsquo;une attention particuli\u00e8re.<\/p>\n<p>L&rsquo;association peut \u00e9galement d\u00e9cerner le <strong><em>prix Paul K. Feyerabend <\/em><\/strong>(sous-titr\u00e9 <strong>\u00ab<em> un monde solidaire est possible<\/em> \u00bb<\/strong>). Ce prix r\u00e9compense les <strong><em>organisations, communaut\u00e9s ou individus qui ont obtenu des r\u00e9sultats exceptionnellement inspirants gr\u00e2ce \u00e0 et pour la solidarit\u00e9 communautaire<\/em><\/strong>. Le prix comprend une r\u00e9compense financi\u00e8re, un souvenir physique et parfois une invitation \u00e0 voyager et \u00e0 partager avec d&rsquo;autres l&rsquo;exp\u00e9rience qui a conduit \u00e0 l&rsquo;obtention du prix et les le\u00e7ons qui en ont \u00e9t\u00e9 tir\u00e9es. Le montant financier remis dans le cadre du prix est variable.<\/p>\n<p>L&rsquo;association identifie les projets selon une approche \u00e0 deux niveaux, pour laquelle les personnes charg\u00e9es de proposer des candidatures sont pri\u00e9es d&rsquo;utiliser les formulaires A<em>PKF Grant <\/em>et A<em>PKF Award qu&rsquo;elles peuvent t\u00e9l\u00e9charger ci-dessous.<\/em><\/p>\n<p>Tous les nominateurs sont pri\u00e9s de <strong><em>diffuser les informations au sein de leurs r\u00e9seaux <\/em><\/strong>concernant les subventions mises \u00e0 disposition par l&rsquo;association et de <strong><em>ne transmettre le formulaire de demande de subvention qu&rsquo;aux organisations en lesquelles ils ont confiance.<\/em><\/strong><\/p>\n<p>Les organisations, communaut\u00e9s et individus int\u00e9ress\u00e9s par une candidature devront remplir eux-m\u00eames le formulaire de demande de subvention PKF et le renvoyer \u00e0 leurs nominateurs. \u00c0 la fin du formulaire de demande de subvention, un espace est r\u00e9serv\u00e9 aux nominateurs pour qu&rsquo;ils <strong><em>expriment leurs opinions et leurs consid\u00e9rations<\/em><\/strong> sur les crit\u00e8res que l&rsquo;association utilisera pour \u00e9valuer l&rsquo;initiative. Si les <em>nominateurs<\/em> re\u00e7oivent des propositions qu&rsquo;ils jugent dignes d&rsquo;attention et de soutien, ils sont pri\u00e9s de <strong><em>les transmettre <\/em><\/strong>\u00e0 l&rsquo;association. Veuillez le faire d\u00e8s que possible au cours de l&rsquo;ann\u00e9e civile, <strong><em>avant la date limite annuelle.<\/em><\/strong><\/p>\n<p>L&rsquo;association ne prendra en consid\u00e9ration <em>que les <\/em>propositions soumises par un ou plusieurs nominateurs et accompagn\u00e9es de leurs \u00e9valuations. <em>Toutes les <\/em>propositions soumises par les nominateurs seront examin\u00e9es.<\/p>\n<p>Contrairement aux formulaires de demande de subvention APKF, <strong><em>les formulaires de candidature au prix PKF doivent \u00eatre enti\u00e8rement remplis par un ou plusieurs nominateurs<\/em><\/strong>. Les nominateurs doivent garder leurs nominations <strong><em>confidentielles<\/em><\/strong>.<\/p>\n<p>La date limite pour soumettre les nominations pour les subventions APKF et\/ou le prix PKF <em>2026<\/em> est le <strong><em>31 mai 2026.<\/em><\/strong><\/p>\n<p>Les formulaires pour soumettre une demande de subvention ou une nomination pour le prix APKF en 2026 peuvent \u00eatre t\u00e9l\u00e9charg\u00e9s ci-dessous. Si vous rencontrez des probl\u00e8mes, <a href=\"https:\/\/www.pkfeyerabend.org\/fr\/contactez-nous\/\">veuillez nous contacter<\/a> et demander explicitement la langue dont vous avez besoin.<\/p>\n<ul>\n<li><a href=\"https:\/\/1drv.ms\/w\/c\/4e766e07e0d46b9a\/IQD7Kk6TMbdmTI8hidNkymqxAaxcUeDmqZ7jCs9I9clM7sI?e=vonMjZ\">Formulaire de demande de subvention APKF 2026<\/a><\/li>\n<\/ul>\n<ul>\n<li><a href=\"https:\/\/1drv.ms\/w\/c\/4e766e07e0d46b9a\/IQCuGR8zFJ-bTb9zl2-CWLU6AYIsQmnOk86sZ8VkrVejnkE?e=Z2wo4y\">Formulaire de proposition de candidat pour le prix PKF 2026<\/a><\/li>\n<\/ul>\n<p><\/p>","protected":false},"excerpt":{"rendered":"<p>L&rsquo;APKF offre des subventions aux organisations, communaut\u00e9s ou individus qui proposent des initiatives convaincantes favorisant la solidarit\u00e9 au sein des communaut\u00e9s et entre elles de mani\u00e8re exemplaire, innovante et durable. Les subventions s&rsquo;\u00e9l\u00e8vent \u00e0 un maximum de 10 000 francs&#8230;<\/p>\n","protected":false},"author":1,"featured_media":0,"parent":13,"menu_order":4,"comment_status":"closed","ping_status":"closed","template":"","meta":[],"_links":{"self":[{"href":"https:\/\/www.pkfeyerabend.org\/fr\/wp-json\/wp\/v2\/pages\/2011"}],"collection":[{"href":"https:\/\/www.pkfeyerabend.org\/fr\/wp-json\/wp\/v2\/pages"}],"about":[{"href":"https:\/\/www.pkfeyerabend.org\/fr\/wp-json\/wp\/v2\/types\/page"}],"author":[{"embeddable":true,"href":"https:\/\/www.pkfeyerabend.org\/fr\/wp-json\/wp\/v2\/users\/1"}],"replies":[{"embeddable":true,"href":"https:\/\/www.pkfeyerabend.org\/fr\/wp-json\/wp\/v2\/comments?post=2011"}],"version-history":[{"count":9,"href":"https:\/\/www.pkfeyerabend.org\/fr\/wp-json\/wp\/v2\/pages\/2011\/revisions"}],"predecessor-version":[{"id":3153,"href":"https:\/\/www.pkfeyerabend.org\/fr\/wp-json\/wp\/v2\/pages\/2011\/revisions\/3153"}],"up":[{"embeddable":true,"href":"https:\/\/www.pkfeyerabend.org\/fr\/wp-json\/wp\/v2\/pages\/13"}],"wp:attachment":[{"href":"https:\/\/www.pkfeyerabend.org\/fr\/wp-json\/wp\/v2\/media?parent=2011"}],"curies":[{"name":"wp","href":"https:\/\/api.w.org\/{rel}","templated":true}]}}