{"id":2271,"date":"2021-08-02T22:01:16","date_gmt":"2021-08-02T20:01:16","guid":{"rendered":"https:\/\/www.pkfeyerabend.org\/?page_id=2271"},"modified":"2022-11-03T10:29:54","modified_gmt":"2022-11-03T09:29:54","slug":"a-site-with-a-view-a-foundation-with-vision","status":"publish","type":"page","link":"https:\/\/www.pkfeyerabend.org\/fr\/a-site-with-a-view-a-foundation-with-vision\/","title":{"rendered":"Un belv\u00e9d\u00e8re"},"content":{"rendered":"<p><a href=\"https:\/\/www.pkfeyerabend.org\/wp-content\/uploads\/2021\/08\/IMG_7384-Copy-scaled.jpg\"><img decoding=\"async\" loading=\"lazy\" class=\"size-medium_large wp-image-2272 alignnone\" src=\"https:\/\/www.pkfeyerabend.org\/wp-content\/uploads\/2021\/08\/IMG_7384-Copy-768x420.jpg\" alt=\"\" width=\"768\" height=\"420\" srcset=\"https:\/\/www.pkfeyerabend.org\/wp-content\/uploads\/2021\/08\/IMG_7384-Copy-768x420.jpg 768w, https:\/\/www.pkfeyerabend.org\/wp-content\/uploads\/2021\/08\/IMG_7384-Copy-300x164.jpg 300w, https:\/\/www.pkfeyerabend.org\/wp-content\/uploads\/2021\/08\/IMG_7384-Copy-1024x560.jpg 1024w, https:\/\/www.pkfeyerabend.org\/wp-content\/uploads\/2021\/08\/IMG_7384-Copy-1536x841.jpg 1536w, https:\/\/www.pkfeyerabend.org\/wp-content\/uploads\/2021\/08\/IMG_7384-Copy-2048x1121.jpg 2048w\" sizes=\"(max-width: 768px) 100vw, 768px\" \/><\/a><\/p>\n<table>\n<tbody>\n<tr>\n<td><strong>Choose your language :<\/strong><\/td>\n<td><a href=\"https:\/\/www.pkfeyerabend.org\/fr\/a-site-with-a-view-a-foundation-with-vision\/\"><img decoding=\"async\" loading=\"lazy\" class=\"size-full wp-image-2302 alignnone\" src=\"https:\/\/www.pkfeyerabend.org\/wp-content\/uploads\/2021\/08\/fr.png\" alt=\"\" width=\"25\" height=\"15\" \/><\/a><\/td>\n<td><a href=\"https:\/\/www.pkfeyerabend.org\/en\/a-site-with-a-view-a-foundation-with-vision\/\"><img decoding=\"async\" loading=\"lazy\" class=\"alignnone size-full wp-image-2303\" src=\"https:\/\/www.pkfeyerabend.org\/wp-content\/uploads\/2021\/08\/gb.png\" alt=\"\" width=\"25\" height=\"15\" \/><\/a><\/td>\n<td><a href=\"https:\/\/www.pkfeyerabend.org\/es\/a-site-with-a-view-a-foundation-with-vision\/\"><img decoding=\"async\" loading=\"lazy\" class=\"alignnone size-full wp-image-2301\" src=\"https:\/\/www.pkfeyerabend.org\/wp-content\/uploads\/2021\/08\/es.png\" alt=\"\" width=\"25\" height=\"15\" \/><\/a><\/td>\n<\/tr>\n<\/tbody>\n<\/table>\n<p>Vous avez peut-\u00eatre atteint cette page apr\u00e8s avoir scann\u00e9 un code QR sur le site illustr\u00e9 ici, qui a \u00e9t\u00e9 d\u00e9di\u00e9 \u00e0 un usage public en m\u00e9moire de Paul K. Feyerabend. Nous esp\u00e9rons que vous appr\u00e9ciez la vue ! Si vous vous demandez qui \u00e9tait Paul K. Feyerabend, de quoi s\u2019occupe la Fondation Paul K. Feyerabend ou pourquoi le rhinoc\u00e9ros de D\u00fcrer a \u00e9t\u00e9 choisi comme symbole du centenaire, veuillez cliquer sur les liens ci-dessous, SVP :<\/p>\n<ul>\n<li style=\"list-style-type: none;\">\n<ul>\n<li><a href=\"https:\/\/www.pkfeyerabend.org\/fr\/\">Un belv\u00e9d\u00e8re, une Fondation avec vision !<\/a><\/li>\n<li><a href=\"https:\/\/www.pkfeyerabend.org\/fr\/paul-k-feyerabend\/\">Qui \u00e9tait Paul K. Feyerabend ?<\/a><\/li>\n<li><a href=\"https:\/\/www.pkfeyerabend.org\/a-site-with-a-view-a-foundation-with-vision\/pourquoi-le-rhinoceros-de-durer\/\">Pourquoi le rhinoc\u00e9ros de D\u00fcrer\u00a0?<\/a><\/li>\n<\/ul>\n<\/li>\n<\/ul>\n<p><\/p>","protected":false},"excerpt":{"rendered":"<p>Choose your language : Vous avez peut-\u00eatre atteint cette page apr\u00e8s avoir scann\u00e9 un code QR sur le site illustr\u00e9 ici, qui a \u00e9t\u00e9 d\u00e9di\u00e9 \u00e0 un usage public en m\u00e9moire de Paul K. Feyerabend. Nous esp\u00e9rons que vous appr\u00e9ciez&#8230;<\/p>\n","protected":false},"author":1,"featured_media":0,"parent":0,"menu_order":5,"comment_status":"closed","ping_status":"closed","template":"","meta":[],"_links":{"self":[{"href":"https:\/\/www.pkfeyerabend.org\/fr\/wp-json\/wp\/v2\/pages\/2271"}],"collection":[{"href":"https:\/\/www.pkfeyerabend.org\/fr\/wp-json\/wp\/v2\/pages"}],"about":[{"href":"https:\/\/www.pkfeyerabend.org\/fr\/wp-json\/wp\/v2\/types\/page"}],"author":[{"embeddable":true,"href":"https:\/\/www.pkfeyerabend.org\/fr\/wp-json\/wp\/v2\/users\/1"}],"replies":[{"embeddable":true,"href":"https:\/\/www.pkfeyerabend.org\/fr\/wp-json\/wp\/v2\/comments?post=2271"}],"version-history":[{"count":35,"href":"https:\/\/www.pkfeyerabend.org\/fr\/wp-json\/wp\/v2\/pages\/2271\/revisions"}],"predecessor-version":[{"id":2669,"href":"https:\/\/www.pkfeyerabend.org\/fr\/wp-json\/wp\/v2\/pages\/2271\/revisions\/2669"}],"wp:attachment":[{"href":"https:\/\/www.pkfeyerabend.org\/fr\/wp-json\/wp\/v2\/media?parent=2271"}],"curies":[{"name":"wp","href":"https:\/\/api.w.org\/{rel}","templated":true}]}}