{"id":2428,"date":"2021-11-20T20:40:56","date_gmt":"2021-11-20T19:40:56","guid":{"rendered":"https:\/\/www.pkfeyerabend.org\/?page_id=2428"},"modified":"2026-02-06T15:04:42","modified_gmt":"2026-02-06T14:04:42","slug":"tableau-dhonneur-des-soutiens-de-la-solidarite-communautaire","status":"publish","type":"page","link":"https:\/\/www.pkfeyerabend.org\/fr\/soutenir-la-fondation\/tableau-dhonneur-des-soutiens-de-la-solidarite-communautaire\/","title":{"rendered":"Tableau d&rsquo;honneur des soutiens de la solidarit\u00e9 communautaire"},"content":{"rendered":"<p><div id=\"attachment_2438\" style=\"width: 360px\" class=\"wp-caption alignright\"><a href=\"https:\/\/www.pkfeyerabend.org\/wp-content\/uploads\/2021\/11\/certificate-scaled.jpg\"><img aria-describedby=\"caption-attachment-2438\" decoding=\"async\" loading=\"lazy\" class=\" wp-image-2438\" src=\"https:\/\/www.pkfeyerabend.org\/wp-content\/uploads\/2021\/11\/certificate-224x300.jpg\" alt=\"Gift certificate\" width=\"350\" height=\"468\" srcset=\"https:\/\/www.pkfeyerabend.org\/wp-content\/uploads\/2021\/11\/certificate-224x300.jpg 224w, https:\/\/www.pkfeyerabend.org\/wp-content\/uploads\/2021\/11\/certificate-765x1024.jpg 765w, https:\/\/www.pkfeyerabend.org\/wp-content\/uploads\/2021\/11\/certificate-768x1027.jpg 768w, https:\/\/www.pkfeyerabend.org\/wp-content\/uploads\/2021\/11\/certificate-1148x1536.jpg 1148w, https:\/\/www.pkfeyerabend.org\/wp-content\/uploads\/2021\/11\/certificate-1531x2048.jpg 1531w, https:\/\/www.pkfeyerabend.org\/wp-content\/uploads\/2021\/11\/certificate-scaled.jpg 1913w\" sizes=\"(max-width: 350px) 100vw, 350px\" \/><\/a><p id=\"caption-attachment-2438\" class=\"wp-caption-text\">\u0152uvre r\u00e9alis\u00e9e par Hernan Rodas Martinez,<br \/>laur\u00e9at du Prix Paul K Feyerabend 2007<\/p><\/div><\/p>\n<h3>L&rsquo;Association Paul K. Feyerabend remercie les suivants pour leur appui \u00e0 la diversit\u00e9 biologique et culturelle et \u00e0 la solidarit\u00e9 communautaire (un don a \u00e9t\u00e9 fait par eux ou en leur nom) :<\/h3>\n<table width=\"100%\">\n<tbody>\n<tr>\n<td width=\"16%\"><\/td>\n<td width=\"73%\"><\/td>\n<td width=\"10%\"><\/td>\n<\/tr>\n<tr>\n<td width=\"16%\"><strong>Nom<\/strong><\/td>\n<td width=\"73%\"><strong>Pour le projet<\/strong><\/td>\n<td width=\"10%\"><strong>Date du don<\/strong><\/td>\n<\/tr>\n<tr>\n<td width=\"16%\">Don Gianluca Galantini<\/td>\n<td width=\"73%\"><a href=\"https:\/\/www.pkfeyerabend.org\/fr\/2025\/11\/27\/les-enfants-travailleurs-de-paute-maintiennent-leur-association-de-solidarite-ils-apprennent-ils-trouvent-des-occasions-de-detente-et-ils-aident-les-personnes-agees-defavorisees-de-leur-communaute\/\">Les enfants travailleurs de Paute maintiennent leur association de solidarit\u00e9 : ils apprennent, ils trouvent des occasions de d\u00e9tente et ils aident les personnes \u00e2g\u00e9es d\u00e9favoris\u00e9es de leur communaut\u00e9<\/a><\/td>\n<td width=\"10%\">Dec 2025<\/td>\n<\/tr>\n<tr>\n<td width=\"16%\"><\/td>\n<td width=\"73%\"><\/td>\n<td width=\"10%\"><\/td>\n<\/tr>\n<tr>\n<td width=\"16%\">Jacopo Lerici<\/td>\n<td width=\"73%\"><a href=\"https:\/\/www.pkfeyerabend.org\/fr\/2024\/09\/16\/le-prix-paul-k-feyerabend-2024-a-la-solidarite-a-gaza-cinq-exemples-de-solidarite-humaine-a-gaza-qui-devraient-inspirer-le-monde-entier\/\">Cinq exemples de solidarit\u00e9 humaine \u00e0 Gaza qui devraient inspirer le monde entier<\/a><\/td>\n<td width=\"10%\">Dec 2024<\/td>\n<\/tr>\n<tr>\n<td width=\"16%\"><\/td>\n<td width=\"73%\"><\/td>\n<td width=\"10%\"><\/td>\n<\/tr>\n<tr>\n<td width=\"16%\">Aurora Borrini<\/td>\n<td width=\"73%\"><a href=\"https:\/\/www.pkfeyerabend.org\/fr\/2024\/10\/08\/petit-soutien-pour-poursuivre-les-echanges-intercommunautaires-avec-le-territoire-de-vie-emblematique-de-kawawana-casamance-senegal\/\">\u00e9changes intercommunautaires avec le territoire de vie embl\u00e9matique de Kawawana (Casamance, S\u00e9n\u00e9gal)<\/a><\/td>\n<td width=\"10%\">Dec 2024<\/td>\n<\/tr>\n<tr>\n<td width=\"16%\"><\/td>\n<td width=\"73%\"><\/td>\n<td width=\"10%\"><\/td>\n<\/tr>\n<tr>\n<td width=\"16%\">Giorgio &amp; Alice<\/td>\n<td width=\"73%\"><a href=\"https:\/\/www.pkfeyerabend.org\/fr\/2024\/09\/16\/renforcer-la-communication-et-la-solidarite-entre-les-communautes-matsigenka-afin-quelles-puissent-orienter-les-politiques-et-les-pratiques-de-conservation-et-de-developpement-dans-le-parc-national\/\">Renforcer la communication et la solidarit\u00e9 entre les communaut\u00e9s Matsigenka afin qu\u2019elles puissent orienter les politiques et les pratiques de conservation et de d\u00e9veloppement dans le parc national de Manu (P\u00e9rou) en fonction de leurs propres valeurs culturelles<\/a><\/td>\n<td width=\"10%\">Dec 2024<\/td>\n<\/tr>\n<tr>\n<td width=\"16%\"><\/td>\n<td width=\"73%\"><\/td>\n<td width=\"10%\"><\/td>\n<\/tr>\n<tr>\n<td width=\"16%\">Giada &amp; Giorgio Romano<\/td>\n<td width=\"73%\"><a href=\"https:\/\/www.pkfeyerabend.org\/fr\/2024\/09\/16\/quatre-communautes-de-la-republique-centra-africaine-renforcent-leur-solidarite-et-cohesion-sociale-en-consolidant-les-liens-avec-le-territoire-de-vie-quelles-partagent-et-en-cherchant-a-mie\/\">Quatre communaut\u00e9s de la R\u00e9publique Centra-africaine renforcent leur solidarit\u00e9 et coh\u00e9sion sociale en consolidant les liens avec le territoire de vie qu\u2019elles partagent, et en cherchant \u00e0 mieux le d\u00e9fendre face aux menaces ext\u00e9rieures<\/a><\/td>\n<td width=\"10%\">Dec 2024<\/td>\n<\/tr>\n<tr>\n<td width=\"16%\"><\/td>\n<td width=\"73%\"><\/td>\n<td width=\"10%\"><\/td>\n<\/tr>\n<tr>\n<td width=\"16%\">Daria &amp; Ettore<\/td>\n<td width=\"73%\"><a href=\"https:\/\/www.pkfeyerabend.org\/fr\/2024\/09\/16\/english-advancing-the-advocacy-agency-and-wellbeing-of-ethnic-and-linguistic-minorities-in-zimbabwe\/\">Les minorit\u00e9s ethniques du Zimbabwe appliquent des techniques non violentes pour revendiquer leurs droits, en commen\u00e7ant par une \u00ab\u00a0huile de confiance\u00a0\u00bb pour lubrifier leurs luttes<\/a><\/td>\n<td width=\"10%\">Dec 2024<\/td>\n<\/tr>\n<tr>\n<td width=\"16%\"><\/td>\n<td width=\"73%\"><\/td>\n<td width=\"10%\"><\/td>\n<\/tr>\n<tr>\n<td width=\"16%\">Janine et Raymond Olff<\/td>\n<td width=\"73%\"><a href=\"https:\/\/www.pkfeyerabend.org\/fr\/2024\/09\/16\/le-prix-paul-k-feyerabend-2024-a-la-solidarite-a-gaza-cinq-exemples-de-solidarite-humaine-a-gaza-qui-devraient-inspirer-le-monde-entier\/\">Cinq exemples de solidarit\u00e9 humaine \u00e0 Gaza qui devraient inspirer le monde entier<\/a><\/td>\n<td width=\"10%\">Oct 2024<\/td>\n<\/tr>\n<tr>\n<td width=\"16%\"><\/td>\n<td width=\"73%\"><\/td>\n<td width=\"10%\"><\/td>\n<\/tr>\n<tr>\n<td width=\"16%\">Matteo Collodel<\/td>\n<td width=\"73%\"><a href=\"https:\/\/www.pkfeyerabend.org\/fr\/2024\/10\/06\/trois-communautes-du-haut-atlas-marocain-sont-aidees-a-sengager-dans-la-recherche-action-et-a-agir-pour-lavenir-quelles-souhaitent-notamment-par-le-plaidoyer-politique-de-leurs-propres-priorite\/\">Trois communaut\u00e9s du Haut Atlas marocain sont aid\u00e9es \u00e0 s\u2019engager dans la recherche-action et \u00e0 agir pour l\u2019avenir qu\u2019elles souhaitent, notamment par le plaidoyer politique de leurs propres priorit\u00e9s<\/a><\/td>\n<td width=\"10%\">Oct 2024<\/td>\n<\/tr>\n<tr>\n<td width=\"16%\"><\/td>\n<td width=\"73%\"><\/td>\n<td width=\"10%\"><\/td>\n<\/tr>\n<tr>\n<td width=\"16%\">Mike Stuart<\/td>\n<td width=\"73%\"><a href=\"https:\/\/www.pkfeyerabend.org\/fr\/2024\/09\/22\/luniversite-ya-misak-a-guambia-colombie-tisser-les-liens-entre-cosmovision-et-economie-autonomie-et-spiritualite-savoirs-locaux-et-renforcement-organisationnel\/\">L\u2019Universit\u00e9 Ya-Misak \u00e0 Guamb\u00eda (Colombie) \u2013 tisser les liens entre cosmovision et \u00e9conomie, autonomie et spiritualit\u00e9, savoirs locaux et renforcement organisationnel<\/a><\/td>\n<td width=\"10%\">Oct 2024<\/td>\n<\/tr>\n<tr>\n<td width=\"16%\"><\/td>\n<td width=\"73%\"><\/td>\n<td width=\"10%\"><\/td>\n<\/tr>\n<tr>\n<td width=\"16%\">Jean Marie Hermant<\/td>\n<td width=\"73%\"><a href=\"https:\/\/www.pkfeyerabend.org\/fr\/2023\/10\/03\/engager-la-recherche-action-participative-pour-renforcer-un-reseau-de-solidarite-mutuelle-vers-la-mediation-et-la-paix-a-gulu-ouganda\/\">Engager la recherche action participative pour renforcer un r\u00e9seau de solidarit\u00e9 mutuelle vers la m\u00e9diation et la paix \u00e0 Gulu, Ouganda<\/a><\/td>\n<td width=\"10%\">Mai 2023<\/td>\n<\/tr>\n<tr>\n<td width=\"16%\"><\/td>\n<td width=\"73%\"><\/td>\n<td width=\"10%\"><\/td>\n<\/tr>\n<tr>\n<td width=\"16%\">Maude von Roten Mueller<\/td>\n<td width=\"73%\"><a href=\"https:\/\/www.pkfeyerabend.org\/fr\/2023\/10\/03\/construire-un-plan-de-vie-pour-renforcer-la-gouvernance-environnementale-communautaire-marine-cotiere-de-la-commune-ancestrale-de-puerto-cabuyal-equateur\/\">Construire un plan de vie pour renforcer la gouvernance environnementale communautaire marine c\u00f4ti\u00e8re de la commune ancestrale de Puerto Cabuyal (\u00c9quateur)<\/a><\/td>\n<td width=\"10%\">Jan 2023<\/td>\n<\/tr>\n<tr>\n<td width=\"16%\"><\/td>\n<td width=\"73%\"><\/td>\n<td width=\"10%\"><\/td>\n<\/tr>\n<tr>\n<td width=\"16%\">Prof. Michael Mueller<\/td>\n<td width=\"73%\"><a href=\"https:\/\/www.pkfeyerabend.org\/fr\/2022\/08\/17\/anuradha-mittal-soutenir-les-opprimes-et-denoncer-laccaparement-des-terres-par-des-recherches-meticuleuses-un-plaidoyer-tenace-et-un-activisme-sans-faille\/\">Anuradha Mittal : soutenir les opprim\u00e9s et d\u00e9noncer l\u2019accaparement des terres par des recherches m\u00e9ticuleuses, un plaidoyer tenace et un activisme sans faille.<\/a><\/td>\n<td width=\"10%\">Oct 2022<\/td>\n<\/tr>\n<tr>\n<td width=\"16%\"><\/td>\n<td width=\"73%\"><\/td>\n<td width=\"10%\"><\/td>\n<\/tr>\n<tr>\n<td width=\"16%\">Dr. Chinh Linh Quang<\/td>\n<td width=\"73%\"><a href=\"https:\/\/www.pkfeyerabend.org\/fr\/2022\/08\/17\/josefina-antonieta-tunki-tiris-premiere-femme-presidente-du-peuple-shuar-arutam-dequateur-courageuse-defenseuse-de-son-territoire-de-vie-face-a-lindustrie-miniere-polluante\/\">Josefina Antonieta Tunki Tiris \u2013 premi\u00e8re femme pr\u00e9sidente du peuple Shuar Arutam d\u2019\u00c9quateur, courageuse d\u00e9fenseuse de son territoire de vie face \u00e0 l\u2019industrie mini\u00e8re polluante.<\/a><\/td>\n<td width=\"10%\">Oct 2022<\/td>\n<\/tr>\n<tr>\n<td width=\"16%\"><\/td>\n<td width=\"73%\"><\/td>\n<td width=\"10%\"><\/td>\n<\/tr>\n<tr>\n<td width=\"16%\">Tilman Jaeger<\/td>\n<td width=\"73%\"><a href=\"https:\/\/www.pkfeyerabend.org\/fr\/2022\/08\/17\/un-processus-de-solidarite-permanente-protege-les-connaissances-ancestrales-et-les-semences-autochtones-a-ajuluco-de-tenancingo-buena-vista-et-animas-de-santa-cruz-michapa-el-salvador\/\">Un processus de \u201csolidarit\u00e9 permanente\u201d prot\u00e8ge les connaissances ancestrales et les semences autochtones \u00e0 Ajuluco de Tenancingo, Buena Vista et Animas de Santa Cruz Michapa (El Salvador)<\/a><\/td>\n<td width=\"10%\">Oct 2022<\/td>\n<\/tr>\n<tr>\n<td width=\"16%\"><\/td>\n<td width=\"73%\"><\/td>\n<td width=\"10%\"><\/td>\n<\/tr>\n<tr>\n<td width=\"16%\">Lisa et Jean-Fred M.<\/td>\n<td width=\"73%\"><a href=\"https:\/\/www.pkfeyerabend.org\/fr\/2021\/09\/03\/soutenir-de-maniere-pratique-la-force-spirituelle-des-femmes-zomo-newen-pour-proteger-notre-territoire-mapuche-dans-le-sud-du-chili\/\">Soutenir de mani\u00e8re pratique la force spirituelle des femmes (zomo newen) pour prot\u00e9ger notre territoire Mapuche dans le sud du Chili.<\/a><\/td>\n<td width=\"10%\">Dec 2021<\/td>\n<\/tr>\n<tr>\n<td width=\"16%\"><\/td>\n<td width=\"73%\"><\/td>\n<td width=\"10%\"><\/td>\n<\/tr>\n<tr>\n<td width=\"16%\">Maria &amp; Mark H.<\/td>\n<td width=\"73%\"><a href=\"https:\/\/www.pkfeyerabend.org\/fr\/2019\/10\/06\/securite-et-solidarite-vont-de-pair-pour-la-communaute-adiwasi-baiga-de-linde-centrale\/\">S\u00e9curit\u00e9 et solidarit\u00e9 vont de pair pour la communaut\u00e9 Adiwasi Baiga de l\u2019Inde centrale<\/a><\/td>\n<td width=\"10%\">Dec 2021<\/td>\n<\/tr>\n<tr>\n<td width=\"16%\"><\/td>\n<td width=\"73%\"><\/td>\n<td width=\"10%\"><\/td>\n<\/tr>\n<tr>\n<td width=\"16%\">Daria &amp; Ettore<\/td>\n<td width=\"73%\"><a href=\"https:\/\/www.pkfeyerabend.org\/fr\/2020\/08\/29\/solidarite-entre-villages-et-securite-economique-grace-a-lapiculture-et-au-controle-de-qualite-participatif-a-xiengkuang-rdp-lao\/\">Solidarit\u00e9 entre villages et s\u00e9curit\u00e9 \u00e9conomique gr\u00e2ce \u00e0 l\u2019apiculture et au contr\u00f4le de qualit\u00e9 participatif \u00e0 Xiengkuang (RDP Lao)<\/a><\/td>\n<td width=\"10%\">Dec 2021<\/td>\n<\/tr>\n<tr>\n<td width=\"16%\"><\/td>\n<td width=\"73%\"><\/td>\n<td width=\"10%\"><\/td>\n<\/tr>\n<tr>\n<td width=\"16%\">Benjamin R.<\/td>\n<td width=\"73%\"><a href=\"https:\/\/www.pkfeyerabend.org\/2021\/12\/01\/des-guardias-indigenas-auto-organisees-protegeront-le-territoire-de-vie-du-peuple-shipibo-konibo-xetebo-en-amazonie-peruvienne\/\">Des Guardias ind\u00edgenas auto-organis\u00e9es prot\u00e8gent le territoire de vie du peuple Shipibo-Konibo-Xetebo en Amazonie p\u00e9ruvienne<\/a><\/td>\n<td width=\"10%\">Dec 2021<\/td>\n<\/tr>\n<tr>\n<td width=\"16%\"><\/td>\n<td width=\"73%\"><\/td>\n<td width=\"10%\"><\/td>\n<\/tr>\n<tr>\n<td width=\"16%\">Aurora B.<\/td>\n<td width=\"73%\"><a href=\"https:\/\/www.pkfeyerabend.org\/2021\/09\/21\/les-enfants-et-les-jeunes-des-peuples-pastoraux-du-comte-disiolo-kenya-apprennent-de-leurs-aines-a-devenir-les-gardiens-du-patrimoine-culturel-et-naturel\/\">Les enfants et les jeunes des peuples pastoraux du comt\u00e9 d\u2019Isiolo (Kenya) apprennent de leurs a\u00een\u00e9s \u00e0 devenir les gardiens du patrimoine culturel et naturel.<\/a><\/td>\n<td width=\"10%\">Nov 2021<\/td>\n<\/tr>\n<tr>\n<td width=\"16%\"><\/td>\n<td width=\"73%\"><\/td>\n<td width=\"10%\"><\/td>\n<\/tr>\n<tr>\n<td width=\"16%\">Gianfranco &amp; Alina<\/td>\n<td width=\"73%\"><a href=\"https:\/\/www.pkfeyerabend.org\/2019\/10\/06\/securiser-les-territoires-de-vie-pour-soutenir-les-peuples-autochtones-mobiles-et-conserver-la-nature-en-iran-une-initiative-en-memoire-et-a-lhonneur-du-dr-m-taghi-farvar\/\">S\u00e9curiser les territoires de vie pour soutenir les peuples autochtones mobiles et conserver la nature en Iran \u2013 une initiative en m\u00e9moire et \u00e0 l\u2019honneur du Dr M. Taghi Farvar<\/a><\/td>\n<td width=\"10%\">Nov 2021<\/td>\n<\/tr>\n<tr>\n<td width=\"16%\"><\/td>\n<td width=\"73%\"><\/td>\n<td width=\"10%\"><\/td>\n<\/tr>\n<tr>\n<td width=\"16%\">Giorgio B.<\/td>\n<td width=\"73%\"><a href=\"https:\/\/www.pkfeyerabend.org\/fr\/2019\/10\/01\/english-lottie-cunningham-2019-paul-k-feyerabend-award\/\">Lottie Cunningham Wren : promouvoir la solidarit\u00e9 mutuelle et les droits humains pour d\u00e9fendre la vie, la culture et la nature du peuple Miskito du Nicaragua.<\/a><\/td>\n<td width=\"10%\">Nov 2021<\/td>\n<\/tr>\n<tr>\n<td width=\"16%\"><\/td>\n<td width=\"73%\"><\/td>\n<td width=\"10%\"><\/td>\n<\/tr>\n<tr>\n<td width=\"16%\">Giada B.<\/td>\n<td width=\"73%\"><a href=\"https:\/\/www.pkfeyerabend.org\/2021\/09\/03\/banque-demplois-autogeree-par-des-femmes-et-les-jeunes-autochtones-et-metisses-dans-une-peripherie-urbaine-du-chiapas-mexique\/\">Banque d\u2019emplois autog\u00e9r\u00e9e par des femmes et les jeunes autochtones et m\u00e9tisses dans une p\u00e9riph\u00e9rie urbaine du Chiapas (Mexique)<\/a><\/td>\n<td width=\"10%\">Nov 2021<\/td>\n<\/tr>\n<tr>\n<td width=\"16%\"><\/td>\n<td width=\"73%\"><\/td>\n<td width=\"10%\"><\/td>\n<\/tr>\n<tr>\n<td width=\"16%\">Mauro, Patrizia &amp; Jacopo<\/td>\n<td width=\"73%\"><a href=\"https:\/\/www.pkfeyerabend.org\/2021\/09\/03\/les-communautes-de-minorites-ethniques-et-linguistiques-renforcent-leur-solidarite-pour-se-defendre-et-defendre-leurs-territoires-contre-lexpansion-des-industries-extractives-au-zimbabwe\/\">Les communaut\u00e9s de minorit\u00e9s ethniques et linguistiques renforcent leur solidarit\u00e9 pour se d\u00e9fendre et d\u00e9fendre leurs territoires contre l\u2019expansion des industries extractives au Zimbabwe<\/a><\/td>\n<td width=\"10%\">Nov 2021<\/td>\n<\/tr>\n<tr>\n<td width=\"16%\"><\/td>\n<td width=\"73%\"><\/td>\n<td width=\"10%\"><\/td>\n<\/tr>\n<tr>\n<td width=\"16%\">Sandro &amp; Sara<\/td>\n<td width=\"73%\"><a href=\"https:\/\/www.pkfeyerabend.org\/en\/2020\/08\/29\/radio-communautaire-de-brisas-del-sur-renforcer-la-gouvernance-locale-et-autochtone-dans-la-communaute-mapuche-chono-antunen-rain-sur-la-cote-daysen-au-chili\/\">Radio communautaire de Brisas del Sur : renforcer la gouvernance locale et autochtone dans la communaut\u00e9 mapuche-chono Antunen Rain sur la c\u00f4te d\u2019Ays\u00e9n, au Chili<\/a><\/td>\n<td width=\"10%\">Nov 2021<\/td>\n<\/tr>\n<tr>\n<td width=\"16%\"><\/td>\n<td width=\"73%\"><\/td>\n<td width=\"10%\"><\/td>\n<\/tr>\n<tr>\n<td width=\"16%\">Christian &amp; Sylvie<\/td>\n<td width=\"73%\"><a href=\"https:\/\/www.pkfeyerabend.org\/2019\/10\/06\/valoriser-les-savoirs-et-les-pratiques-traditionnelles-alimentaires-des-peuples-autochtones-pygmees-de-la-region-des-grands-lacs-rdc\/\">Valoriser les savoirs et les pratiques traditionnelles alimentaires des peuples autochtones Pygm\u00e9es de la r\u00e9gion des Grands Lacs, RDC <\/a><\/td>\n<td width=\"10%\">Sept 2021<\/td>\n<\/tr>\n<tr>\n<td width=\"16%\"><\/td>\n<td width=\"73%\"><\/td>\n<td width=\"10%\"><\/td>\n<\/tr>\n<tr>\n<td width=\"16%\">Ghanimat A.<\/td>\n<td width=\"73%\"><a href=\"https:\/\/www.pkfeyerabend.org\/2019\/10\/06\/securiser-les-territoires-de-vie-pour-soutenir-les-peuples-autochtones-mobiles-et-conserver-la-nature-en-iran-une-initiative-en-memoire-et-a-lhonneur-du-dr-m-taghi-farvar\/\">S\u00e9curiser les territoires de vie pour soutenir les peuples autochtones mobiles et conserver la nature en Iran \u2013 une initiative en m\u00e9moire et \u00e0 l\u2019honneur du Dr M. Taghi Farvar<\/a><\/td>\n<td width=\"10%\">2020<\/td>\n<\/tr>\n<\/tbody>\n<\/table>\n<p><\/p>","protected":false},"excerpt":{"rendered":"<p>L&rsquo;Association Paul K. Feyerabend remercie les suivants pour leur appui \u00e0 la diversit\u00e9 biologique et culturelle et \u00e0 la solidarit\u00e9 communautaire (un don a \u00e9t\u00e9 fait par eux ou en leur nom) : Nom Pour le projet Date du don&#8230;<\/p>\n","protected":false},"author":1,"featured_media":0,"parent":98,"menu_order":1,"comment_status":"closed","ping_status":"closed","template":"","meta":[],"_links":{"self":[{"href":"https:\/\/www.pkfeyerabend.org\/fr\/wp-json\/wp\/v2\/pages\/2428"}],"collection":[{"href":"https:\/\/www.pkfeyerabend.org\/fr\/wp-json\/wp\/v2\/pages"}],"about":[{"href":"https:\/\/www.pkfeyerabend.org\/fr\/wp-json\/wp\/v2\/types\/page"}],"author":[{"embeddable":true,"href":"https:\/\/www.pkfeyerabend.org\/fr\/wp-json\/wp\/v2\/users\/1"}],"replies":[{"embeddable":true,"href":"https:\/\/www.pkfeyerabend.org\/fr\/wp-json\/wp\/v2\/comments?post=2428"}],"version-history":[{"count":35,"href":"https:\/\/www.pkfeyerabend.org\/fr\/wp-json\/wp\/v2\/pages\/2428\/revisions"}],"predecessor-version":[{"id":3156,"href":"https:\/\/www.pkfeyerabend.org\/fr\/wp-json\/wp\/v2\/pages\/2428\/revisions\/3156"}],"up":[{"embeddable":true,"href":"https:\/\/www.pkfeyerabend.org\/fr\/wp-json\/wp\/v2\/pages\/98"}],"wp:attachment":[{"href":"https:\/\/www.pkfeyerabend.org\/fr\/wp-json\/wp\/v2\/media?parent=2428"}],"curies":[{"name":"wp","href":"https:\/\/api.w.org\/{rel}","templated":true}]}}