{"id":2650,"date":"2022-10-28T15:21:00","date_gmt":"2022-10-28T13:21:00","guid":{"rendered":"https:\/\/www.pkfeyerabend.org\/?page_id=2650"},"modified":"2022-11-22T20:13:37","modified_gmt":"2022-11-22T19:13:37","slug":"pourquoi-le-rhinoceros-de-durer","status":"publish","type":"page","link":"https:\/\/www.pkfeyerabend.org\/fr\/a-site-with-a-view-a-foundation-with-vision\/pourquoi-le-rhinoceros-de-durer\/","title":{"rendered":"Pourquoi le rhinoc\u00e9ros de D\u00fcrer ?"},"content":{"rendered":"<p><a href=\"https:\/\/www.pkfeyerabend.org\/wp-content\/uploads\/2021\/06\/PKF2024_logo_BT.png\"><img decoding=\"async\" loading=\"lazy\" class=\"size-medium_large wp-image-2218 alignnone\" src=\"https:\/\/www.pkfeyerabend.org\/wp-content\/uploads\/2021\/06\/PKF2024_logo_BT-768x772.png\" alt=\"Logo PKF Centennial\" width=\"768\" height=\"772\" srcset=\"https:\/\/www.pkfeyerabend.org\/wp-content\/uploads\/2021\/06\/PKF2024_logo_BT-768x772.png 768w, https:\/\/www.pkfeyerabend.org\/wp-content\/uploads\/2021\/06\/PKF2024_logo_BT-298x300.png 298w, https:\/\/www.pkfeyerabend.org\/wp-content\/uploads\/2021\/06\/PKF2024_logo_BT-150x150.png 150w, https:\/\/www.pkfeyerabend.org\/wp-content\/uploads\/2021\/06\/PKF2024_logo_BT.png 892w\" sizes=\"(max-width: 768px) 100vw, 768px\" \/><\/a><\/p>\n<p>Le rhinoc\u00e9ros qui appara\u00eet dans le logo du centenaire de Feyerabend est inspir\u00e9 d&rsquo;une c\u00e9l\u00e8bre gravure sur bois r\u00e9alis\u00e9e en 1515 par l&rsquo;artiste allemand Albrecht D\u00fcrer. L&rsquo;\u0153uvre de D\u00fcrer n&rsquo;\u00e9tait pas bas\u00e9e sur un animal vivant mais sur des descriptions et des croquis de seconde main du premier rhinoc\u00e9ros transport\u00e9 vivant en Europe. L&rsquo;image est donc une cr\u00e9ation entre le \u00ab\u00a0r\u00e9el\u00a0\u00bb et \u00ab\u00a0l&rsquo;imaginaire\u00a0\u00bb, qui reste pour beaucoup plus impressionnant que le \u00ab\u00a0r\u00e9el\u00a0\u00bb.\u00a0 L&rsquo;histoire est racont\u00e9e dans ces documentaires fascinants : <a href=\"https:\/\/www.youtube.com\/watch?v=IPthhO4YU28\">partie 1<\/a>, <a href=\"https:\/\/www.youtube.com\/watch?v=WsQCo04O97w\">partie 2<\/a>.<\/p>\n<p>Le logo a \u00e9t\u00e9 pr\u00e9par\u00e9 par Matteo Collodel sur la base de ces deux citations (non publi\u00e9es) de la correspondance Feyerabend-Lakatos :<\/p>\n<ol>\n<li>\u00ab\u00a0PS : d\u00e9couverte la plus r\u00e9cente : apr\u00e8s une \u00e9tude minutieuse d&rsquo;une dizaine de livres sur les Rhinoc\u00e9ros, j&rsquo;en arrive \u00e0 la conclusion que l&rsquo;image de Duerer reste la meilleure, et meilleure que les photographies.\u00a0\u00bb (Feyerabend \u00e0 Lakatos, printemps 1969).<\/li>\n<li>\u00ab\u00a0Votre carte postale des poly\u00e8dres m&rsquo;a donn\u00e9 une id\u00e9e : je vais faire faire une carte postale avec des rhinoc\u00e9ros dessus, mon symbole.\u00a0\u00bb (Feyerabend \u00e0 Lakatos, printemps 1970).<\/li>\n<\/ol>\n<p>&nbsp;<\/p>","protected":false},"excerpt":{"rendered":"<p>Le rhinoc\u00e9ros qui appara\u00eet dans le logo du centenaire de Feyerabend est inspir\u00e9 d&rsquo;une c\u00e9l\u00e8bre gravure sur bois r\u00e9alis\u00e9e en 1515 par l&rsquo;artiste allemand Albrecht D\u00fcrer. L&rsquo;\u0153uvre de D\u00fcrer n&rsquo;\u00e9tait pas bas\u00e9e sur un animal vivant mais sur des descriptions&#8230;<\/p>\n","protected":false},"author":1,"featured_media":0,"parent":2271,"menu_order":0,"comment_status":"closed","ping_status":"closed","template":"","meta":[],"_links":{"self":[{"href":"https:\/\/www.pkfeyerabend.org\/fr\/wp-json\/wp\/v2\/pages\/2650"}],"collection":[{"href":"https:\/\/www.pkfeyerabend.org\/fr\/wp-json\/wp\/v2\/pages"}],"about":[{"href":"https:\/\/www.pkfeyerabend.org\/fr\/wp-json\/wp\/v2\/types\/page"}],"author":[{"embeddable":true,"href":"https:\/\/www.pkfeyerabend.org\/fr\/wp-json\/wp\/v2\/users\/1"}],"replies":[{"embeddable":true,"href":"https:\/\/www.pkfeyerabend.org\/fr\/wp-json\/wp\/v2\/comments?post=2650"}],"version-history":[{"count":3,"href":"https:\/\/www.pkfeyerabend.org\/fr\/wp-json\/wp\/v2\/pages\/2650\/revisions"}],"predecessor-version":[{"id":2674,"href":"https:\/\/www.pkfeyerabend.org\/fr\/wp-json\/wp\/v2\/pages\/2650\/revisions\/2674"}],"up":[{"embeddable":true,"href":"https:\/\/www.pkfeyerabend.org\/fr\/wp-json\/wp\/v2\/pages\/2271"}],"wp:attachment":[{"href":"https:\/\/www.pkfeyerabend.org\/fr\/wp-json\/wp\/v2\/media?parent=2650"}],"curies":[{"name":"wp","href":"https:\/\/api.w.org\/{rel}","templated":true}]}}