{"id":93,"date":"2013-02-06T22:17:43","date_gmt":"2013-02-06T21:17:43","guid":{"rendered":"https:\/\/pkfeyerabend.org\/?page_id=93"},"modified":"2026-02-06T14:38:32","modified_gmt":"2026-02-06T13:38:32","slug":"objectifs","status":"publish","type":"page","link":"https:\/\/www.pkfeyerabend.org\/fr\/accueil\/objectifs\/","title":{"rendered":"Nos objectifs"},"content":{"rendered":"<p><a href=\"https:\/\/pkfeyerabend.org\/wp-content\/uploads\/2013\/06\/two-people-talking.jpg\"><img decoding=\"async\" loading=\"lazy\" class=\"alignnone size-full wp-image-382\" src=\"https:\/\/pkfeyerabend.org\/wp-content\/uploads\/2013\/06\/two-people-talking.jpg\" alt=\"two-people-talking\" width=\"636\" height=\"300\" srcset=\"https:\/\/www.pkfeyerabend.org\/wp-content\/uploads\/2013\/06\/two-people-talking.jpg 636w, https:\/\/www.pkfeyerabend.org\/wp-content\/uploads\/2013\/06\/two-people-talking-300x141.jpg 300w\" sizes=\"(max-width: 636px) 100vw, 636px\" \/><\/a><\/p>\n<p><strong>Nos objectifs<\/strong><\/p>\n<p>L&rsquo;association porte le nom de <a href=\"https:\/\/www.pkfeyerabend.org\/fr\/paul-k-feyerabend\/\">Paul K. Feyerabend<\/a>, philosophe critique et historien des sciences qui a v\u00e9cu et travaill\u00e9 au XXe si\u00e8cle. Paul Feyerabend \u00e9tait un fervent d\u00e9fenseur de la tol\u00e9rance, de l&#8217;empathie et de la solidarit\u00e9 humaine, des valeurs plus importantes que les \u00ab v\u00e9rit\u00e9s \u00bb trop souvent impos\u00e9es par des individus et des groupes incapables de voir leurs propres pr\u00e9jug\u00e9s et limites. Inspir\u00e9e par ses id\u00e9es, l&rsquo;association s&rsquo;efforce \u00e9galement de suivre son style de travail, en appr\u00e9ciant sinc\u00e8rement la complexit\u00e9 de l&rsquo;exp\u00e9rience humaine et en refusant \u00e0 la fois la tyrannie de la \u00ab Raison \u00bb et l&rsquo;imposition de m\u00e9thodes.<\/p>\n<p>L&rsquo;association Paul K. Feyerabend <strong>promeut la justice sociale, les droits humains, la diversit\u00e9 bioculturelle, l&rsquo;autonomisation et le bien-\u00eatre des communaut\u00e9s humaines par le biais de la solidarit\u00e9 communautaire et de l&rsquo;entraide, ainsi que par la r\u00e9flexion, l&rsquo;organisation et l&rsquo;action collectives.<\/strong><\/p>\n<p>Poursuivant un objectif d&rsquo;int\u00e9r\u00eat public et excluant tout but lucratif ou commercial, l&rsquo;Association \u0153uvre en faveur de la solidarit\u00e9 humaine dans les communaut\u00e9s d\u00e9favoris\u00e9es, en se concentrant sur le renforcement de leurs capacit\u00e9s \u00e0 analyser leur situation et \u00e0 agir de mani\u00e8re autod\u00e9termin\u00e9e. Ces capacit\u00e9s peuvent \u00eatre d\u00e9velopp\u00e9es, renforc\u00e9es et valoris\u00e9es afin d&rsquo;am\u00e9liorer la vie des personnes et de pr\u00e9server leur environnement naturel. L&rsquo;interaction entre l&rsquo;APKF et les communaut\u00e9s les engage dans la solidarit\u00e9 en tant que d\u00e9cideurs et acteurs conjoints, jamais en tant que cibles d&rsquo;initiatives con\u00e7ues ailleurs, en respectant les identit\u00e9s culturelles locales tout en facilitant l&rsquo;analyse critique des principes de toutes les cultures.<\/p>\n<p>Bien que l&rsquo;APKF travaille principalement, mais pas exclusivement, dans les pays du Sud, elle est bien consciente des difficult\u00e9s auxquelles sont actuellement confront\u00e9es les petites organisations de la soci\u00e9t\u00e9 civile qui travaillent en solidarit\u00e9 avec les pays du Sud. En raison de ces difficult\u00e9s, les statuts de l&rsquo;association pr\u00e9cisent que tout versement \u00e0 des pays du Sud sera effectu\u00e9 <em>en partenariat <\/em>avec d&rsquo;autres fondations et associations suisses et europ\u00e9ennes qui partagent les objectifs de l&rsquo;association mais disposent de capacit\u00e9s compl\u00e9mentaires (par exemple, la facilit\u00e9 des relations financi\u00e8res sur la sc\u00e8ne internationale).<\/p>\n<p>L&rsquo;association \u00ab succ\u00e8de \u00bb \u00e0 la Fondation Paul K. Feyerabend, b\u00e9n\u00e9ficiant de son exp\u00e9rience (80 initiatives et 38 prix en 20 ans d&rsquo;activit\u00e9) et de son r\u00e9seau de nominateurs (plus de 200 personnes dans 70 pays). La Fondation Paul K. Feyerabend a \u00e9t\u00e9 contrainte de se dissoudre en 2025, apr\u00e8s que sa banque de longue date ait d\u00e9cid\u00e9 unilat\u00e9ralement de cl\u00f4turer ses comptes dans un d\u00e9lai tr\u00e8s court, sans fournir aucune justification. Pour plus d&rsquo;informations \u00e0 ce sujet, veuillez consulter <a href=\"https:\/\/www.pkfeyerabend.org\/fr\/2026\/01\/28\/la-fondation-paul-k-feyerabend-a-ete-contrainte-de-se-transformer-en-association-paul-k-feyerabend-apkf\/\">cette page<\/a>.<\/p>","protected":false},"excerpt":{"rendered":"<p>Nos objectifs L&rsquo;association porte le nom de Paul K. Feyerabend, philosophe critique et historien des sciences qui a v\u00e9cu et travaill\u00e9 au XXe si\u00e8cle. Paul Feyerabend \u00e9tait un fervent d\u00e9fenseur de la tol\u00e9rance, de l&#8217;empathie et de la solidarit\u00e9 humaine,&#8230;<\/p>\n","protected":false},"author":1,"featured_media":0,"parent":13,"menu_order":0,"comment_status":"open","ping_status":"open","template":"","meta":[],"_links":{"self":[{"href":"https:\/\/www.pkfeyerabend.org\/fr\/wp-json\/wp\/v2\/pages\/93"}],"collection":[{"href":"https:\/\/www.pkfeyerabend.org\/fr\/wp-json\/wp\/v2\/pages"}],"about":[{"href":"https:\/\/www.pkfeyerabend.org\/fr\/wp-json\/wp\/v2\/types\/page"}],"author":[{"embeddable":true,"href":"https:\/\/www.pkfeyerabend.org\/fr\/wp-json\/wp\/v2\/users\/1"}],"replies":[{"embeddable":true,"href":"https:\/\/www.pkfeyerabend.org\/fr\/wp-json\/wp\/v2\/comments?post=93"}],"version-history":[{"count":21,"href":"https:\/\/www.pkfeyerabend.org\/fr\/wp-json\/wp\/v2\/pages\/93\/revisions"}],"predecessor-version":[{"id":3148,"href":"https:\/\/www.pkfeyerabend.org\/fr\/wp-json\/wp\/v2\/pages\/93\/revisions\/3148"}],"up":[{"embeddable":true,"href":"https:\/\/www.pkfeyerabend.org\/fr\/wp-json\/wp\/v2\/pages\/13"}],"wp:attachment":[{"href":"https:\/\/www.pkfeyerabend.org\/fr\/wp-json\/wp\/v2\/media?parent=93"}],"curies":[{"name":"wp","href":"https:\/\/api.w.org\/{rel}","templated":true}]}}