{"id":98,"date":"2013-02-06T22:23:07","date_gmt":"2013-02-06T21:23:07","guid":{"rendered":"https:\/\/pkfeyerabend.org\/?page_id=98"},"modified":"2026-02-06T15:02:32","modified_gmt":"2026-02-06T14:02:32","slug":"soutenir-la-fondation","status":"publish","type":"page","link":"https:\/\/www.pkfeyerabend.org\/fr\/soutenir-la-fondation\/","title":{"rendered":"Un don de solidarit\u00e9 !"},"content":{"rendered":"<p><a href=\"https:\/\/pkfeyerabend.org\/wp-content\/uploads\/2013\/02\/Chilika-lake-Ajit-Patnaik.jpg\"><img decoding=\"async\" loading=\"lazy\" class=\"alignnone size-full wp-image-389\" src=\"https:\/\/pkfeyerabend.org\/wp-content\/uploads\/2013\/02\/Chilika-lake-Ajit-Patnaik.jpg\" alt=\"Chilika-lake-Ajit-Patnaik\" width=\"636\" height=\"269\" srcset=\"https:\/\/www.pkfeyerabend.org\/wp-content\/uploads\/2013\/02\/Chilika-lake-Ajit-Patnaik.jpg 636w, https:\/\/www.pkfeyerabend.org\/wp-content\/uploads\/2013\/02\/Chilika-lake-Ajit-Patnaik-300x126.jpg 300w\" sizes=\"(max-width: 636px) 100vw, 636px\" \/><\/a><\/p>\n<h2>Renforcez la <em>diversit\u00e9 biologique et culturelle<\/em> et la <em>solidarit\u00e9 communautaire<\/em> dans des conditions difficiles partout dans le monde !<\/h2>\n<p><em>L&rsquo;Association Paul K. Feyerabend (APKF) occupe une place unique dans le soutien \u00e0 des initiatives modestes mais d&rsquo;une valeur cruciale. Elle succ\u00e8de \u00e0 la Fondation Paul K. Feyerabend, qui a fonctionn\u00e9 pendant vingt ans et a \u00e9t\u00e9 contrainte de faire don de tous ses actifs en 2025 (<\/em><a href=\"https:\/\/www.pkfeyerabend.org\/en\/2026\/01\/28\/la-fondation-paul-k-feyerabend-a-ete-contrainte-de-se-transformer-en-association-paul-k-feyerabend-apkf\/\"><em>pour en savoir plus, cliquez ici<\/em><\/a><em>). L&rsquo;APKF fait actuellement tout son possible pour reconstituer ses actifs. Nous encourageons les nominateurs et les amis de la fondation \u00e0 l&rsquo;aider \u00e0 collecter des fonds de toutes les mani\u00e8res qu&rsquo;ils jugent appropri\u00e9es. Les petits dons sont les bienvenus, tout comme les dons plus importants <strong>(tous d\u00e9ductibles des revenus en Suisse)<\/strong>, les legs d\u00e9di\u00e9s et les occasions de financement conjoint avec des organisations partageant les m\u00eames id\u00e9es et d&rsquo;autres donateurs. Nous vous remercions d&rsquo;avance !<\/em><\/p>\n<p>Veuillez noter que l&rsquo;APKF est soutenue par <strong>plus de 200 b\u00e9n\u00e9voles<\/strong> &#8211; en tant que responsables, secr\u00e9tariat et nominateurs dans 70 pays &#8211; et n&rsquo;a <strong>aucun frais administratif<\/strong>. Tous ses actifs servent \u00e0 financer des initiatives et des laur\u00e9ats qui d\u00e9fendent la diversit\u00e9 biologique et culturelle et renforcent le bien-\u00eatre, la compr\u00e9hension mutuelle et la collaboration dans les communaut\u00e9s d\u00e9favoris\u00e9es.<\/p>\n<h2>Faites un don de solidarit\u00e9 communautaire !<\/h2>\n<p><strong>Vous pouvez effectuer un virement en euros ou en francs suisses sur un compte bancaire en Suisse. Veuillez <\/strong><a href=\"https:\/\/www.pkfeyerabend.org\/en\/contactez-nous\/\"><strong>nous contacter ici<\/strong><\/a><strong> et nous vous enverrons les coordonn\u00e9es du compte. Vous pouvez \u00e9galement effectuer un virement via votre carte de cr\u00e9dit en cliquant ci-dessous :<\/strong><\/p>\n<div class=\"stripeb\"><div class=\"asp_product_buy_button\"><div class=\"asp-processing-cont\" style=\"display:none;\"><span class=\"asp-processing\">Processing <i>.<\/i><i>.<\/i><i>.<\/i><\/span><\/div><form id=\"asp_ng_form_069d5b312e7c8c\" class=\"asp-stripe-form\" action=\"\"  method=\"POST\"> <input type=\"hidden\" name=\"asp_product_id\" value=\"1754\" \/><div class=\"asp-child-hidden-fields\" style=\"display: none !important;\"><\/div><\/form><div id=\"asp-all-buttons-container-069d5b312e7c8c\" class=\"asp_all_buttons_container\"><div class=\"asp_product_buy_btn_container\"><button id=\"asp_ng_button_069d5b312e7c8c\" type=\"submit\" class=\"wpcf7-submit pkf-stripe-button\" ><span>30CHF<\/span><\/button><\/div><noscript>Stripe Payments n\u00e9cessite que Javascript soit pris en charge par le navigateur pour fonctionner.<\/noscript><\/div><div id=\"asp-btn-spinner-container-069d5b312e7c8c\" class=\"asp-btn-spinner-container\" style=\"display: none !important\"><div class=\"asp-btn-spinner\"><div><\/div><div><\/div><div><\/div><div><\/div><\/div><\/div><script>var asp_data_069d5b312e7c8c = {\"is_live\":true,\"product_id\":1754,\"iframe_url\":\"https:\\\/\\\/www.pkfeyerabend.org\\\/fr\\\/asp-payment-box\\\/?product_id=1754\",\"button_key\":\"746e9e4fa8394e9198420fd2c049c3e6\",\"item_price\":3000,\"quantity\":1,\"custom_quantity\":\"\",\"description\":\"1 X CHF30.00\",\"descrGenerated\":true,\"shipping\":0,\"tax\":0,\"image\":\"\",\"currency\":\"CHF\",\"currency_variable\":\"\",\"locale\":\"auto\",\"name\":\"Don de 30CHF\",\"url\":\"\",\"amount\":3000,\"billingAddress\":false,\"shippingAddress\":false,\"customer_email\":\"\",\"uniq_id\":\"069d5b312e7c8c\",\"variable\":false,\"zeroCents\":[\"JPY\",\"MGA\",\"VND\",\"KRW\"],\"addonHooks\":[\"recaptcha\"],\"button_text\":\"30CHF\",\"out_of_stock\":false,\"stock_control_enabled\":false,\"stock_items\":0,\"currencyFormat\":{\"c\":2,\"d\":\".\",\"t\":\",\",\"s\":\"CHF\",\"pos\":\"left\"},\"displayStr\":{\"tax\":\"%s (tva)\",\"ship\":\"%s (livraison)\"},\"thankyou_page_url\":\"\",\"show_custom_amount_input\":false,\"recaptchaSiteKey\":\"6LelFJ0aAAAAAC9zKfNnSIxawD1ujqfZ66q9BByx\"};if(typeof jQuery!==\"undefined\") {jQuery(document).ready(function() {new stripeHandlerNG(asp_data_069d5b312e7c8c);});} else { if (typeof wpaspInitOnDocReady===\"undefined\") {var wpaspInitOnDocReady=[];} wpaspInitOnDocReady.push(asp_data_069d5b312e7c8c);}<\/script><\/div><\/div>\n<div class=\"stripeb\"><div class=\"asp_product_buy_button\"><div class=\"asp-processing-cont\" style=\"display:none;\"><span class=\"asp-processing\">Processing <i>.<\/i><i>.<\/i><i>.<\/i><\/span><\/div><form id=\"asp_ng_form_169d5b312e9012\" class=\"asp-stripe-form\" action=\"\"  method=\"POST\"> <input type=\"hidden\" name=\"asp_product_id\" value=\"1756\" \/><div class=\"asp-child-hidden-fields\" style=\"display: none !important;\"><\/div><\/form><div id=\"asp-all-buttons-container-169d5b312e9012\" class=\"asp_all_buttons_container\"><div class=\"asp_product_buy_btn_container\"><button id=\"asp_ng_button_169d5b312e9012\" type=\"submit\" class=\"wpcf7-submit pkf-stripe-button\" ><span>50CHF<\/span><\/button><\/div><noscript>Stripe Payments n\u00e9cessite que Javascript soit pris en charge par le navigateur pour fonctionner.<\/noscript><\/div><div id=\"asp-btn-spinner-container-169d5b312e9012\" class=\"asp-btn-spinner-container\" style=\"display: none !important\"><div class=\"asp-btn-spinner\"><div><\/div><div><\/div><div><\/div><div><\/div><\/div><\/div><script>var asp_data_169d5b312e9012 = {\"is_live\":true,\"product_id\":1756,\"iframe_url\":\"https:\\\/\\\/www.pkfeyerabend.org\\\/fr\\\/asp-payment-box\\\/?product_id=1756\",\"button_key\":\"e8ce92e967593c86d0849f25bb8d4a33\",\"item_price\":5000,\"quantity\":1,\"custom_quantity\":\"\",\"description\":\"1 X CHF50.00\",\"descrGenerated\":true,\"shipping\":0,\"tax\":0,\"image\":\"\",\"currency\":\"CHF\",\"currency_variable\":\"\",\"locale\":\"auto\",\"name\":\"Don de 50CHF\",\"url\":\"\",\"amount\":5000,\"billingAddress\":false,\"shippingAddress\":false,\"customer_email\":\"\",\"uniq_id\":\"169d5b312e9012\",\"variable\":false,\"zeroCents\":[\"JPY\",\"MGA\",\"VND\",\"KRW\"],\"addonHooks\":[\"recaptcha\"],\"button_text\":\"50CHF\",\"out_of_stock\":false,\"stock_control_enabled\":false,\"stock_items\":0,\"currencyFormat\":{\"c\":2,\"d\":\".\",\"t\":\",\",\"s\":\"CHF\",\"pos\":\"left\"},\"displayStr\":{\"tax\":\"%s (tva)\",\"ship\":\"%s (livraison)\"},\"thankyou_page_url\":\"\",\"show_custom_amount_input\":false,\"recaptchaSiteKey\":\"6LelFJ0aAAAAAC9zKfNnSIxawD1ujqfZ66q9BByx\"};if(typeof jQuery!==\"undefined\") {jQuery(document).ready(function() {new stripeHandlerNG(asp_data_169d5b312e9012);});} else { if (typeof wpaspInitOnDocReady===\"undefined\") {var wpaspInitOnDocReady=[];} wpaspInitOnDocReady.push(asp_data_169d5b312e9012);}<\/script><\/div><\/div>\n<div class=\"stripeb\"><div class=\"asp_product_buy_button\"><div class=\"asp-processing-cont\" style=\"display:none;\"><span class=\"asp-processing\">Processing <i>.<\/i><i>.<\/i><i>.<\/i><\/span><\/div><form id=\"asp_ng_form_269d5b312e9b0c\" class=\"asp-stripe-form\" action=\"\"  method=\"POST\"> <input type=\"hidden\" name=\"asp_product_id\" value=\"1760\" \/><div class=\"asp-child-hidden-fields\" style=\"display: none !important;\"><\/div><\/form><div id=\"asp-all-buttons-container-269d5b312e9b0c\" class=\"asp_all_buttons_container\"><div class=\"asp_product_buy_btn_container\"><button id=\"asp_ng_button_269d5b312e9b0c\" type=\"submit\" class=\"wpcf7-submit pkf-stripe-button\" ><span>100CHF<\/span><\/button><\/div><noscript>Stripe Payments n\u00e9cessite que Javascript soit pris en charge par le navigateur pour fonctionner.<\/noscript><\/div><div id=\"asp-btn-spinner-container-269d5b312e9b0c\" class=\"asp-btn-spinner-container\" style=\"display: none !important\"><div class=\"asp-btn-spinner\"><div><\/div><div><\/div><div><\/div><div><\/div><\/div><\/div><script>var asp_data_269d5b312e9b0c = {\"is_live\":true,\"product_id\":1760,\"iframe_url\":\"https:\\\/\\\/www.pkfeyerabend.org\\\/fr\\\/asp-payment-box\\\/?product_id=1760\",\"button_key\":\"6799747fe0e2641bd24ea83dd790b707\",\"item_price\":10000,\"quantity\":1,\"custom_quantity\":\"\",\"description\":\"1 X CHF100.00\",\"descrGenerated\":true,\"shipping\":0,\"tax\":0,\"image\":\"\",\"currency\":\"CHF\",\"currency_variable\":\"\",\"locale\":\"auto\",\"name\":\"Don de 100CHF\",\"url\":\"\",\"amount\":10000,\"billingAddress\":false,\"shippingAddress\":false,\"customer_email\":\"\",\"uniq_id\":\"269d5b312e9b0c\",\"variable\":false,\"zeroCents\":[\"JPY\",\"MGA\",\"VND\",\"KRW\"],\"addonHooks\":[\"recaptcha\"],\"button_text\":\"100CHF\",\"out_of_stock\":false,\"stock_control_enabled\":false,\"stock_items\":0,\"currencyFormat\":{\"c\":2,\"d\":\".\",\"t\":\",\",\"s\":\"CHF\",\"pos\":\"left\"},\"displayStr\":{\"tax\":\"%s (tva)\",\"ship\":\"%s (livraison)\"},\"thankyou_page_url\":\"\",\"show_custom_amount_input\":false,\"recaptchaSiteKey\":\"6LelFJ0aAAAAAC9zKfNnSIxawD1ujqfZ66q9BByx\"};if(typeof jQuery!==\"undefined\") {jQuery(document).ready(function() {new stripeHandlerNG(asp_data_269d5b312e9b0c);});} else { if (typeof wpaspInitOnDocReady===\"undefined\") {var wpaspInitOnDocReady=[];} wpaspInitOnDocReady.push(asp_data_269d5b312e9b0c);}<\/script><\/div><\/div>\n<div class=\"stripeb\"><div class=\"asp_product_buy_button\"><div class=\"asp-processing-cont\" style=\"display:none;\"><span class=\"asp-processing\">Processing <i>.<\/i><i>.<\/i><i>.<\/i><\/span><\/div><form id=\"asp_ng_form_369d5b312ea686\" class=\"asp-stripe-form\" action=\"\"  method=\"POST\"> <input type=\"hidden\" name=\"asp_product_id\" value=\"1777\" \/><div class=\"asp-child-hidden-fields\" style=\"display: none !important;\"><\/div><\/form><div id=\"asp-all-buttons-container-369d5b312ea686\" class=\"asp_all_buttons_container\"><div class=\"asp_product_buy_btn_container\"><button id=\"asp_ng_button_369d5b312ea686\" type=\"submit\" class=\"wpcf7-submit pkf-stripe-button\" ><span>Choisissez votre montant<\/span><\/button><\/div><noscript>Stripe Payments n\u00e9cessite que Javascript soit pris en charge par le navigateur pour fonctionner.<\/noscript><\/div><div id=\"asp-btn-spinner-container-369d5b312ea686\" class=\"asp-btn-spinner-container\" style=\"display: none !important\"><div class=\"asp-btn-spinner\"><div><\/div><div><\/div><div><\/div><div><\/div><\/div><\/div><script>var asp_data_369d5b312ea686 = {\"is_live\":true,\"product_id\":1777,\"iframe_url\":\"https:\\\/\\\/www.pkfeyerabend.org\\\/fr\\\/asp-payment-box\\\/?product_id=1777\",\"button_key\":\"8a422e68fd4e2f023c2a25f99050fd14\",\"item_price\":0,\"quantity\":1,\"custom_quantity\":\"\",\"description\":\"\",\"descrGenerated\":false,\"shipping\":0,\"tax\":0,\"image\":\"\",\"currency\":\"CHF\",\"currency_variable\":\"\",\"locale\":\"auto\",\"name\":\"Choisissez votre montant\",\"url\":\"\",\"amount\":0,\"billingAddress\":false,\"shippingAddress\":false,\"customer_email\":\"\",\"uniq_id\":\"369d5b312ea686\",\"variable\":true,\"zeroCents\":[\"JPY\",\"MGA\",\"VND\",\"KRW\"],\"addonHooks\":[\"recaptcha\"],\"button_text\":\"Choisissez votre montant\",\"out_of_stock\":false,\"stock_control_enabled\":false,\"stock_items\":0,\"currencyFormat\":{\"c\":2,\"d\":\".\",\"t\":\",\",\"s\":\"CHF\",\"pos\":\"left\"},\"displayStr\":{\"tax\":\"%s (tva)\",\"ship\":\"%s (livraison)\"},\"thankyou_page_url\":\"\",\"show_custom_amount_input\":false,\"recaptchaSiteKey\":\"6LelFJ0aAAAAAC9zKfNnSIxawD1ujqfZ66q9BByx\"};if(typeof jQuery!==\"undefined\") {jQuery(document).ready(function() {new stripeHandlerNG(asp_data_369d5b312ea686);});} else { if (typeof wpaspInitOnDocReady===\"undefined\") {var wpaspInitOnDocReady=[];} wpaspInitOnDocReady.push(asp_data_369d5b312ea686);}<\/script><\/div><\/div>\n<p>Souhaitez-vous recevoir <strong>un ch\u00e8que-don<\/strong> que vous pourrez remettre \u00e0 votre ou vos destinataires ? Si oui, veuillez <a href=\"https:\/\/www.pkfeyerabend.org\/fr\/contactez-nous\/\">nous contacter<\/a> et nous communiquer le <strong>nom du ou des destinataires<\/strong> que nous ajouterons au <a href=\"https:\/\/www.pkfeyerabend.org\/fr\/soutenir-la-fondation\/tableau-dhonneur-des-soutiens-de-la-solidarite-communautaire\/\"><strong>tableau d&rsquo;honneur<\/strong><\/a> et la ou les <strong>initiatives sp\u00e9cifiques<\/strong>, le cas \u00e9ch\u00e9ant, que nous devrions associer \u00e0 ce ou ces noms. Vous pouvez choisir n&rsquo;importe quelle initiative ou r\u00e9compense d\u00e9crite sur notre site web ou s\u00e9lectionner \u00ab toutes les initiatives et r\u00e9compenses \u00bb. En plus d&rsquo;inscrire les noms sur le tableau d&rsquo;honneur, vous pouvez choisir de recevoir par e-mail une ou plusieurs belles cartes-de-don personnalis\u00e9es avec le(s) nom(s) du\/des destinataire(s).<\/p>","protected":false},"excerpt":{"rendered":"<p>Renforcez la diversit\u00e9 biologique et culturelle et la solidarit\u00e9 communautaire dans des conditions difficiles partout dans le monde ! L&rsquo;Association Paul K. Feyerabend (APKF) occupe une place unique dans le soutien \u00e0 des initiatives modestes mais d&rsquo;une valeur cruciale. Elle&#8230;<\/p>\n","protected":false},"author":1,"featured_media":0,"parent":0,"menu_order":6,"comment_status":"open","ping_status":"open","template":"","meta":[],"_links":{"self":[{"href":"https:\/\/www.pkfeyerabend.org\/fr\/wp-json\/wp\/v2\/pages\/98"}],"collection":[{"href":"https:\/\/www.pkfeyerabend.org\/fr\/wp-json\/wp\/v2\/pages"}],"about":[{"href":"https:\/\/www.pkfeyerabend.org\/fr\/wp-json\/wp\/v2\/types\/page"}],"author":[{"embeddable":true,"href":"https:\/\/www.pkfeyerabend.org\/fr\/wp-json\/wp\/v2\/users\/1"}],"replies":[{"embeddable":true,"href":"https:\/\/www.pkfeyerabend.org\/fr\/wp-json\/wp\/v2\/comments?post=98"}],"version-history":[{"count":39,"href":"https:\/\/www.pkfeyerabend.org\/fr\/wp-json\/wp\/v2\/pages\/98\/revisions"}],"predecessor-version":[{"id":3155,"href":"https:\/\/www.pkfeyerabend.org\/fr\/wp-json\/wp\/v2\/pages\/98\/revisions\/3155"}],"wp:attachment":[{"href":"https:\/\/www.pkfeyerabend.org\/fr\/wp-json\/wp\/v2\/media?parent=98"}],"curies":[{"name":"wp","href":"https:\/\/api.w.org\/{rel}","templated":true}]}}